{"id":4683,"date":"2024-10-08T18:03:11","date_gmt":"2024-10-08T15:03:11","guid":{"rendered":"https:\/\/koraytarim.com\/%d0%bc%d0%be%d1%8f-%d0%b0%d0%ba%d0%b0%d1%83%d0%bd%d1%82\/"},"modified":"2024-10-08T18:03:11","modified_gmt":"2024-10-08T15:03:11","slug":"%d0%bc%d0%be%d1%8f-%d0%b0%d0%ba%d0%b0%d1%83%d0%bd%d1%82","status":"publish","type":"page","link":"https:\/\/koraytarim.com\/bg\/%d0%bc%d0%be%d1%8f-%d0%b0%d0%ba%d0%b0%d1%83%d0%bd%d1%82\/","title":{"rendered":"\u043c\u043e\u044f \u0430\u043a\u0430\u0443\u043d\u0442"},"content":{"rendered":"<div class=\"woocommerce\"><\/div>\n","protected":false},"excerpt":{"rendered":"","protected":false},"author":1,"featured_media":0,"parent":0,"menu_order":99,"comment_status":"closed","ping_status":"closed","template":"","meta":{"footnotes":""},"class_list":["post-4683","page","type-page","status-publish","hentry"],"yoast_head":"<!-- This site is optimized with the Yoast SEO plugin v27.5 - https:\/\/yoast.com\/product\/yoast-seo-wordpress\/ -->\n<title>\u043c\u043e\u044f \u0430\u043a\u0430\u0443\u043d\u0442 - Koray Tar\u0131m \u00dcr\u00fcnleri<\/title>\n<meta name=\"robots\" content=\"index, follow, max-snippet:-1, max-image-preview:large, max-video-preview:-1\" \/>\n<link rel=\"canonical\" href=\"https:\/\/koraytarim.com\/hesabim\/\" \/>\n<meta property=\"og:locale\" content=\"bg_BG\" \/>\n<meta property=\"og:type\" content=\"article\" \/>\n<meta property=\"og:title\" content=\"\u043c\u043e\u044f \u0430\u043a\u0430\u0443\u043d\u0442 - Koray Tar\u0131m \u00dcr\u00fcnleri\" \/>\n<meta property=\"og:url\" content=\"https:\/\/koraytarim.com\/hesabim\/\" \/>\n<meta property=\"og:site_name\" content=\"Koray Tar\u0131m \u00dcr\u00fcnleri\" \/>\n<meta name=\"twitter:card\" content=\"summary_large_image\" \/>\n<script type=\"application\/ld+json\" class=\"yoast-schema-graph\">{\"@context\":\"https:\\\/\\\/schema.org\",\"@graph\":[{\"@type\":\"WebPage\",\"@id\":\"https:\\\/\\\/koraytarim.com\\\/hesabim\\\/\",\"url\":\"https:\\\/\\\/koraytarim.com\\\/hesabim\\\/\",\"name\":\"\u043c\u043e\u044f \u0430\u043a\u0430\u0443\u043d\u0442 - Koray Tar\u0131m \u00dcr\u00fcnleri\",\"isPartOf\":{\"@id\":\"https:\\\/\\\/koraytarim.com\\\/#website\"},\"datePublished\":\"2024-10-08T15:03:11+00:00\",\"breadcrumb\":{\"@id\":\"https:\\\/\\\/koraytarim.com\\\/hesabim\\\/#breadcrumb\"},\"inLanguage\":\"bg-BG\",\"potentialAction\":[{\"@type\":\"ReadAction\",\"target\":[\"https:\\\/\\\/koraytarim.com\\\/hesabim\\\/\"]}]},{\"@type\":\"BreadcrumbList\",\"@id\":\"https:\\\/\\\/koraytarim.com\\\/hesabim\\\/#breadcrumb\",\"itemListElement\":[{\"@type\":\"ListItem\",\"position\":1,\"name\":\"Anasayfa\",\"item\":\"https:\\\/\\\/koraytarim.com\\\/\"},{\"@type\":\"ListItem\",\"position\":2,\"name\":\"\u043c\u043e\u044f \u0430\u043a\u0430\u0443\u043d\u0442\"}]},{\"@type\":\"WebSite\",\"@id\":\"https:\\\/\\\/koraytarim.com\\\/#website\",\"url\":\"https:\\\/\\\/koraytarim.com\\\/\",\"name\":\"Koray Tar\u0131m \u00dcr\u00fcnleri\",\"description\":\"\u00c7ift\u00e7imizin Elinde Bereket Topra\u011f\u0131m\u0131zda Gelecek\",\"potentialAction\":[{\"@type\":\"SearchAction\",\"target\":{\"@type\":\"EntryPoint\",\"urlTemplate\":\"https:\\\/\\\/koraytarim.com\\\/?s={search_term_string}\"},\"query-input\":{\"@type\":\"PropertyValueSpecification\",\"valueRequired\":true,\"valueName\":\"search_term_string\"}}],\"inLanguage\":\"bg-BG\"}]}<\/script>\n<!-- \/ Yoast SEO plugin. -->","yoast_head_json":{"title":"\u043c\u043e\u044f \u0430\u043a\u0430\u0443\u043d\u0442 - Koray Tar\u0131m \u00dcr\u00fcnleri","robots":{"index":"index","follow":"follow","max-snippet":"max-snippet:-1","max-image-preview":"max-image-preview:large","max-video-preview":"max-video-preview:-1"},"canonical":"https:\/\/koraytarim.com\/hesabim\/","og_locale":"bg_BG","og_type":"article","og_title":"\u043c\u043e\u044f \u0430\u043a\u0430\u0443\u043d\u0442 - Koray Tar\u0131m \u00dcr\u00fcnleri","og_url":"https:\/\/koraytarim.com\/hesabim\/","og_site_name":"Koray Tar\u0131m \u00dcr\u00fcnleri","twitter_card":"summary_large_image","schema":{"@context":"https:\/\/schema.org","@graph":[{"@type":"WebPage","@id":"https:\/\/koraytarim.com\/hesabim\/","url":"https:\/\/koraytarim.com\/hesabim\/","name":"\u043c\u043e\u044f \u0430\u043a\u0430\u0443\u043d\u0442 - Koray Tar\u0131m \u00dcr\u00fcnleri","isPartOf":{"@id":"https:\/\/koraytarim.com\/#website"},"datePublished":"2024-10-08T15:03:11+00:00","breadcrumb":{"@id":"https:\/\/koraytarim.com\/hesabim\/#breadcrumb"},"inLanguage":"bg-BG","potentialAction":[{"@type":"ReadAction","target":["https:\/\/koraytarim.com\/hesabim\/"]}]},{"@type":"BreadcrumbList","@id":"https:\/\/koraytarim.com\/hesabim\/#breadcrumb","itemListElement":[{"@type":"ListItem","position":1,"name":"Anasayfa","item":"https:\/\/koraytarim.com\/"},{"@type":"ListItem","position":2,"name":"\u043c\u043e\u044f \u0430\u043a\u0430\u0443\u043d\u0442"}]},{"@type":"WebSite","@id":"https:\/\/koraytarim.com\/#website","url":"https:\/\/koraytarim.com\/","name":"Koray Tar\u0131m \u00dcr\u00fcnleri","description":"\u00c7ift\u00e7imizin Elinde Bereket Topra\u011f\u0131m\u0131zda Gelecek","potentialAction":[{"@type":"SearchAction","target":{"@type":"EntryPoint","urlTemplate":"https:\/\/koraytarim.com\/?s={search_term_string}"},"query-input":{"@type":"PropertyValueSpecification","valueRequired":true,"valueName":"search_term_string"}}],"inLanguage":"bg-BG"}]}},"_links":{"self":[{"href":"https:\/\/koraytarim.com\/bg\/wp-json\/wp\/v2\/pages\/4683","targetHints":{"allow":["GET"]}}],"collection":[{"href":"https:\/\/koraytarim.com\/bg\/wp-json\/wp\/v2\/pages"}],"about":[{"href":"https:\/\/koraytarim.com\/bg\/wp-json\/wp\/v2\/types\/page"}],"author":[{"embeddable":true,"href":"https:\/\/koraytarim.com\/bg\/wp-json\/wp\/v2\/users\/1"}],"replies":[{"embeddable":true,"href":"https:\/\/koraytarim.com\/bg\/wp-json\/wp\/v2\/comments?post=4683"}],"version-history":[{"count":0,"href":"https:\/\/koraytarim.com\/bg\/wp-json\/wp\/v2\/pages\/4683\/revisions"}],"wp:attachment":[{"href":"https:\/\/koraytarim.com\/bg\/wp-json\/wp\/v2\/media?parent=4683"}],"curies":[{"name":"wp","href":"https:\/\/api.w.org\/{rel}","templated":true}]}}