{"id":4583,"date":"2024-10-02T10:39:10","date_gmt":"2024-10-02T07:39:10","guid":{"rendered":"https:\/\/koraytarim.com\/our-services\/seed-sales\/"},"modified":"2024-10-29T08:04:08","modified_gmt":"2024-10-29T05:04:08","slug":"seed-sales","status":"publish","type":"page","link":"https:\/\/koraytarim.com\/en\/our-services\/seed-sales\/","title":{"rendered":"Seed Sales"},"content":{"rendered":"<div class=\"wpb-content-wrapper\">[vc_row et_full_width=\u201dtrue\u201d et_row_padding=\u201dtrue\u201d][vc_column]\n\t\t<div class=\"et-banner-69fb6e937e0b5 et-banner content-full  image-type-fluid has-alt-image text-color-dark hover-effect  \" ><img loading=\"lazy\" decoding=\"async\" width=\"2560\" height=\"800\" src=\"https:\/\/koraytarim.com\/wp-content\/uploads\/2024\/10\/koray_tarim_tohum_satisi.webp\" class=\"et-banner-main-image\" alt=\"\" sizes=\"auto, (max-width: 2560px) 100vw, 2560px\" srcset=\"https:\/\/koraytarim.com\/wp-content\/uploads\/2024\/10\/koray_tarim_tohum_satisi.webp 2560w, https:\/\/koraytarim.com\/wp-content\/uploads\/2024\/10\/koray_tarim_tohum_satisi-600x188.webp 600w, https:\/\/koraytarim.com\/wp-content\/uploads\/2024\/10\/koray_tarim_tohum_satisi-900x281.webp 900w, https:\/\/koraytarim.com\/wp-content\/uploads\/2024\/10\/koray_tarim_tohum_satisi-300x94.webp 300w, https:\/\/koraytarim.com\/wp-content\/uploads\/2024\/10\/koray_tarim_tohum_satisi-1024x320.webp 1024w, https:\/\/koraytarim.com\/wp-content\/uploads\/2024\/10\/koray_tarim_tohum_satisi-768x240.webp 768w, https:\/\/koraytarim.com\/wp-content\/uploads\/2024\/10\/koray_tarim_tohum_satisi-1536x480.webp 1536w, https:\/\/koraytarim.com\/wp-content\/uploads\/2024\/10\/koray_tarim_tohum_satisi-2048x640.webp 2048w, https:\/\/koraytarim.com\/wp-content\/uploads\/2024\/10\/koray_tarim_tohum_satisi-150x47.webp 150w\" \/><img loading=\"lazy\" decoding=\"async\" width=\"1920\" height=\"1350\" src=\"https:\/\/koraytarim.com\/wp-content\/uploads\/2024\/10\/koray_tarim_tohum_satisi_mobil.webp\" class=\"et-banner-alt-image\" alt=\"\" srcset=\"https:\/\/koraytarim.com\/wp-content\/uploads\/2024\/10\/koray_tarim_tohum_satisi_mobil.webp 1920w, https:\/\/koraytarim.com\/wp-content\/uploads\/2024\/10\/koray_tarim_tohum_satisi_mobil-600x422.webp 600w, https:\/\/koraytarim.com\/wp-content\/uploads\/2024\/10\/koray_tarim_tohum_satisi_mobil-900x633.webp 900w, https:\/\/koraytarim.com\/wp-content\/uploads\/2024\/10\/koray_tarim_tohum_satisi_mobil-300x211.webp 300w, https:\/\/koraytarim.com\/wp-content\/uploads\/2024\/10\/koray_tarim_tohum_satisi_mobil-1024x720.webp 1024w, https:\/\/koraytarim.com\/wp-content\/uploads\/2024\/10\/koray_tarim_tohum_satisi_mobil-768x540.webp 768w, https:\/\/koraytarim.com\/wp-content\/uploads\/2024\/10\/koray_tarim_tohum_satisi_mobil-1536x1080.webp 1536w, https:\/\/koraytarim.com\/wp-content\/uploads\/2024\/10\/koray_tarim_tohum_satisi_mobil-150x105.webp 150w\" sizes=\"auto, (max-width: 1920px) 100vw, 1920px\" \/>\n\t\t<\/div>[vc_empty_space][\/vc_column][\/vc_row][vc_row][vc_column][vc_custom_heading source=\u201dpost_title\u201d font_container=\u201dtag:h2|text_align:center\u201d use_theme_fonts=\u201dyes\u201d css=\u201d\u201d][vc_empty_space height=\u201d10px\u201d][vc_column_text css=\u201d\u201d]\n<p style=\"text-align: center;\">Our company purchases all agricultural products produced by our farmers such as barley, wheat, sunflower, corn, onion, safflower and poppy.<br \/>\nWe also supply the seeds of these products produced in our region.<\/p>\n[\/vc_column_text][vc_empty_space][\/vc_column][\/vc_row][vc_row][vc_column][vc_empty_space]\t  <div class=\"regular-padding row masonry variable-height et-portfolio et-portfolio-layout-grid et-portfolio-style-regular\" data-loadmore=\"#loadmore-557\">\n  \t\t<div class=\"item type-portfolio aspect-ratio-original  cat-tohum-urun-gruplarimiz col-12 col-md-4 col-lg-3 post-4049 portfolio status-publish has-post-thumbnail hentry portfolio-category-tohum-urun-gruplarimiz\" id=\"portfolio-4049\">\t\n\t<div class=\"portfolio-holder masonry-items-holder \">\n\t\t<div class=\"et-portfolio-image\">\n\t\t\t<img loading=\"lazy\" decoding=\"async\" width=\"768\" height=\"666\" src=\"https:\/\/koraytarim.com\/wp-content\/uploads\/2024\/10\/koray_tarim_Ay_cicegi_tohumlari-768x666.webp\" class=\"attachment-medium_large size-medium_large wp-post-image\" alt=\"\" srcset=\"https:\/\/koraytarim.com\/wp-content\/uploads\/2024\/10\/koray_tarim_Ay_cicegi_tohumlari-768x666.webp 768w, https:\/\/koraytarim.com\/wp-content\/uploads\/2024\/10\/koray_tarim_Ay_cicegi_tohumlari-300x260.webp 300w, https:\/\/koraytarim.com\/wp-content\/uploads\/2024\/10\/koray_tarim_Ay_cicegi_tohumlari-1024x887.webp 1024w, https:\/\/koraytarim.com\/wp-content\/uploads\/2024\/10\/koray_tarim_Ay_cicegi_tohumlari-150x130.webp 150w, https:\/\/koraytarim.com\/wp-content\/uploads\/2024\/10\/koray_tarim_Ay_cicegi_tohumlari-600x520.webp 600w, https:\/\/koraytarim.com\/wp-content\/uploads\/2024\/10\/koray_tarim_Ay_cicegi_tohumlari-900x780.webp 900w, https:\/\/koraytarim.com\/wp-content\/uploads\/2024\/10\/koray_tarim_Ay_cicegi_tohumlari.webp 1500w\" sizes=\"auto, (max-width: 768px) 100vw, 768px\" \/>\t\t\t<div class=\"et-portfolio-hover\"><\/div>\n\t\t<\/div>\n\t\t<a href=\"https:\/\/koraytarim.com\/en\/hizmetler\/aycicegi-tohumlarimiz\/\" class=\"et-portfolio-link\"><\/a>\n\t\t<div class=\"et-portfolio-content\">\n\t\t\t<aside class=\"et-portfolio-categories post-categories\">Tohum \u00dcr\u00fcn Gruplar\u0131m\u0131z<\/aside>\n\t\t\t<h3>Ay\u00e7i\u00e7e\u011fi Tohumlar\u0131m\u0131z<\/h3>\n\t\t<\/div>\n\t<\/div>\n<\/div><div class=\"item type-portfolio aspect-ratio-original  cat-tohum-urun-gruplarimiz col-12 col-md-4 col-lg-3 post-3736 portfolio status-publish has-post-thumbnail hentry portfolio-category-tohum-urun-gruplarimiz\" id=\"portfolio-3736\">\t\n\t<div class=\"portfolio-holder masonry-items-holder \">\n\t\t<div class=\"et-portfolio-image\">\n\t\t\t<img loading=\"lazy\" decoding=\"async\" width=\"768\" height=\"666\" src=\"https:\/\/koraytarim.com\/wp-content\/uploads\/2024\/10\/koray_tarim_arpa_tohumlarimiz-768x666.webp\" class=\"attachment-medium_large size-medium_large wp-post-image\" alt=\"\" srcset=\"https:\/\/koraytarim.com\/wp-content\/uploads\/2024\/10\/koray_tarim_arpa_tohumlarimiz-768x666.webp 768w, https:\/\/koraytarim.com\/wp-content\/uploads\/2024\/10\/koray_tarim_arpa_tohumlarimiz-300x260.webp 300w, https:\/\/koraytarim.com\/wp-content\/uploads\/2024\/10\/koray_tarim_arpa_tohumlarimiz-1024x887.webp 1024w, https:\/\/koraytarim.com\/wp-content\/uploads\/2024\/10\/koray_tarim_arpa_tohumlarimiz-150x130.webp 150w, https:\/\/koraytarim.com\/wp-content\/uploads\/2024\/10\/koray_tarim_arpa_tohumlarimiz-600x520.webp 600w, https:\/\/koraytarim.com\/wp-content\/uploads\/2024\/10\/koray_tarim_arpa_tohumlarimiz-900x780.webp 900w, https:\/\/koraytarim.com\/wp-content\/uploads\/2024\/10\/koray_tarim_arpa_tohumlarimiz.webp 1500w\" sizes=\"auto, (max-width: 768px) 100vw, 768px\" \/>\t\t\t<div class=\"et-portfolio-hover\"><\/div>\n\t\t<\/div>\n\t\t<a href=\"https:\/\/koraytarim.com\/en\/hizmetler\/arpa-tohumlarimiz\/\" class=\"et-portfolio-link\"><\/a>\n\t\t<div class=\"et-portfolio-content\">\n\t\t\t<aside class=\"et-portfolio-categories post-categories\">Tohum \u00dcr\u00fcn Gruplar\u0131m\u0131z<\/aside>\n\t\t\t<h3>Arpa Tohumlar\u0131m\u0131z<\/h3>\n\t\t<\/div>\n\t<\/div>\n<\/div><div class=\"item type-portfolio aspect-ratio-original  cat-tohum-urun-gruplarimiz col-12 col-md-4 col-lg-3 post-3721 portfolio status-publish has-post-thumbnail hentry portfolio-category-tohum-urun-gruplarimiz\" id=\"portfolio-3721\">\t\n\t<div class=\"portfolio-holder masonry-items-holder \">\n\t\t<div class=\"et-portfolio-image\">\n\t\t\t<img loading=\"lazy\" decoding=\"async\" width=\"768\" height=\"666\" src=\"https:\/\/koraytarim.com\/wp-content\/uploads\/2024\/10\/koray_tarim_misir_tohumlari-768x666.webp\" class=\"attachment-medium_large size-medium_large wp-post-image\" alt=\"\" srcset=\"https:\/\/koraytarim.com\/wp-content\/uploads\/2024\/10\/koray_tarim_misir_tohumlari-768x666.webp 768w, https:\/\/koraytarim.com\/wp-content\/uploads\/2024\/10\/koray_tarim_misir_tohumlari-300x260.webp 300w, https:\/\/koraytarim.com\/wp-content\/uploads\/2024\/10\/koray_tarim_misir_tohumlari-1024x887.webp 1024w, https:\/\/koraytarim.com\/wp-content\/uploads\/2024\/10\/koray_tarim_misir_tohumlari-150x130.webp 150w, https:\/\/koraytarim.com\/wp-content\/uploads\/2024\/10\/koray_tarim_misir_tohumlari-600x520.webp 600w, https:\/\/koraytarim.com\/wp-content\/uploads\/2024\/10\/koray_tarim_misir_tohumlari-900x780.webp 900w, https:\/\/koraytarim.com\/wp-content\/uploads\/2024\/10\/koray_tarim_misir_tohumlari.webp 1500w\" sizes=\"auto, (max-width: 768px) 100vw, 768px\" \/>\t\t\t<div class=\"et-portfolio-hover\"><\/div>\n\t\t<\/div>\n\t\t<a href=\"https:\/\/koraytarim.com\/en\/hizmetler\/misir-tohumlarimiz\/\" class=\"et-portfolio-link\"><\/a>\n\t\t<div class=\"et-portfolio-content\">\n\t\t\t<aside class=\"et-portfolio-categories post-categories\">Tohum \u00dcr\u00fcn Gruplar\u0131m\u0131z<\/aside>\n\t\t\t<h3>M\u0131s\u0131r Tohumlar\u0131m\u0131z<\/h3>\n\t\t<\/div>\n\t<\/div>\n<\/div><div class=\"item type-portfolio aspect-ratio-original  cat-tohum-urun-gruplarimiz col-12 col-md-4 col-lg-3 post-3720 portfolio status-publish has-post-thumbnail hentry portfolio-category-tohum-urun-gruplarimiz\" id=\"portfolio-3720\">\t\n\t<div class=\"portfolio-holder masonry-items-holder \">\n\t\t<div class=\"et-portfolio-image\">\n\t\t\t<img loading=\"lazy\" decoding=\"async\" width=\"768\" height=\"666\" src=\"https:\/\/koraytarim.com\/wp-content\/uploads\/2024\/10\/koray_tarim_bugday_tohumlarimiz-768x666.webp\" class=\"attachment-medium_large size-medium_large wp-post-image\" alt=\"\" srcset=\"https:\/\/koraytarim.com\/wp-content\/uploads\/2024\/10\/koray_tarim_bugday_tohumlarimiz-768x666.webp 768w, https:\/\/koraytarim.com\/wp-content\/uploads\/2024\/10\/koray_tarim_bugday_tohumlarimiz-300x260.webp 300w, https:\/\/koraytarim.com\/wp-content\/uploads\/2024\/10\/koray_tarim_bugday_tohumlarimiz-1024x887.webp 1024w, https:\/\/koraytarim.com\/wp-content\/uploads\/2024\/10\/koray_tarim_bugday_tohumlarimiz-150x130.webp 150w, https:\/\/koraytarim.com\/wp-content\/uploads\/2024\/10\/koray_tarim_bugday_tohumlarimiz-600x520.webp 600w, https:\/\/koraytarim.com\/wp-content\/uploads\/2024\/10\/koray_tarim_bugday_tohumlarimiz-900x780.webp 900w, https:\/\/koraytarim.com\/wp-content\/uploads\/2024\/10\/koray_tarim_bugday_tohumlarimiz.webp 1500w\" sizes=\"auto, (max-width: 768px) 100vw, 768px\" \/>\t\t\t<div class=\"et-portfolio-hover\"><\/div>\n\t\t<\/div>\n\t\t<a href=\"https:\/\/koraytarim.com\/en\/hizmetler\/bugday-tohumlarimiz\/\" class=\"et-portfolio-link\"><\/a>\n\t\t<div class=\"et-portfolio-content\">\n\t\t\t<aside class=\"et-portfolio-categories post-categories\">Tohum \u00dcr\u00fcn Gruplar\u0131m\u0131z<\/aside>\n\t\t\t<h3>Bu\u011fday Tohumlar\u0131m\u0131z<\/h3>\n\t\t<\/div>\n\t<\/div>\n<\/div>\t<\/div>\n\t\n\t[\/vc_column][\/vc_row][vc_row][vc_column][vc_empty_space height=\u201d72px\u201d][\/vc_column][\/vc_row][vc_row][vc_column width=\u201d1\/4\u2033][vc_separator color=\u201dcustom\u201d css=\u201d\u201d accent_color=\u201d#B9A16B\u201d][vc_empty_space][\/vc_column][vc_column width=\u201d1\/2\u2033][vc_single_image image=\u201d3662\u2033 img_size=\u201dmedium\u201d alignment=\u201dcenter\u201d css=\u201d\u201d][\/vc_column][vc_column width=\u201d1\/4\u2033][vc_empty_space][vc_separator color=\u201dcustom\u201d css=\u201d\u201d accent_color=\u201d#B9A16B\u201d][\/vc_column][\/vc_row][vc_row][vc_column][vc_empty_space][vc_row_inner][vc_column_inner][vc_column_text css=\u201d\u201d]\n<p style=\"text-align: center;\">It is an agricultural company that aims to meet the needs of its customers in the best way with its expert staff and experience in the sector. It has become a reliable brand in a short time with its approach focused on quality and customer satisfaction. Our main goal is to respond to our customers\u2019 demands and ensure the sustainable success of our business by providing them with the highest quality products and services.<\/p>\n[\/vc_column_text][\/vc_column_inner][\/vc_row_inner][\/vc_column][\/vc_row]\n<\/div>","protected":false},"excerpt":{"rendered":"<p>[vc_row et_full_width=\u201dtrue\u201d et_row_padding=\u201dtrue\u201d][vc_column][vc_empty_space][\/vc_column][\/vc_row][vc_row][vc_column][vc_custom_heading source=\u201dpost_title\u201d font_container=\u201dtag:h2|text_align:center\u201d use_theme_fonts=\u201dyes\u201d css=\u201d\u201d][vc_empty_space height=\u201d10px\u201d][vc_column_text css=\u201d\u201d] Our company purchases all agricultural products produced by our farmers such as barley, wheat, sunflower, corn, onion, safflower and poppy. We also supply the seeds of these products produced in our region. [\/vc_column_text][vc_empty_space][\/vc_column][\/vc_row][vc_row][vc_column][vc_empty_space][\/vc_column][\/vc_row][vc_row][vc_column][vc_empty_space height=\u201d72px\u201d][\/vc_column][\/vc_row][vc_row][vc_column width=\u201d1\/4\u2033][vc_separator color=\u201dcustom\u201d css=\u201d\u201d accent_color=\u201d#B9A16B\u201d][vc_empty_space][\/vc_column][vc_column width=\u201d1\/2\u2033][vc_single_image image=\u201d3662\u2033 img_size=\u201dmedium\u201d [&hellip;]<\/p>\n","protected":false},"author":1,"featured_media":0,"parent":4568,"menu_order":0,"comment_status":"closed","ping_status":"closed","template":"","meta":{"footnotes":""},"class_list":["post-4583","page","type-page","status-publish","hentry"],"yoast_head":"<!-- This site is optimized with the Yoast SEO plugin v27.5 - https:\/\/yoast.com\/product\/yoast-seo-wordpress\/ -->\n<title>Seed Sales - Koray Tar\u0131m \u00dcr\u00fcnleri<\/title>\n<meta name=\"robots\" content=\"index, follow, max-snippet:-1, max-image-preview:large, max-video-preview:-1\" \/>\n<link rel=\"canonical\" href=\"https:\/\/koraytarim.com\/hizmetlerimiz\/tohum-satisi\/\" \/>\n<meta property=\"og:locale\" content=\"en_US\" \/>\n<meta property=\"og:type\" content=\"article\" \/>\n<meta property=\"og:title\" content=\"Seed Sales - Koray Tar\u0131m \u00dcr\u00fcnleri\" \/>\n<meta property=\"og:description\" content=\"[vc_row et_full_width=\u201dtrue\u201d et_row_padding=\u201dtrue\u201d][vc_column][vc_empty_space][\/vc_column][\/vc_row][vc_row][vc_column][vc_custom_heading source=\u201dpost_title\u201d font_container=\u201dtag:h2|text_align:center\u201d use_theme_fonts=\u201dyes\u201d css=\u201d\u201d][vc_empty_space height=\u201d10px\u201d][vc_column_text css=\u201d\u201d] Our company purchases all agricultural products produced by our farmers such as barley, wheat, sunflower, corn, onion, safflower and poppy. We also supply the seeds of these products produced in our region. [\/vc_column_text][vc_empty_space][\/vc_column][\/vc_row][vc_row][vc_column][vc_empty_space][\/vc_column][\/vc_row][vc_row][vc_column][vc_empty_space height=\u201d72px\u201d][\/vc_column][\/vc_row][vc_row][vc_column width=\u201d1\/4\u2033][vc_separator color=\u201dcustom\u201d css=\u201d\u201d accent_color=\u201d#B9A16B\u201d][vc_empty_space][\/vc_column][vc_column width=\u201d1\/2\u2033][vc_single_image image=\u201d3662\u2033 img_size=\u201dmedium\u201d [&hellip;]\" \/>\n<meta property=\"og:url\" content=\"https:\/\/koraytarim.com\/hizmetlerimiz\/tohum-satisi\/\" \/>\n<meta property=\"og:site_name\" content=\"Koray Tar\u0131m \u00dcr\u00fcnleri\" \/>\n<meta property=\"article:modified_time\" content=\"2024-10-29T05:04:08+00:00\" \/>\n<meta name=\"twitter:card\" content=\"summary_large_image\" \/>\n<meta name=\"twitter:label1\" content=\"Est. reading time\" \/>\n\t<meta name=\"twitter:data1\" content=\"1 minute\" \/>\n<script type=\"application\/ld+json\" class=\"yoast-schema-graph\">{\"@context\":\"https:\\\/\\\/schema.org\",\"@graph\":[{\"@type\":\"WebPage\",\"@id\":\"https:\\\/\\\/koraytarim.com\\\/hizmetlerimiz\\\/tohum-satisi\\\/\",\"url\":\"https:\\\/\\\/koraytarim.com\\\/hizmetlerimiz\\\/tohum-satisi\\\/\",\"name\":\"Seed Sales - Koray Tar\u0131m \u00dcr\u00fcnleri\",\"isPartOf\":{\"@id\":\"https:\\\/\\\/koraytarim.com\\\/#website\"},\"datePublished\":\"2024-10-02T07:39:10+00:00\",\"dateModified\":\"2024-10-29T05:04:08+00:00\",\"breadcrumb\":{\"@id\":\"https:\\\/\\\/koraytarim.com\\\/hizmetlerimiz\\\/tohum-satisi\\\/#breadcrumb\"},\"inLanguage\":\"en-US\",\"potentialAction\":[{\"@type\":\"ReadAction\",\"target\":[\"https:\\\/\\\/koraytarim.com\\\/hizmetlerimiz\\\/tohum-satisi\\\/\"]}]},{\"@type\":\"BreadcrumbList\",\"@id\":\"https:\\\/\\\/koraytarim.com\\\/hizmetlerimiz\\\/tohum-satisi\\\/#breadcrumb\",\"itemListElement\":[{\"@type\":\"ListItem\",\"position\":1,\"name\":\"Anasayfa\",\"item\":\"https:\\\/\\\/koraytarim.com\\\/\"},{\"@type\":\"ListItem\",\"position\":2,\"name\":\"Our Services\",\"item\":\"https:\\\/\\\/koraytarim.com\\\/hizmetlerimiz\\\/\"},{\"@type\":\"ListItem\",\"position\":3,\"name\":\"Seed Sales\"}]},{\"@type\":\"WebSite\",\"@id\":\"https:\\\/\\\/koraytarim.com\\\/#website\",\"url\":\"https:\\\/\\\/koraytarim.com\\\/\",\"name\":\"Koray Tar\u0131m \u00dcr\u00fcnleri\",\"description\":\"\u00c7ift\u00e7imizin Elinde Bereket Topra\u011f\u0131m\u0131zda Gelecek\",\"potentialAction\":[{\"@type\":\"SearchAction\",\"target\":{\"@type\":\"EntryPoint\",\"urlTemplate\":\"https:\\\/\\\/koraytarim.com\\\/?s={search_term_string}\"},\"query-input\":{\"@type\":\"PropertyValueSpecification\",\"valueRequired\":true,\"valueName\":\"search_term_string\"}}],\"inLanguage\":\"en-US\"}]}<\/script>\n<!-- \/ Yoast SEO plugin. -->","yoast_head_json":{"title":"Seed Sales - Koray Tar\u0131m \u00dcr\u00fcnleri","robots":{"index":"index","follow":"follow","max-snippet":"max-snippet:-1","max-image-preview":"max-image-preview:large","max-video-preview":"max-video-preview:-1"},"canonical":"https:\/\/koraytarim.com\/hizmetlerimiz\/tohum-satisi\/","og_locale":"en_US","og_type":"article","og_title":"Seed Sales - Koray Tar\u0131m \u00dcr\u00fcnleri","og_description":"[vc_row et_full_width=\u201dtrue\u201d et_row_padding=\u201dtrue\u201d][vc_column][vc_empty_space][\/vc_column][\/vc_row][vc_row][vc_column][vc_custom_heading source=\u201dpost_title\u201d font_container=\u201dtag:h2|text_align:center\u201d use_theme_fonts=\u201dyes\u201d css=\u201d\u201d][vc_empty_space height=\u201d10px\u201d][vc_column_text css=\u201d\u201d] Our company purchases all agricultural products produced by our farmers such as barley, wheat, sunflower, corn, onion, safflower and poppy. We also supply the seeds of these products produced in our region. [\/vc_column_text][vc_empty_space][\/vc_column][\/vc_row][vc_row][vc_column][vc_empty_space][\/vc_column][\/vc_row][vc_row][vc_column][vc_empty_space height=\u201d72px\u201d][\/vc_column][\/vc_row][vc_row][vc_column width=\u201d1\/4\u2033][vc_separator color=\u201dcustom\u201d css=\u201d\u201d accent_color=\u201d#B9A16B\u201d][vc_empty_space][\/vc_column][vc_column width=\u201d1\/2\u2033][vc_single_image image=\u201d3662\u2033 img_size=\u201dmedium\u201d [&hellip;]","og_url":"https:\/\/koraytarim.com\/hizmetlerimiz\/tohum-satisi\/","og_site_name":"Koray Tar\u0131m \u00dcr\u00fcnleri","article_modified_time":"2024-10-29T05:04:08+00:00","twitter_card":"summary_large_image","twitter_misc":{"Est. reading time":"1 minute"},"schema":{"@context":"https:\/\/schema.org","@graph":[{"@type":"WebPage","@id":"https:\/\/koraytarim.com\/hizmetlerimiz\/tohum-satisi\/","url":"https:\/\/koraytarim.com\/hizmetlerimiz\/tohum-satisi\/","name":"Seed Sales - Koray Tar\u0131m \u00dcr\u00fcnleri","isPartOf":{"@id":"https:\/\/koraytarim.com\/#website"},"datePublished":"2024-10-02T07:39:10+00:00","dateModified":"2024-10-29T05:04:08+00:00","breadcrumb":{"@id":"https:\/\/koraytarim.com\/hizmetlerimiz\/tohum-satisi\/#breadcrumb"},"inLanguage":"en-US","potentialAction":[{"@type":"ReadAction","target":["https:\/\/koraytarim.com\/hizmetlerimiz\/tohum-satisi\/"]}]},{"@type":"BreadcrumbList","@id":"https:\/\/koraytarim.com\/hizmetlerimiz\/tohum-satisi\/#breadcrumb","itemListElement":[{"@type":"ListItem","position":1,"name":"Anasayfa","item":"https:\/\/koraytarim.com\/"},{"@type":"ListItem","position":2,"name":"Our Services","item":"https:\/\/koraytarim.com\/hizmetlerimiz\/"},{"@type":"ListItem","position":3,"name":"Seed Sales"}]},{"@type":"WebSite","@id":"https:\/\/koraytarim.com\/#website","url":"https:\/\/koraytarim.com\/","name":"Koray Tar\u0131m \u00dcr\u00fcnleri","description":"\u00c7ift\u00e7imizin Elinde Bereket Topra\u011f\u0131m\u0131zda Gelecek","potentialAction":[{"@type":"SearchAction","target":{"@type":"EntryPoint","urlTemplate":"https:\/\/koraytarim.com\/?s={search_term_string}"},"query-input":{"@type":"PropertyValueSpecification","valueRequired":true,"valueName":"search_term_string"}}],"inLanguage":"en-US"}]}},"_links":{"self":[{"href":"https:\/\/koraytarim.com\/en\/wp-json\/wp\/v2\/pages\/4583","targetHints":{"allow":["GET"]}}],"collection":[{"href":"https:\/\/koraytarim.com\/en\/wp-json\/wp\/v2\/pages"}],"about":[{"href":"https:\/\/koraytarim.com\/en\/wp-json\/wp\/v2\/types\/page"}],"author":[{"embeddable":true,"href":"https:\/\/koraytarim.com\/en\/wp-json\/wp\/v2\/users\/1"}],"replies":[{"embeddable":true,"href":"https:\/\/koraytarim.com\/en\/wp-json\/wp\/v2\/comments?post=4583"}],"version-history":[{"count":2,"href":"https:\/\/koraytarim.com\/en\/wp-json\/wp\/v2\/pages\/4583\/revisions"}],"predecessor-version":[{"id":4585,"href":"https:\/\/koraytarim.com\/en\/wp-json\/wp\/v2\/pages\/4583\/revisions\/4585"}],"up":[{"embeddable":true,"href":"https:\/\/koraytarim.com\/en\/wp-json\/wp\/v2\/pages\/4568"}],"wp:attachment":[{"href":"https:\/\/koraytarim.com\/en\/wp-json\/wp\/v2\/media?parent=4583"}],"curies":[{"name":"wp","href":"https:\/\/api.w.org\/{rel}","templated":true}]}}