{"id":4588,"date":"2024-10-02T10:41:37","date_gmt":"2024-10-02T07:41:37","guid":{"rendered":"https:\/\/koraytarim.com\/our-services\/screening-and-packaging\/"},"modified":"2024-10-29T08:19:00","modified_gmt":"2024-10-29T05:19:00","slug":"screening-and-packaging","status":"publish","type":"page","link":"https:\/\/koraytarim.com\/en\/our-services\/screening-and-packaging\/","title":{"rendered":"Screening and Packaging"},"content":{"rendered":"<div class=\"wpb-content-wrapper\">[vc_row et_full_width=\u201dtrue\u201d et_row_padding=\u201dtrue\u201d][vc_column]\n\t\t<div class=\"et-banner-69fb6d35b7251 et-banner content-full  image-type-fluid has-alt-image text-color-dark hover-effect  \" ><img loading=\"lazy\" decoding=\"async\" width=\"2560\" height=\"800\" src=\"https:\/\/koraytarim.com\/wp-content\/uploads\/2024\/10\/koray_tarim_hubuat_eleme_ve_paketleme_1.webp\" class=\"et-banner-main-image\" alt=\"\" sizes=\"auto, (max-width: 2560px) 100vw, 2560px\" srcset=\"https:\/\/koraytarim.com\/wp-content\/uploads\/2024\/10\/koray_tarim_hubuat_eleme_ve_paketleme_1.webp 2560w, https:\/\/koraytarim.com\/wp-content\/uploads\/2024\/10\/koray_tarim_hubuat_eleme_ve_paketleme_1-300x94.webp 300w, https:\/\/koraytarim.com\/wp-content\/uploads\/2024\/10\/koray_tarim_hubuat_eleme_ve_paketleme_1-1024x320.webp 1024w, https:\/\/koraytarim.com\/wp-content\/uploads\/2024\/10\/koray_tarim_hubuat_eleme_ve_paketleme_1-768x240.webp 768w, https:\/\/koraytarim.com\/wp-content\/uploads\/2024\/10\/koray_tarim_hubuat_eleme_ve_paketleme_1-1536x480.webp 1536w, https:\/\/koraytarim.com\/wp-content\/uploads\/2024\/10\/koray_tarim_hubuat_eleme_ve_paketleme_1-2048x640.webp 2048w, https:\/\/koraytarim.com\/wp-content\/uploads\/2024\/10\/koray_tarim_hubuat_eleme_ve_paketleme_1-150x47.webp 150w, https:\/\/koraytarim.com\/wp-content\/uploads\/2024\/10\/koray_tarim_hubuat_eleme_ve_paketleme_1-600x188.webp 600w, https:\/\/koraytarim.com\/wp-content\/uploads\/2024\/10\/koray_tarim_hubuat_eleme_ve_paketleme_1-900x281.webp 900w\" \/><img loading=\"lazy\" decoding=\"async\" width=\"1920\" height=\"1350\" src=\"https:\/\/koraytarim.com\/wp-content\/uploads\/2024\/10\/koray_tarim_hubuat_eleme_ve_paketleme_1_mobil.webp\" class=\"et-banner-alt-image\" alt=\"\" srcset=\"https:\/\/koraytarim.com\/wp-content\/uploads\/2024\/10\/koray_tarim_hubuat_eleme_ve_paketleme_1_mobil.webp 1920w, https:\/\/koraytarim.com\/wp-content\/uploads\/2024\/10\/koray_tarim_hubuat_eleme_ve_paketleme_1_mobil-300x211.webp 300w, https:\/\/koraytarim.com\/wp-content\/uploads\/2024\/10\/koray_tarim_hubuat_eleme_ve_paketleme_1_mobil-1024x720.webp 1024w, https:\/\/koraytarim.com\/wp-content\/uploads\/2024\/10\/koray_tarim_hubuat_eleme_ve_paketleme_1_mobil-768x540.webp 768w, https:\/\/koraytarim.com\/wp-content\/uploads\/2024\/10\/koray_tarim_hubuat_eleme_ve_paketleme_1_mobil-1536x1080.webp 1536w, https:\/\/koraytarim.com\/wp-content\/uploads\/2024\/10\/koray_tarim_hubuat_eleme_ve_paketleme_1_mobil-150x105.webp 150w, https:\/\/koraytarim.com\/wp-content\/uploads\/2024\/10\/koray_tarim_hubuat_eleme_ve_paketleme_1_mobil-600x422.webp 600w, https:\/\/koraytarim.com\/wp-content\/uploads\/2024\/10\/koray_tarim_hubuat_eleme_ve_paketleme_1_mobil-900x633.webp 900w\" sizes=\"auto, (max-width: 1920px) 100vw, 1920px\" \/>\n\t\t<\/div>[vc_empty_space][\/vc_column][\/vc_row][vc_row][vc_column width=\u201d1\/2\u2033][vc_custom_heading source=\u201dpost_title\u201d font_container=\u201dtag:h1|text_align:left\u201d use_theme_fonts=\u201dyes\u201d css_animation=\u201dbottom-to-top\u201d css=\u201d\u201d][vc_empty_space][vc_column_text css=\u201d\u201d]We meticulously process the grains brought by our farmers for planting with our state-of-the-art seed screening (selectoring) machine. While our automatic system separates all foreign materials, stones, soil and other unwanted elements, we also effectively disinfect the seeds to make them healthy and high-quality. At the last stage, we load the packaged products into our farmers\u2019 vehicles and send them off safely. In this way, we complete all the pre-planting processes of our farmers in the most efficient and professional way.   [\/vc_column_text][vc_empty_space][\/vc_column][vc_column width=\u201d1\/2\u2033]\t<div class=\"et-image-473 et-image     et_image_link\">\n\t\t<div class=\"et-image-inner \">\n\t\t\t\t\t\t\t<div class=\"et-image-thumb \">\n\t\t\t\t\t<img loading=\"lazy\" decoding=\"async\" width=\"2560\" height=\"1440\" src=\"https:\/\/koraytarim.com\/wp-content\/uploads\/2024\/10\/koray_tarim_eleme_paketleme_hizmetleri_-scaled.webp\" class=\"attachment-full\" alt=\"\" title=\"koray_tarim_eleme_paketleme_hizmetleri_\" srcset=\"https:\/\/koraytarim.com\/wp-content\/uploads\/2024\/10\/koray_tarim_eleme_paketleme_hizmetleri_-scaled.webp 2560w, https:\/\/koraytarim.com\/wp-content\/uploads\/2024\/10\/koray_tarim_eleme_paketleme_hizmetleri_-300x169.webp 300w, https:\/\/koraytarim.com\/wp-content\/uploads\/2024\/10\/koray_tarim_eleme_paketleme_hizmetleri_-1024x576.webp 1024w, https:\/\/koraytarim.com\/wp-content\/uploads\/2024\/10\/koray_tarim_eleme_paketleme_hizmetleri_-768x432.webp 768w, https:\/\/koraytarim.com\/wp-content\/uploads\/2024\/10\/koray_tarim_eleme_paketleme_hizmetleri_-1536x864.webp 1536w, https:\/\/koraytarim.com\/wp-content\/uploads\/2024\/10\/koray_tarim_eleme_paketleme_hizmetleri_-2048x1152.webp 2048w, https:\/\/koraytarim.com\/wp-content\/uploads\/2024\/10\/koray_tarim_eleme_paketleme_hizmetleri_-150x84.webp 150w, https:\/\/koraytarim.com\/wp-content\/uploads\/2024\/10\/koray_tarim_eleme_paketleme_hizmetleri_-600x338.webp 600w, https:\/\/koraytarim.com\/wp-content\/uploads\/2024\/10\/koray_tarim_eleme_paketleme_hizmetleri_-900x506.webp 900w\" sizes=\"auto, (max-width: 2560px) 100vw, 2560px\" \/>\t\t\t\t<\/div>\n\t\t\t\t\t\t\t\t\t\t\t<\/div>\n\t<\/div>\n  [vc_empty_space]\t\t<div id=\"et-button-69fb6d35b7ed0\" class=\"et_btn_align_full animation left-to-right\">\n\t\t\t<a href=\"https:\/\/wa.me\/905418281731?text=Hizmetleriniz%20Hakk\u0131nda%20Bilgi%20Almak%20\u0130stiyorum.\" class=\" et_btn button et_btn_md solid color-accent button-shadow arrow-enabled \"  role=\"button\" title=\"Hizmetlerimizden Yararlan\u0131n\" ><span>Take Advantage of Our Services<\/span><svg xmlns=\"http:\/\/www.w3.org\/2000\/svg\" xmlns:xlink=\"http:\/\/www.w3.org\/1999\/xlink\" x=\"0px\" y=\"0px\"\r\n\t width=\"30px\" height=\"18px\" viewBox=\"0 0 30 18\" enable-background=\"new 0 0 30 18\" xml:space=\"preserve\">\r\n<path class=\"handle\" d=\"M20.305,16.212c-0.407,0.409-0.407,1.071,0,1.479s1.068,0.408,1.476,0l7.914-7.952c0.408-0.409,0.408-1.071,0-1.481\r\n\tl-7.914-7.952c-0.407-0.409-1.068-0.409-1.476,0s-0.407,1.071,0,1.48l7.185,7.221L20.305,16.212z\"\/>\r\n<path class=\"bar\" fill-rule=\"evenodd\" clip-rule=\"evenodd\" d=\"M1,8h28.001c0.551,0,1,0.448,1,1c0,0.553-0.449,1-1,1H1c-0.553,0-1-0.447-1-1\r\n\tC0,8.448,0.447,8,1,8z\"\/>\r\n<\/svg>\r\n<\/a>\n\t\t<\/div>\n\t\t\n\t[\/vc_column][\/vc_row][vc_row][vc_column][vc_empty_space height=\u201d72px\u201d][\/vc_column][\/vc_row][vc_row][vc_column width=\u201d1\/4\u2033][vc_separator color=\u201dcustom\u201d css=\u201d\u201d accent_color=\u201d#B9A16B\u201d][vc_empty_space][\/vc_column][vc_column width=\u201d1\/2\u2033][vc_single_image image=\u201d3662\u2033 img_size=\u201dmedium\u201d alignment=\u201dcenter\u201d css=\u201d\u201d][\/vc_column][vc_column width=\u201d1\/4\u2033][vc_empty_space][vc_separator color=\u201dcustom\u201d css=\u201d\u201d accent_color=\u201d#B9A16B\u201d][\/vc_column][\/vc_row][vc_row][vc_column][vc_empty_space][vc_row_inner][vc_column_inner][vc_column_text css=\u201d\u201d]\n<p style=\"text-align: center;\">It is an agricultural company that aims to meet the needs of its customers in the best way with its expert staff and experience in the sector. It has become a reliable brand in a short time with its approach focused on quality and customer satisfaction. Our main goal is to respond to our customers\u2019 demands and ensure the sustainable success of our business by providing them with the highest quality products and services.  <\/p>\n[\/vc_column_text][\/vc_column_inner][\/vc_row_inner][\/vc_column][\/vc_row]\n<\/div>","protected":false},"excerpt":{"rendered":"<p>[vc_row et_full_width=\u201dtrue\u201d et_row_padding=\u201dtrue\u201d][vc_column][vc_empty_space][\/vc_column][\/vc_row][vc_row][vc_column width=\u201d1\/2\u2033][vc_custom_heading source=\u201dpost_title\u201d font_container=\u201dtag:h1|text_align:left\u201d use_theme_fonts=\u201dyes\u201d css_animation=\u201dbottom-to-top\u201d css=\u201d\u201d][vc_empty_space][vc_column_text css=\u201d\u201d]We meticulously process the grains brought by our farmers for planting with our state-of-the-art seed screening (selectoring) machine. While our automatic system separates all foreign materials, stones, soil and other unwanted elements, we also effectively disinfect the seeds to make them [&hellip;]<\/p>\n","protected":false},"author":1,"featured_media":0,"parent":4568,"menu_order":2,"comment_status":"closed","ping_status":"closed","template":"","meta":{"footnotes":""},"class_list":["post-4588","page","type-page","status-publish","hentry"],"yoast_head":"<!-- This site is optimized with the Yoast SEO plugin v27.5 - https:\/\/yoast.com\/product\/yoast-seo-wordpress\/ -->\n<title>Screening and Packaging - Koray Tar\u0131m \u00dcr\u00fcnleri<\/title>\n<meta name=\"robots\" content=\"index, follow, max-snippet:-1, max-image-preview:large, max-video-preview:-1\" \/>\n<link rel=\"canonical\" href=\"https:\/\/koraytarim.com\/hizmetlerimiz\/eleme-ve-paketleme\/\" \/>\n<meta property=\"og:locale\" content=\"en_US\" \/>\n<meta property=\"og:type\" content=\"article\" \/>\n<meta property=\"og:title\" content=\"Screening and Packaging - Koray Tar\u0131m \u00dcr\u00fcnleri\" \/>\n<meta property=\"og:description\" content=\"[vc_row et_full_width=\u201dtrue\u201d et_row_padding=\u201dtrue\u201d][vc_column][vc_empty_space][\/vc_column][\/vc_row][vc_row][vc_column width=\u201d1\/2\u2033][vc_custom_heading source=\u201dpost_title\u201d font_container=\u201dtag:h1|text_align:left\u201d use_theme_fonts=\u201dyes\u201d css_animation=\u201dbottom-to-top\u201d css=\u201d\u201d][vc_empty_space][vc_column_text css=\u201d\u201d]We meticulously process the grains brought by our farmers for planting with our state-of-the-art seed screening (selectoring) machine. While our automatic system separates all foreign materials, stones, soil and other unwanted elements, we also effectively disinfect the seeds to make them [&hellip;]\" \/>\n<meta property=\"og:url\" content=\"https:\/\/koraytarim.com\/hizmetlerimiz\/eleme-ve-paketleme\/\" \/>\n<meta property=\"og:site_name\" content=\"Koray Tar\u0131m \u00dcr\u00fcnleri\" \/>\n<meta property=\"article:modified_time\" content=\"2024-10-29T05:19:00+00:00\" \/>\n<meta name=\"twitter:card\" content=\"summary_large_image\" \/>\n<meta name=\"twitter:label1\" content=\"Est. reading time\" \/>\n\t<meta name=\"twitter:data1\" content=\"2 minutes\" \/>\n<script type=\"application\/ld+json\" class=\"yoast-schema-graph\">{\"@context\":\"https:\\\/\\\/schema.org\",\"@graph\":[{\"@type\":\"WebPage\",\"@id\":\"https:\\\/\\\/koraytarim.com\\\/hizmetlerimiz\\\/eleme-ve-paketleme\\\/\",\"url\":\"https:\\\/\\\/koraytarim.com\\\/hizmetlerimiz\\\/eleme-ve-paketleme\\\/\",\"name\":\"Screening and Packaging - Koray Tar\u0131m \u00dcr\u00fcnleri\",\"isPartOf\":{\"@id\":\"https:\\\/\\\/koraytarim.com\\\/#website\"},\"datePublished\":\"2024-10-02T07:41:37+00:00\",\"dateModified\":\"2024-10-29T05:19:00+00:00\",\"breadcrumb\":{\"@id\":\"https:\\\/\\\/koraytarim.com\\\/hizmetlerimiz\\\/eleme-ve-paketleme\\\/#breadcrumb\"},\"inLanguage\":\"en-US\",\"potentialAction\":[{\"@type\":\"ReadAction\",\"target\":[\"https:\\\/\\\/koraytarim.com\\\/hizmetlerimiz\\\/eleme-ve-paketleme\\\/\"]}]},{\"@type\":\"BreadcrumbList\",\"@id\":\"https:\\\/\\\/koraytarim.com\\\/hizmetlerimiz\\\/eleme-ve-paketleme\\\/#breadcrumb\",\"itemListElement\":[{\"@type\":\"ListItem\",\"position\":1,\"name\":\"Anasayfa\",\"item\":\"https:\\\/\\\/koraytarim.com\\\/\"},{\"@type\":\"ListItem\",\"position\":2,\"name\":\"Our Services\",\"item\":\"https:\\\/\\\/koraytarim.com\\\/hizmetlerimiz\\\/\"},{\"@type\":\"ListItem\",\"position\":3,\"name\":\"Screening and Packaging\"}]},{\"@type\":\"WebSite\",\"@id\":\"https:\\\/\\\/koraytarim.com\\\/#website\",\"url\":\"https:\\\/\\\/koraytarim.com\\\/\",\"name\":\"Koray Tar\u0131m \u00dcr\u00fcnleri\",\"description\":\"\u00c7ift\u00e7imizin Elinde Bereket Topra\u011f\u0131m\u0131zda Gelecek\",\"potentialAction\":[{\"@type\":\"SearchAction\",\"target\":{\"@type\":\"EntryPoint\",\"urlTemplate\":\"https:\\\/\\\/koraytarim.com\\\/?s={search_term_string}\"},\"query-input\":{\"@type\":\"PropertyValueSpecification\",\"valueRequired\":true,\"valueName\":\"search_term_string\"}}],\"inLanguage\":\"en-US\"}]}<\/script>\n<!-- \/ Yoast SEO plugin. -->","yoast_head_json":{"title":"Screening and Packaging - Koray Tar\u0131m \u00dcr\u00fcnleri","robots":{"index":"index","follow":"follow","max-snippet":"max-snippet:-1","max-image-preview":"max-image-preview:large","max-video-preview":"max-video-preview:-1"},"canonical":"https:\/\/koraytarim.com\/hizmetlerimiz\/eleme-ve-paketleme\/","og_locale":"en_US","og_type":"article","og_title":"Screening and Packaging - Koray Tar\u0131m \u00dcr\u00fcnleri","og_description":"[vc_row et_full_width=\u201dtrue\u201d et_row_padding=\u201dtrue\u201d][vc_column][vc_empty_space][\/vc_column][\/vc_row][vc_row][vc_column width=\u201d1\/2\u2033][vc_custom_heading source=\u201dpost_title\u201d font_container=\u201dtag:h1|text_align:left\u201d use_theme_fonts=\u201dyes\u201d css_animation=\u201dbottom-to-top\u201d css=\u201d\u201d][vc_empty_space][vc_column_text css=\u201d\u201d]We meticulously process the grains brought by our farmers for planting with our state-of-the-art seed screening (selectoring) machine. While our automatic system separates all foreign materials, stones, soil and other unwanted elements, we also effectively disinfect the seeds to make them [&hellip;]","og_url":"https:\/\/koraytarim.com\/hizmetlerimiz\/eleme-ve-paketleme\/","og_site_name":"Koray Tar\u0131m \u00dcr\u00fcnleri","article_modified_time":"2024-10-29T05:19:00+00:00","twitter_card":"summary_large_image","twitter_misc":{"Est. reading time":"2 minutes"},"schema":{"@context":"https:\/\/schema.org","@graph":[{"@type":"WebPage","@id":"https:\/\/koraytarim.com\/hizmetlerimiz\/eleme-ve-paketleme\/","url":"https:\/\/koraytarim.com\/hizmetlerimiz\/eleme-ve-paketleme\/","name":"Screening and Packaging - Koray Tar\u0131m \u00dcr\u00fcnleri","isPartOf":{"@id":"https:\/\/koraytarim.com\/#website"},"datePublished":"2024-10-02T07:41:37+00:00","dateModified":"2024-10-29T05:19:00+00:00","breadcrumb":{"@id":"https:\/\/koraytarim.com\/hizmetlerimiz\/eleme-ve-paketleme\/#breadcrumb"},"inLanguage":"en-US","potentialAction":[{"@type":"ReadAction","target":["https:\/\/koraytarim.com\/hizmetlerimiz\/eleme-ve-paketleme\/"]}]},{"@type":"BreadcrumbList","@id":"https:\/\/koraytarim.com\/hizmetlerimiz\/eleme-ve-paketleme\/#breadcrumb","itemListElement":[{"@type":"ListItem","position":1,"name":"Anasayfa","item":"https:\/\/koraytarim.com\/"},{"@type":"ListItem","position":2,"name":"Our Services","item":"https:\/\/koraytarim.com\/hizmetlerimiz\/"},{"@type":"ListItem","position":3,"name":"Screening and Packaging"}]},{"@type":"WebSite","@id":"https:\/\/koraytarim.com\/#website","url":"https:\/\/koraytarim.com\/","name":"Koray Tar\u0131m \u00dcr\u00fcnleri","description":"\u00c7ift\u00e7imizin Elinde Bereket Topra\u011f\u0131m\u0131zda Gelecek","potentialAction":[{"@type":"SearchAction","target":{"@type":"EntryPoint","urlTemplate":"https:\/\/koraytarim.com\/?s={search_term_string}"},"query-input":{"@type":"PropertyValueSpecification","valueRequired":true,"valueName":"search_term_string"}}],"inLanguage":"en-US"}]}},"_links":{"self":[{"href":"https:\/\/koraytarim.com\/en\/wp-json\/wp\/v2\/pages\/4588","targetHints":{"allow":["GET"]}}],"collection":[{"href":"https:\/\/koraytarim.com\/en\/wp-json\/wp\/v2\/pages"}],"about":[{"href":"https:\/\/koraytarim.com\/en\/wp-json\/wp\/v2\/types\/page"}],"author":[{"embeddable":true,"href":"https:\/\/koraytarim.com\/en\/wp-json\/wp\/v2\/users\/1"}],"replies":[{"embeddable":true,"href":"https:\/\/koraytarim.com\/en\/wp-json\/wp\/v2\/comments?post=4588"}],"version-history":[{"count":1,"href":"https:\/\/koraytarim.com\/en\/wp-json\/wp\/v2\/pages\/4588\/revisions"}],"predecessor-version":[{"id":4589,"href":"https:\/\/koraytarim.com\/en\/wp-json\/wp\/v2\/pages\/4588\/revisions\/4589"}],"up":[{"embeddable":true,"href":"https:\/\/koraytarim.com\/en\/wp-json\/wp\/v2\/pages\/4568"}],"wp:attachment":[{"href":"https:\/\/koraytarim.com\/en\/wp-json\/wp\/v2\/media?parent=4588"}],"curies":[{"name":"wp","href":"https:\/\/api.w.org\/{rel}","templated":true}]}}