{"id":4591,"date":"2024-10-02T10:39:47","date_gmt":"2024-10-02T07:39:47","guid":{"rendered":"https:\/\/koraytarim.com\/our-services\/grain-trade\/"},"modified":"2024-10-30T18:37:52","modified_gmt":"2024-10-30T15:37:52","slug":"grain-trade","status":"publish","type":"page","link":"https:\/\/koraytarim.com\/en\/our-services\/grain-trade\/","title":{"rendered":"Grain Trade"},"content":{"rendered":"<div class=\"wpb-content-wrapper\">[vc_row et_full_width=\u201dtrue\u201d et_row_padding=\u201dtrue\u201d][vc_column]\n\t\t<div class=\"et-banner-69fb6cff60382 et-banner content-full  image-type-fluid has-alt-image text-color-dark hover-effect  \" ><img loading=\"lazy\" decoding=\"async\" width=\"2560\" height=\"800\" src=\"https:\/\/koraytarim.com\/wp-content\/uploads\/2024\/10\/anasayfa_full_banner_.webp\" class=\"et-banner-main-image\" alt=\"\" sizes=\"auto, (max-width: 2560px) 100vw, 2560px\" srcset=\"https:\/\/koraytarim.com\/wp-content\/uploads\/2024\/10\/anasayfa_full_banner_.webp 2560w, https:\/\/koraytarim.com\/wp-content\/uploads\/2024\/10\/anasayfa_full_banner_-600x188.webp 600w, https:\/\/koraytarim.com\/wp-content\/uploads\/2024\/10\/anasayfa_full_banner_-900x281.webp 900w, https:\/\/koraytarim.com\/wp-content\/uploads\/2024\/10\/anasayfa_full_banner_-300x94.webp 300w, https:\/\/koraytarim.com\/wp-content\/uploads\/2024\/10\/anasayfa_full_banner_-1024x320.webp 1024w, https:\/\/koraytarim.com\/wp-content\/uploads\/2024\/10\/anasayfa_full_banner_-768x240.webp 768w, https:\/\/koraytarim.com\/wp-content\/uploads\/2024\/10\/anasayfa_full_banner_-1536x480.webp 1536w, https:\/\/koraytarim.com\/wp-content\/uploads\/2024\/10\/anasayfa_full_banner_-2048x640.webp 2048w, https:\/\/koraytarim.com\/wp-content\/uploads\/2024\/10\/anasayfa_full_banner_-150x47.webp 150w\" \/><img loading=\"lazy\" decoding=\"async\" width=\"1920\" height=\"1350\" src=\"https:\/\/koraytarim.com\/wp-content\/uploads\/2024\/10\/anasayfa_full_banner_mobil_tarim.webp\" class=\"et-banner-alt-image\" alt=\"\" srcset=\"https:\/\/koraytarim.com\/wp-content\/uploads\/2024\/10\/anasayfa_full_banner_mobil_tarim.webp 1920w, https:\/\/koraytarim.com\/wp-content\/uploads\/2024\/10\/anasayfa_full_banner_mobil_tarim-600x422.webp 600w, https:\/\/koraytarim.com\/wp-content\/uploads\/2024\/10\/anasayfa_full_banner_mobil_tarim-900x633.webp 900w, https:\/\/koraytarim.com\/wp-content\/uploads\/2024\/10\/anasayfa_full_banner_mobil_tarim-300x211.webp 300w, https:\/\/koraytarim.com\/wp-content\/uploads\/2024\/10\/anasayfa_full_banner_mobil_tarim-1024x720.webp 1024w, https:\/\/koraytarim.com\/wp-content\/uploads\/2024\/10\/anasayfa_full_banner_mobil_tarim-768x540.webp 768w, https:\/\/koraytarim.com\/wp-content\/uploads\/2024\/10\/anasayfa_full_banner_mobil_tarim-1536x1080.webp 1536w, https:\/\/koraytarim.com\/wp-content\/uploads\/2024\/10\/anasayfa_full_banner_mobil_tarim-150x105.webp 150w\" sizes=\"auto, (max-width: 1920px) 100vw, 1920px\" \/>\n\t\t<\/div>[vc_empty_space][\/vc_column][\/vc_row][vc_row][vc_column width=\u201d1\/2\u2033][vc_custom_heading source=\u201dpost_title\u201d font_container=\u201dtag:h1|text_align:left\u201d use_theme_fonts=\u201dyes\u201d css_animation=\u201dbottom-to-top\u201d css=\u201d\u201d][vc_empty_space][vc_column_text css=\u201d\u201d]Our company purchases various agricultural products such as barley, wheat, sunflower, corn, onion, safflower and poppy grown by our farmers and offers comprehensive services in this field. With our deep-rooted experience in the sector, we meet the needs of our farmers in the best way by providing quality seeds produced in our region. Thanks to the advanced approaches we have adopted in the grain sector, we purchase high oleic varieties in the sunflower field with special transactions on a per ton basis. With this method, we aim to provide higher added value to our farmers. We take care to evaluate the labor and investments of our farmers in the most valuable way by purchasing the crops they have obtained with dedication at the most affordable prices in the market conditions. We will provide our farmers with the opportunity to activate their barley, wheat and sunflower production by developing contracted production models with the companies we have recently met. In this way, we will ensure that our farmers achieve high yields by minimizing their input costs. At the same time, we will provide our farmers with the opportunity to enjoy their profession by offering a purchase guarantee in a way that will not crush the products against inflation.    <\/p>\n<p>  [\/vc_column_text][vc_empty_space][\/vc_column][vc_column width=\u201d1\/2\u2033]\t<div class=\"et-image-662 et-image     et_image_link\">\n\t\t<div class=\"et-image-inner \">\n\t\t\t\t\t\t\t<div class=\"et-image-thumb \">\n\t\t\t\t\t<img loading=\"lazy\" decoding=\"async\" width=\"2560\" height=\"1709\" src=\"https:\/\/koraytarim.com\/wp-content\/uploads\/2024\/10\/a-bag-of-wheat-on-a-background-of-yellow-grass-in-2023-11-27-05-31-03-utc-scaled.jpg\" class=\"attachment-full\" alt=\"\" title=\"A bag of wheat on a background of yellow grass.\" srcset=\"https:\/\/koraytarim.com\/wp-content\/uploads\/2024\/10\/a-bag-of-wheat-on-a-background-of-yellow-grass-in-2023-11-27-05-31-03-utc-scaled.jpg 2560w, https:\/\/koraytarim.com\/wp-content\/uploads\/2024\/10\/a-bag-of-wheat-on-a-background-of-yellow-grass-in-2023-11-27-05-31-03-utc-scaled-600x401.jpg 600w, https:\/\/koraytarim.com\/wp-content\/uploads\/2024\/10\/a-bag-of-wheat-on-a-background-of-yellow-grass-in-2023-11-27-05-31-03-utc-scaled-900x601.jpg 900w, https:\/\/koraytarim.com\/wp-content\/uploads\/2024\/10\/a-bag-of-wheat-on-a-background-of-yellow-grass-in-2023-11-27-05-31-03-utc-300x200.jpg 300w, https:\/\/koraytarim.com\/wp-content\/uploads\/2024\/10\/a-bag-of-wheat-on-a-background-of-yellow-grass-in-2023-11-27-05-31-03-utc-1024x684.jpg 1024w, https:\/\/koraytarim.com\/wp-content\/uploads\/2024\/10\/a-bag-of-wheat-on-a-background-of-yellow-grass-in-2023-11-27-05-31-03-utc-768x513.jpg 768w, https:\/\/koraytarim.com\/wp-content\/uploads\/2024\/10\/a-bag-of-wheat-on-a-background-of-yellow-grass-in-2023-11-27-05-31-03-utc-1536x1025.jpg 1536w, https:\/\/koraytarim.com\/wp-content\/uploads\/2024\/10\/a-bag-of-wheat-on-a-background-of-yellow-grass-in-2023-11-27-05-31-03-utc-2048x1367.jpg 2048w, https:\/\/koraytarim.com\/wp-content\/uploads\/2024\/10\/a-bag-of-wheat-on-a-background-of-yellow-grass-in-2023-11-27-05-31-03-utc-150x100.jpg 150w\" sizes=\"auto, (max-width: 2560px) 100vw, 2560px\" \/>\t\t\t\t<\/div>\n\t\t\t\t\t\t\t\t\t\t\t<\/div>\n\t<\/div>\n  [vc_empty_space]\t\t<div id=\"et-button-69fb6cff61200\" class=\"et_btn_align_full animation left-to-right\">\n\t\t\t<a href=\"https:\/\/wa.me\/905418281731?text=Hizmetleriniz%20Hakk\u0131nda%20Bilgi%20Almak%20\u0130stiyorum.\" class=\" et_btn button et_btn_md solid color-accent button-shadow arrow-enabled \"  role=\"button\" title=\"Hizmetlerimizden Yararlan\u0131n\" ><span>Take Advantage of Our Services<\/span><svg xmlns=\"http:\/\/www.w3.org\/2000\/svg\" xmlns:xlink=\"http:\/\/www.w3.org\/1999\/xlink\" x=\"0px\" y=\"0px\"\r\n\t width=\"30px\" height=\"18px\" viewBox=\"0 0 30 18\" enable-background=\"new 0 0 30 18\" xml:space=\"preserve\">\r\n<path class=\"handle\" d=\"M20.305,16.212c-0.407,0.409-0.407,1.071,0,1.479s1.068,0.408,1.476,0l7.914-7.952c0.408-0.409,0.408-1.071,0-1.481\r\n\tl-7.914-7.952c-0.407-0.409-1.068-0.409-1.476,0s-0.407,1.071,0,1.48l7.185,7.221L20.305,16.212z\"\/>\r\n<path class=\"bar\" fill-rule=\"evenodd\" clip-rule=\"evenodd\" d=\"M1,8h28.001c0.551,0,1,0.448,1,1c0,0.553-0.449,1-1,1H1c-0.553,0-1-0.447-1-1\r\n\tC0,8.448,0.447,8,1,8z\"\/>\r\n<\/svg>\r\n<\/a>\n\t\t<\/div>\n\t\t\n\t[\/vc_column][\/vc_row][vc_row][vc_column][vc_empty_space height=\u201d72px\u201d][\/vc_column][\/vc_row][vc_row][vc_column width=\u201d1\/4\u2033][vc_separator color=\u201dcustom\u201d css=\u201d\u201d accent_color=\u201d#B9A16B\u201d][vc_empty_space][\/vc_column][vc_column width=\u201d1\/2\u2033][vc_single_image image=\u201d3662\u2033 img_size=\u201dmedium\u201d alignment=\u201dcenter\u201d css=\u201d\u201d][\/vc_column][vc_column width=\u201d1\/4\u2033][vc_empty_space][vc_separator color=\u201dcustom\u201d css=\u201d\u201d accent_color=\u201d#B9A16B\u201d][\/vc_column][\/vc_row][vc_row][vc_column][vc_empty_space][vc_row_inner][vc_column_inner][vc_column_text css=\u201d\u201d]\n<p style=\"text-align: center;\">It is an agricultural company that aims to meet the needs of its customers in the best way with its expert staff and experience in the sector. It has become a reliable brand in a short time with its approach focused on quality and customer satisfaction. Our main goal is to respond to our customers\u2019 demands and ensure the sustainable success of our business by providing them with the highest quality products and services.  <\/p>\n[\/vc_column_text][\/vc_column_inner][\/vc_row_inner][\/vc_column][\/vc_row]\n<\/div>","protected":false},"excerpt":{"rendered":"<p>[vc_row et_full_width=\u201dtrue\u201d et_row_padding=\u201dtrue\u201d][vc_column][vc_empty_space][\/vc_column][\/vc_row][vc_row][vc_column width=\u201d1\/2\u2033][vc_custom_heading source=\u201dpost_title\u201d font_container=\u201dtag:h1|text_align:left\u201d use_theme_fonts=\u201dyes\u201d css_animation=\u201dbottom-to-top\u201d css=\u201d\u201d][vc_empty_space][vc_column_text css=\u201d\u201d]Our company purchases various agricultural products such as barley, wheat, sunflower, corn, onion, safflower and poppy grown by our farmers and offers comprehensive services in this field. With our deep-rooted experience in the sector, we meet the needs of our farmers [&hellip;]<\/p>\n","protected":false},"author":1,"featured_media":0,"parent":4568,"menu_order":2,"comment_status":"closed","ping_status":"closed","template":"","meta":{"footnotes":""},"class_list":["post-4591","page","type-page","status-publish","hentry"],"yoast_head":"<!-- This site is optimized with the Yoast SEO plugin v27.5 - https:\/\/yoast.com\/product\/yoast-seo-wordpress\/ -->\n<title>Grain Trade - Koray Tar\u0131m \u00dcr\u00fcnleri<\/title>\n<meta name=\"robots\" content=\"index, follow, max-snippet:-1, max-image-preview:large, max-video-preview:-1\" \/>\n<link rel=\"canonical\" href=\"https:\/\/koraytarim.com\/hizmetlerimiz\/zahirecilik\/\" \/>\n<meta property=\"og:locale\" content=\"en_US\" \/>\n<meta property=\"og:type\" content=\"article\" \/>\n<meta property=\"og:title\" content=\"Grain Trade - Koray Tar\u0131m \u00dcr\u00fcnleri\" \/>\n<meta property=\"og:description\" content=\"[vc_row et_full_width=\u201dtrue\u201d et_row_padding=\u201dtrue\u201d][vc_column][vc_empty_space][\/vc_column][\/vc_row][vc_row][vc_column width=\u201d1\/2\u2033][vc_custom_heading source=\u201dpost_title\u201d font_container=\u201dtag:h1|text_align:left\u201d use_theme_fonts=\u201dyes\u201d css_animation=\u201dbottom-to-top\u201d css=\u201d\u201d][vc_empty_space][vc_column_text css=\u201d\u201d]Our company purchases various agricultural products such as barley, wheat, sunflower, corn, onion, safflower and poppy grown by our farmers and offers comprehensive services in this field. With our deep-rooted experience in the sector, we meet the needs of our farmers [&hellip;]\" \/>\n<meta property=\"og:url\" content=\"https:\/\/koraytarim.com\/hizmetlerimiz\/zahirecilik\/\" \/>\n<meta property=\"og:site_name\" content=\"Koray Tar\u0131m \u00dcr\u00fcnleri\" \/>\n<meta property=\"article:modified_time\" content=\"2024-10-30T15:37:52+00:00\" \/>\n<meta name=\"twitter:card\" content=\"summary_large_image\" \/>\n<meta name=\"twitter:label1\" content=\"Est. reading time\" \/>\n\t<meta name=\"twitter:data1\" content=\"3 minutes\" \/>\n<script type=\"application\/ld+json\" class=\"yoast-schema-graph\">{\"@context\":\"https:\\\/\\\/schema.org\",\"@graph\":[{\"@type\":\"WebPage\",\"@id\":\"https:\\\/\\\/koraytarim.com\\\/hizmetlerimiz\\\/zahirecilik\\\/\",\"url\":\"https:\\\/\\\/koraytarim.com\\\/hizmetlerimiz\\\/zahirecilik\\\/\",\"name\":\"Grain Trade - Koray Tar\u0131m \u00dcr\u00fcnleri\",\"isPartOf\":{\"@id\":\"https:\\\/\\\/koraytarim.com\\\/#website\"},\"datePublished\":\"2024-10-02T07:39:47+00:00\",\"dateModified\":\"2024-10-30T15:37:52+00:00\",\"breadcrumb\":{\"@id\":\"https:\\\/\\\/koraytarim.com\\\/hizmetlerimiz\\\/zahirecilik\\\/#breadcrumb\"},\"inLanguage\":\"en-US\",\"potentialAction\":[{\"@type\":\"ReadAction\",\"target\":[\"https:\\\/\\\/koraytarim.com\\\/hizmetlerimiz\\\/zahirecilik\\\/\"]}]},{\"@type\":\"BreadcrumbList\",\"@id\":\"https:\\\/\\\/koraytarim.com\\\/hizmetlerimiz\\\/zahirecilik\\\/#breadcrumb\",\"itemListElement\":[{\"@type\":\"ListItem\",\"position\":1,\"name\":\"Anasayfa\",\"item\":\"https:\\\/\\\/koraytarim.com\\\/\"},{\"@type\":\"ListItem\",\"position\":2,\"name\":\"Our Services\",\"item\":\"https:\\\/\\\/koraytarim.com\\\/hizmetlerimiz\\\/\"},{\"@type\":\"ListItem\",\"position\":3,\"name\":\"Grain Trade\"}]},{\"@type\":\"WebSite\",\"@id\":\"https:\\\/\\\/koraytarim.com\\\/#website\",\"url\":\"https:\\\/\\\/koraytarim.com\\\/\",\"name\":\"Koray Tar\u0131m \u00dcr\u00fcnleri\",\"description\":\"\u00c7ift\u00e7imizin Elinde Bereket Topra\u011f\u0131m\u0131zda Gelecek\",\"potentialAction\":[{\"@type\":\"SearchAction\",\"target\":{\"@type\":\"EntryPoint\",\"urlTemplate\":\"https:\\\/\\\/koraytarim.com\\\/?s={search_term_string}\"},\"query-input\":{\"@type\":\"PropertyValueSpecification\",\"valueRequired\":true,\"valueName\":\"search_term_string\"}}],\"inLanguage\":\"en-US\"}]}<\/script>\n<!-- \/ Yoast SEO plugin. -->","yoast_head_json":{"title":"Grain Trade - Koray Tar\u0131m \u00dcr\u00fcnleri","robots":{"index":"index","follow":"follow","max-snippet":"max-snippet:-1","max-image-preview":"max-image-preview:large","max-video-preview":"max-video-preview:-1"},"canonical":"https:\/\/koraytarim.com\/hizmetlerimiz\/zahirecilik\/","og_locale":"en_US","og_type":"article","og_title":"Grain Trade - Koray Tar\u0131m \u00dcr\u00fcnleri","og_description":"[vc_row et_full_width=\u201dtrue\u201d et_row_padding=\u201dtrue\u201d][vc_column][vc_empty_space][\/vc_column][\/vc_row][vc_row][vc_column width=\u201d1\/2\u2033][vc_custom_heading source=\u201dpost_title\u201d font_container=\u201dtag:h1|text_align:left\u201d use_theme_fonts=\u201dyes\u201d css_animation=\u201dbottom-to-top\u201d css=\u201d\u201d][vc_empty_space][vc_column_text css=\u201d\u201d]Our company purchases various agricultural products such as barley, wheat, sunflower, corn, onion, safflower and poppy grown by our farmers and offers comprehensive services in this field. With our deep-rooted experience in the sector, we meet the needs of our farmers [&hellip;]","og_url":"https:\/\/koraytarim.com\/hizmetlerimiz\/zahirecilik\/","og_site_name":"Koray Tar\u0131m \u00dcr\u00fcnleri","article_modified_time":"2024-10-30T15:37:52+00:00","twitter_card":"summary_large_image","twitter_misc":{"Est. reading time":"3 minutes"},"schema":{"@context":"https:\/\/schema.org","@graph":[{"@type":"WebPage","@id":"https:\/\/koraytarim.com\/hizmetlerimiz\/zahirecilik\/","url":"https:\/\/koraytarim.com\/hizmetlerimiz\/zahirecilik\/","name":"Grain Trade - Koray Tar\u0131m \u00dcr\u00fcnleri","isPartOf":{"@id":"https:\/\/koraytarim.com\/#website"},"datePublished":"2024-10-02T07:39:47+00:00","dateModified":"2024-10-30T15:37:52+00:00","breadcrumb":{"@id":"https:\/\/koraytarim.com\/hizmetlerimiz\/zahirecilik\/#breadcrumb"},"inLanguage":"en-US","potentialAction":[{"@type":"ReadAction","target":["https:\/\/koraytarim.com\/hizmetlerimiz\/zahirecilik\/"]}]},{"@type":"BreadcrumbList","@id":"https:\/\/koraytarim.com\/hizmetlerimiz\/zahirecilik\/#breadcrumb","itemListElement":[{"@type":"ListItem","position":1,"name":"Anasayfa","item":"https:\/\/koraytarim.com\/"},{"@type":"ListItem","position":2,"name":"Our Services","item":"https:\/\/koraytarim.com\/hizmetlerimiz\/"},{"@type":"ListItem","position":3,"name":"Grain Trade"}]},{"@type":"WebSite","@id":"https:\/\/koraytarim.com\/#website","url":"https:\/\/koraytarim.com\/","name":"Koray Tar\u0131m \u00dcr\u00fcnleri","description":"\u00c7ift\u00e7imizin Elinde Bereket Topra\u011f\u0131m\u0131zda Gelecek","potentialAction":[{"@type":"SearchAction","target":{"@type":"EntryPoint","urlTemplate":"https:\/\/koraytarim.com\/?s={search_term_string}"},"query-input":{"@type":"PropertyValueSpecification","valueRequired":true,"valueName":"search_term_string"}}],"inLanguage":"en-US"}]}},"_links":{"self":[{"href":"https:\/\/koraytarim.com\/en\/wp-json\/wp\/v2\/pages\/4591","targetHints":{"allow":["GET"]}}],"collection":[{"href":"https:\/\/koraytarim.com\/en\/wp-json\/wp\/v2\/pages"}],"about":[{"href":"https:\/\/koraytarim.com\/en\/wp-json\/wp\/v2\/types\/page"}],"author":[{"embeddable":true,"href":"https:\/\/koraytarim.com\/en\/wp-json\/wp\/v2\/users\/1"}],"replies":[{"embeddable":true,"href":"https:\/\/koraytarim.com\/en\/wp-json\/wp\/v2\/comments?post=4591"}],"version-history":[{"count":1,"href":"https:\/\/koraytarim.com\/en\/wp-json\/wp\/v2\/pages\/4591\/revisions"}],"predecessor-version":[{"id":4699,"href":"https:\/\/koraytarim.com\/en\/wp-json\/wp\/v2\/pages\/4591\/revisions\/4699"}],"up":[{"embeddable":true,"href":"https:\/\/koraytarim.com\/en\/wp-json\/wp\/v2\/pages\/4568"}],"wp:attachment":[{"href":"https:\/\/koraytarim.com\/en\/wp-json\/wp\/v2\/media?parent=4591"}],"curies":[{"name":"wp","href":"https:\/\/api.w.org\/{rel}","templated":true}]}}