{"id":4592,"date":"2024-10-02T10:43:44","date_gmt":"2024-10-02T07:43:44","guid":{"rendered":"https:\/\/koraytarim.com\/our-services\/the-machines-of-crimea\/"},"modified":"2024-10-02T10:43:44","modified_gmt":"2024-10-02T07:43:44","slug":"the-machines-of-crimea","status":"publish","type":"page","link":"https:\/\/koraytarim.com\/en\/our-services\/the-machines-of-crimea\/","title":{"rendered":"The Machines of Crimea"},"content":{"rendered":"<div class=\"wpb-content-wrapper\">[vc_row][vc_column][vc_column_text css=\u201d\u201d]\n<div class=\"flex max-w-full flex-col flex-grow\">\n<div class=\"min-h-8 text-message flex w-full flex-col items-end gap-2 whitespace-normal break-words [.text-message+&]:mt-5\" dir=\"auto\" data-message-author-role=\"assistant\" data-message-id=\"a8fd7514-b477-4633-83d0-beed8eee2853\">\n<div class=\"flex w-full flex-col gap-1 empty:hidden first:pt-[3px]\">\n<div class=\"markdown prose w-full break-words dark:prose-invert light\">\n<p>By offering a production service with various sieve sizes with our crushing machines, we are durable in both coarse and fine flour-shaped feed production. This service allows our farmers to provide appropriate quality services, while also increasing the management of the management. In the production process, by offering customized solutions according to the demands of our farmers, we create a strong cooperation. Thanks to our contracted production models, we stand by our farmers and contribute to their safer and more sustainable production. This model provides a certain assurance to our farmers, while also allowing us to establish long-term services. The hygiene experienced in the production process, the climate conditions of our farmers, the market conditions. At the same time, by offering logistic solutions with domestic and international transportation services, unbreakable, safe and on-time delivery can be renewed. With our experience in the field of transportation, we play a role in every process from the production to the sales stage of our farmers. In this way, we make our farmers\u2019 commercial activities more efficient by selling your products in the best way and delivering them to the targeted points in the shortest time. Our company continues to be a reliable and strong business partner in the agricultural sector with the integrated services it offers.  <\/p>\n<\/div>\n<\/div>\n<\/div>\n<\/div>\n[\/vc_column_text]\t<div class=\"et-image-725 et-image     et_image_link\">\n\t\t<div class=\"et-image-inner \">\n\t\t\t\t\t\t\t<div class=\"et-image-thumb \">\n\t\t\t\t\t<img loading=\"lazy\" decoding=\"async\" width=\"2560\" height=\"1440\" src=\"https:\/\/koraytarim.com\/wp-content\/uploads\/2024\/10\/kirim_makinalari-scaled.webp\" class=\"attachment-full\" alt=\"\" title=\"kirim_makinalari\" srcset=\"https:\/\/koraytarim.com\/wp-content\/uploads\/2024\/10\/kirim_makinalari-scaled.webp 2560w, https:\/\/koraytarim.com\/wp-content\/uploads\/2024\/10\/kirim_makinalari-scaled-600x338.webp 600w, https:\/\/koraytarim.com\/wp-content\/uploads\/2024\/10\/kirim_makinalari-scaled-900x506.webp 900w, https:\/\/koraytarim.com\/wp-content\/uploads\/2024\/10\/kirim_makinalari-300x169.webp 300w, https:\/\/koraytarim.com\/wp-content\/uploads\/2024\/10\/kirim_makinalari-1024x576.webp 1024w, https:\/\/koraytarim.com\/wp-content\/uploads\/2024\/10\/kirim_makinalari-768x432.webp 768w, https:\/\/koraytarim.com\/wp-content\/uploads\/2024\/10\/kirim_makinalari-1536x864.webp 1536w, https:\/\/koraytarim.com\/wp-content\/uploads\/2024\/10\/kirim_makinalari-2048x1152.webp 2048w, https:\/\/koraytarim.com\/wp-content\/uploads\/2024\/10\/kirim_makinalari-150x84.webp 150w\" sizes=\"auto, (max-width: 2560px) 100vw, 2560px\" \/>\t\t\t\t<\/div>\n\t\t\t\t\t\t\t\t\t\t\t<\/div>\n\t<\/div>\n  [\/vc_column][\/vc_row][vc_row][vc_column][\/vc_column][\/vc_row]\n<\/div>","protected":false},"excerpt":{"rendered":"<p>[vc_row][vc_column][vc_column_text css=\u201d\u201d] By offering a production service with various sieve sizes with our crushing machines, we are durable in both coarse and fine flour-shaped feed production. This service allows our farmers to provide appropriate quality services, while also increasing the management of the management. In the production process, by offering [&hellip;]<\/p>\n","protected":false},"author":1,"featured_media":0,"parent":4568,"menu_order":3,"comment_status":"closed","ping_status":"closed","template":"","meta":{"footnotes":""},"class_list":["post-4592","page","type-page","status-publish","hentry"],"yoast_head":"<!-- This site is optimized with the Yoast SEO plugin v27.5 - https:\/\/yoast.com\/product\/yoast-seo-wordpress\/ -->\n<title>The Machines of Crimea - Koray Tar\u0131m \u00dcr\u00fcnleri<\/title>\n<meta name=\"robots\" content=\"index, follow, max-snippet:-1, max-image-preview:large, max-video-preview:-1\" \/>\n<link rel=\"canonical\" href=\"https:\/\/koraytarim.com\/hizmetlerimiz\/kirim-makinalari\/\" \/>\n<meta property=\"og:locale\" content=\"en_US\" \/>\n<meta property=\"og:type\" content=\"article\" \/>\n<meta property=\"og:title\" content=\"The Machines of Crimea - Koray Tar\u0131m \u00dcr\u00fcnleri\" \/>\n<meta property=\"og:description\" content=\"[vc_row][vc_column][vc_column_text css=\u201d\u201d] By offering a production service with various sieve sizes with our crushing machines, we are durable in both coarse and fine flour-shaped feed production. This service allows our farmers to provide appropriate quality services, while also increasing the management of the management. In the production process, by offering [&hellip;]\" \/>\n<meta property=\"og:url\" content=\"https:\/\/koraytarim.com\/hizmetlerimiz\/kirim-makinalari\/\" \/>\n<meta property=\"og:site_name\" content=\"Koray Tar\u0131m \u00dcr\u00fcnleri\" \/>\n<meta name=\"twitter:card\" content=\"summary_large_image\" \/>\n<meta name=\"twitter:label1\" content=\"Est. reading time\" \/>\n\t<meta name=\"twitter:data1\" content=\"1 minute\" \/>\n<script type=\"application\/ld+json\" class=\"yoast-schema-graph\">{\"@context\":\"https:\\\/\\\/schema.org\",\"@graph\":[{\"@type\":\"WebPage\",\"@id\":\"https:\\\/\\\/koraytarim.com\\\/hizmetlerimiz\\\/kirim-makinalari\\\/\",\"url\":\"https:\\\/\\\/koraytarim.com\\\/hizmetlerimiz\\\/kirim-makinalari\\\/\",\"name\":\"The Machines of Crimea - Koray Tar\u0131m \u00dcr\u00fcnleri\",\"isPartOf\":{\"@id\":\"https:\\\/\\\/koraytarim.com\\\/#website\"},\"datePublished\":\"2024-10-02T07:43:44+00:00\",\"breadcrumb\":{\"@id\":\"https:\\\/\\\/koraytarim.com\\\/hizmetlerimiz\\\/kirim-makinalari\\\/#breadcrumb\"},\"inLanguage\":\"en-US\",\"potentialAction\":[{\"@type\":\"ReadAction\",\"target\":[\"https:\\\/\\\/koraytarim.com\\\/hizmetlerimiz\\\/kirim-makinalari\\\/\"]}]},{\"@type\":\"BreadcrumbList\",\"@id\":\"https:\\\/\\\/koraytarim.com\\\/hizmetlerimiz\\\/kirim-makinalari\\\/#breadcrumb\",\"itemListElement\":[{\"@type\":\"ListItem\",\"position\":1,\"name\":\"Anasayfa\",\"item\":\"https:\\\/\\\/koraytarim.com\\\/\"},{\"@type\":\"ListItem\",\"position\":2,\"name\":\"Our Services\",\"item\":\"https:\\\/\\\/koraytarim.com\\\/hizmetlerimiz\\\/\"},{\"@type\":\"ListItem\",\"position\":3,\"name\":\"The Machines of Crimea\"}]},{\"@type\":\"WebSite\",\"@id\":\"https:\\\/\\\/koraytarim.com\\\/#website\",\"url\":\"https:\\\/\\\/koraytarim.com\\\/\",\"name\":\"Koray Tar\u0131m \u00dcr\u00fcnleri\",\"description\":\"\u00c7ift\u00e7imizin Elinde Bereket Topra\u011f\u0131m\u0131zda Gelecek\",\"potentialAction\":[{\"@type\":\"SearchAction\",\"target\":{\"@type\":\"EntryPoint\",\"urlTemplate\":\"https:\\\/\\\/koraytarim.com\\\/?s={search_term_string}\"},\"query-input\":{\"@type\":\"PropertyValueSpecification\",\"valueRequired\":true,\"valueName\":\"search_term_string\"}}],\"inLanguage\":\"en-US\"}]}<\/script>\n<!-- \/ Yoast SEO plugin. -->","yoast_head_json":{"title":"The Machines of Crimea - Koray Tar\u0131m \u00dcr\u00fcnleri","robots":{"index":"index","follow":"follow","max-snippet":"max-snippet:-1","max-image-preview":"max-image-preview:large","max-video-preview":"max-video-preview:-1"},"canonical":"https:\/\/koraytarim.com\/hizmetlerimiz\/kirim-makinalari\/","og_locale":"en_US","og_type":"article","og_title":"The Machines of Crimea - Koray Tar\u0131m \u00dcr\u00fcnleri","og_description":"[vc_row][vc_column][vc_column_text css=\u201d\u201d] By offering a production service with various sieve sizes with our crushing machines, we are durable in both coarse and fine flour-shaped feed production. This service allows our farmers to provide appropriate quality services, while also increasing the management of the management. In the production process, by offering [&hellip;]","og_url":"https:\/\/koraytarim.com\/hizmetlerimiz\/kirim-makinalari\/","og_site_name":"Koray Tar\u0131m \u00dcr\u00fcnleri","twitter_card":"summary_large_image","twitter_misc":{"Est. reading time":"1 minute"},"schema":{"@context":"https:\/\/schema.org","@graph":[{"@type":"WebPage","@id":"https:\/\/koraytarim.com\/hizmetlerimiz\/kirim-makinalari\/","url":"https:\/\/koraytarim.com\/hizmetlerimiz\/kirim-makinalari\/","name":"The Machines of Crimea - Koray Tar\u0131m \u00dcr\u00fcnleri","isPartOf":{"@id":"https:\/\/koraytarim.com\/#website"},"datePublished":"2024-10-02T07:43:44+00:00","breadcrumb":{"@id":"https:\/\/koraytarim.com\/hizmetlerimiz\/kirim-makinalari\/#breadcrumb"},"inLanguage":"en-US","potentialAction":[{"@type":"ReadAction","target":["https:\/\/koraytarim.com\/hizmetlerimiz\/kirim-makinalari\/"]}]},{"@type":"BreadcrumbList","@id":"https:\/\/koraytarim.com\/hizmetlerimiz\/kirim-makinalari\/#breadcrumb","itemListElement":[{"@type":"ListItem","position":1,"name":"Anasayfa","item":"https:\/\/koraytarim.com\/"},{"@type":"ListItem","position":2,"name":"Our Services","item":"https:\/\/koraytarim.com\/hizmetlerimiz\/"},{"@type":"ListItem","position":3,"name":"The Machines of Crimea"}]},{"@type":"WebSite","@id":"https:\/\/koraytarim.com\/#website","url":"https:\/\/koraytarim.com\/","name":"Koray Tar\u0131m \u00dcr\u00fcnleri","description":"\u00c7ift\u00e7imizin Elinde Bereket Topra\u011f\u0131m\u0131zda Gelecek","potentialAction":[{"@type":"SearchAction","target":{"@type":"EntryPoint","urlTemplate":"https:\/\/koraytarim.com\/?s={search_term_string}"},"query-input":{"@type":"PropertyValueSpecification","valueRequired":true,"valueName":"search_term_string"}}],"inLanguage":"en-US"}]}},"_links":{"self":[{"href":"https:\/\/koraytarim.com\/en\/wp-json\/wp\/v2\/pages\/4592","targetHints":{"allow":["GET"]}}],"collection":[{"href":"https:\/\/koraytarim.com\/en\/wp-json\/wp\/v2\/pages"}],"about":[{"href":"https:\/\/koraytarim.com\/en\/wp-json\/wp\/v2\/types\/page"}],"author":[{"embeddable":true,"href":"https:\/\/koraytarim.com\/en\/wp-json\/wp\/v2\/users\/1"}],"replies":[{"embeddable":true,"href":"https:\/\/koraytarim.com\/en\/wp-json\/wp\/v2\/comments?post=4592"}],"version-history":[{"count":0,"href":"https:\/\/koraytarim.com\/en\/wp-json\/wp\/v2\/pages\/4592\/revisions"}],"up":[{"embeddable":true,"href":"https:\/\/koraytarim.com\/en\/wp-json\/wp\/v2\/pages\/4568"}],"wp:attachment":[{"href":"https:\/\/koraytarim.com\/en\/wp-json\/wp\/v2\/media?parent=4592"}],"curies":[{"name":"wp","href":"https:\/\/api.w.org\/{rel}","templated":true}]}}