{"id":4594,"date":"2024-10-02T10:41:15","date_gmt":"2024-10-02T07:41:15","guid":{"rendered":"https:\/\/koraytarim.com\/agricultural-drone-applications\/"},"modified":"2024-10-02T10:41:15","modified_gmt":"2024-10-02T07:41:15","slug":"agricultural-drone-applications","status":"publish","type":"page","link":"https:\/\/koraytarim.com\/en\/agricultural-drone-applications\/","title":{"rendered":"Agricultural Drone Applications"},"content":{"rendered":"<div class=\"wpb-content-wrapper\">[vc_row et_full_width=\u201dtrue\u201d et_row_padding=\u201dtrue\u201d et_column_align=\u201dalign-center\u201d full_height=\u201dyes\u201d content_placement=\u201dmiddle\u201d video_bg=\u201dyes\u201d video_bg_url=\u201dhttps:\/\/www.youtube.com\/watch?v=G8gjm2HALEM\u201d][vc_column][vc_empty_space][vc_row_inner et_column_align=\u201dalign-center\u201d content_placement=\u201dmiddle\u201d][vc_column_inner et_column_color=\u201det-light-column\u201d width=\u201d1\/2\u2033 animation=\u201danimation bottom-to-top\u201d][vc_custom_heading text=\u201dOUR AGRICULTURAL DRONE APPLICATIONS\u201d font_container=\u201dtag:h1|font_size:74|text_align:center|color:%23FFFFFF\u201d use_theme_fonts=\u201dyes\u201d css_animation=\u201dslideInUp\u201d css=\u201d\u201d][vc_empty_space][\/vc_column_inner][\/vc_row_inner][\/vc_column][\/vc_row][vc_row][vc_column][vc_empty_space height=\u201d55px\u201d][\/vc_column][\/vc_row][vc_row][vc_column width=\u201d1\/2\u2033][vc_empty_space][vc_custom_heading source=\u201dpost_title\u201d font_container=\u201dtag:h1|text_align:left\u201d use_theme_fonts=\u201dyes\u201d css=\u201d\u201d][vc_column_text css=\u201d\u201d]Agricultural drones are tools that offer revolutionary innovations in the agricultural sector.<br \/> There are many reasons why farmers choose this technology:<\/p>\n<p>1. Saving Time and Labor: Agricultural drones allow large agricultural areas to be scanned in a short time and processes such as spraying to be carried out quickly. It requires much less labor compared to traditional methods. <br \/>  2. Do\u011fru \u0130la\u00e7lama ve G\u00fcbreleme: Dronlar, tar\u0131m alanlar\u0131n\u0131n belirli b\u00f6lgelerine odaklanarak ila\u00e7lama ve g\u00fcbreleme i\u015flemlerini \u00e7ok daha hassas yapabilir. Bu, ila\u00e7 ve g\u00fcbre kullan\u0131m\u0131nda tasarruf sa\u011flar, bitkilerin daha sa\u011fl\u0131kl\u0131 b\u00fcy\u00fcmesine katk\u0131da bulunur.  <br \/>  3. \u00c7evre Dostu: Dronlar, yaln\u0131zca ihtiya\u00e7 duyulan b\u00f6lgelerde i\u015flem yaparak \u00e7evreye verilen zarar\u0131 azalt\u0131r. Daha az kimyasal kullan\u0131m\u0131n\u0131 destekler ve su kaynaklar\u0131n\u0131n korunmas\u0131na yard\u0131mc\u0131 olur.  <br \/>  4. Veri Analizi: Geli\u015fmi\u015f sens\u00f6rler ve g\u00f6r\u00fcnt\u00fcleme teknolojileri sayesinde dronlar, \u00e7ift\u00e7ilere detayl\u0131 veri sa\u011flar. Bu veriler, daha bilin\u00e7li ve stratejik kararlar almay\u0131 kolayla\u015ft\u0131r\u0131r, tar\u0131msal \u00fcretim s\u00fcre\u00e7lerini optimize eder.  <br \/>  5. Eri\u015filebilirlik: Engebeli veya ula\u015f\u0131lmas\u0131 zor arazilerde bile zirai dronlar rahatl\u0131kla \u00e7al\u0131\u015fabilir. Bu da her t\u00fcrl\u00fc arazi ko\u015fulunda etkili bir \u00e7\u00f6z\u00fcm sunar. Bu teknolojiyi kullanarak, tar\u0131m operasyonlar\u0131n\u0131z\u0131n verimlili\u011fini art\u0131rabilir, maliyetlerinizi d\u00fc\u015f\u00fcrebilir ve \u00e7evresel etkileri en aza indirebilirsiniz   [\/vc_column_text][vc_empty_space][\/vc_column][vc_column width=\u201d1\/2\u2033][vc_raw_html css=\u201d\u201d]JTVCRWxpdGVfdmlkZW9fcGxheWVyJTIwaWQlM0QlMjIxJTIyJTVE[\/vc_raw_html][vc_empty_space]\t\t<div id=\"et-button-69fb6ea65904f\" class=\"et_btn_align_full animation left-to-right\">\n\t\t\t<a href=\"https:\/\/wa.me\/905418281731?text=Zirai%20Drone%20Hizmetleriniz%20Hakk\u0131nda%20Bilgi%20Almak%20\u0130stiyorum.\" class=\" et_btn button et_btn_md solid color-accent button-shadow arrow-enabled \"  role=\"button\" title=\"Drone Hizmetlerimizden Yararlan\u0131n\" ><span>Take Advantage of Our Drone Services<\/span><svg xmlns=\"http:\/\/www.w3.org\/2000\/svg\" xmlns:xlink=\"http:\/\/www.w3.org\/1999\/xlink\" x=\"0px\" y=\"0px\"\r\n\t width=\"30px\" height=\"18px\" viewBox=\"0 0 30 18\" enable-background=\"new 0 0 30 18\" xml:space=\"preserve\">\r\n<path class=\"handle\" d=\"M20.305,16.212c-0.407,0.409-0.407,1.071,0,1.479s1.068,0.408,1.476,0l7.914-7.952c0.408-0.409,0.408-1.071,0-1.481\r\n\tl-7.914-7.952c-0.407-0.409-1.068-0.409-1.476,0s-0.407,1.071,0,1.48l7.185,7.221L20.305,16.212z\"\/>\r\n<path class=\"bar\" fill-rule=\"evenodd\" clip-rule=\"evenodd\" d=\"M1,8h28.001c0.551,0,1,0.448,1,1c0,0.553-0.449,1-1,1H1c-0.553,0-1-0.447-1-1\r\n\tC0,8.448,0.447,8,1,8z\"\/>\r\n<\/svg>\r\n<\/a>\n\t\t<\/div>\n\t\t\n\t[\/vc_column][\/vc_row][vc_row][vc_column][vc_row_inner][vc_column_inner][vc_column_text css=\u201d\u201d]\n<h4>MAKE AN APPOINTMENT<\/h4>\n[\/vc_column_text][\/vc_column_inner][\/vc_row_inner][\/vc_column][\/vc_row][vc_row][vc_column][vc_row_inner][vc_column_inner][vc_raw_html css=\u201d\u201d]JTVCbGF0ZXBvaW50X2Jvb2tfZm9ybSUyMHNlbGVjdGVkX2FnZW50JTNEJTIyMSUyMiUyMGhpZGVfc2lkZV9wYW5lbCUzRCUyMnllcyUyMiU1RCUwQQ==[\/vc_raw_html][\/vc_column_inner][\/vc_row_inner][\/vc_column][\/vc_row][vc_row][vc_column width=\u201d2\/3\u2033][vc_row_inner][vc_column_inner][\/vc_column_inner][\/vc_row_inner][\/vc_column][vc_column width=\u201d1\/3\u2033][\/vc_column][\/vc_row][vc_row et_full_width=\u201dtrue\u201d et_row_padding=\u201dtrue\u201d][vc_column][vc_empty_space][vc_separator color=\u201dcustom\u201d css=\u201d.vc_custom_1727291496860{margin-bottom: 0px !important;}\u201d accent_color=\u201d#0B4F8A\u201d][\/vc_column][\/vc_row]\n<\/div>","protected":false},"excerpt":{"rendered":"<p>[vc_row et_full_width=\u201dtrue\u201d et_row_padding=\u201dtrue\u201d et_column_align=\u201dalign-center\u201d full_height=\u201dyes\u201d content_placement=\u201dmiddle\u201d video_bg=\u201dyes\u201d video_bg_url=\u201dhttps:\/\/www.youtube.com\/watch?v=G8gjm2HALEM\u201d][vc_column][vc_empty_space][vc_row_inner et_column_align=\u201dalign-center\u201d content_placement=\u201dmiddle\u201d][vc_column_inner et_column_color=\u201det-light-column\u201d width=\u201d1\/2\u2033 animation=\u201danimation bottom-to-top\u201d][vc_custom_heading text=\u201dOUR AGRICULTURAL DRONE APPLICATIONS\u201d font_container=\u201dtag:h1|font_size:74|text_align:center|color:%23FFFFFF\u201d use_theme_fonts=\u201dyes\u201d css_animation=\u201dslideInUp\u201d css=\u201d\u201d][vc_empty_space][\/vc_column_inner][\/vc_row_inner][\/vc_column][\/vc_row][vc_row][vc_column][vc_empty_space height=\u201d55px\u201d][\/vc_column][\/vc_row][vc_row][vc_column width=\u201d1\/2\u2033][vc_empty_space][vc_custom_heading source=\u201dpost_title\u201d font_container=\u201dtag:h1|text_align:left\u201d use_theme_fonts=\u201dyes\u201d css=\u201d\u201d][vc_column_text css=\u201d\u201d]Agricultural drones are tools that offer revolutionary innovations in the agricultural sector. There are many reasons why farmers choose this technology: 1. [&hellip;]<\/p>\n","protected":false},"author":1,"featured_media":0,"parent":0,"menu_order":2,"comment_status":"closed","ping_status":"closed","template":"","meta":{"footnotes":""},"class_list":["post-4594","page","type-page","status-publish","hentry"],"yoast_head":"<!-- This site is optimized with the Yoast SEO plugin v27.5 - https:\/\/yoast.com\/product\/yoast-seo-wordpress\/ -->\n<title>Agricultural Drone Applications - Koray Tar\u0131m \u00dcr\u00fcnleri<\/title>\n<meta name=\"robots\" content=\"index, follow, max-snippet:-1, max-image-preview:large, max-video-preview:-1\" \/>\n<link rel=\"canonical\" href=\"https:\/\/koraytarim.com\/zirai-drone-uygulamalari\/\" \/>\n<meta property=\"og:locale\" content=\"en_US\" \/>\n<meta property=\"og:type\" content=\"article\" \/>\n<meta property=\"og:title\" content=\"Agricultural Drone Applications - Koray Tar\u0131m \u00dcr\u00fcnleri\" \/>\n<meta property=\"og:description\" content=\"[vc_row et_full_width=\u201dtrue\u201d et_row_padding=\u201dtrue\u201d et_column_align=\u201dalign-center\u201d full_height=\u201dyes\u201d content_placement=\u201dmiddle\u201d video_bg=\u201dyes\u201d video_bg_url=\u201dhttps:\/\/www.youtube.com\/watch?v=G8gjm2HALEM\u201d][vc_column][vc_empty_space][vc_row_inner et_column_align=\u201dalign-center\u201d content_placement=\u201dmiddle\u201d][vc_column_inner et_column_color=\u201det-light-column\u201d width=\u201d1\/2\u2033 animation=\u201danimation bottom-to-top\u201d][vc_custom_heading text=\u201dOUR AGRICULTURAL DRONE APPLICATIONS\u201d font_container=\u201dtag:h1|font_size:74|text_align:center|color:%23FFFFFF\u201d use_theme_fonts=\u201dyes\u201d css_animation=\u201dslideInUp\u201d css=\u201d\u201d][vc_empty_space][\/vc_column_inner][\/vc_row_inner][\/vc_column][\/vc_row][vc_row][vc_column][vc_empty_space height=\u201d55px\u201d][\/vc_column][\/vc_row][vc_row][vc_column width=\u201d1\/2\u2033][vc_empty_space][vc_custom_heading source=\u201dpost_title\u201d font_container=\u201dtag:h1|text_align:left\u201d use_theme_fonts=\u201dyes\u201d css=\u201d\u201d][vc_column_text css=\u201d\u201d]Agricultural drones are tools that offer revolutionary innovations in the agricultural sector. There are many reasons why farmers choose this technology: 1. [&hellip;]\" \/>\n<meta property=\"og:url\" content=\"https:\/\/koraytarim.com\/zirai-drone-uygulamalari\/\" \/>\n<meta property=\"og:site_name\" content=\"Koray Tar\u0131m \u00dcr\u00fcnleri\" \/>\n<meta name=\"twitter:card\" content=\"summary_large_image\" \/>\n<meta name=\"twitter:label1\" content=\"Est. reading time\" \/>\n\t<meta name=\"twitter:data1\" content=\"3 minutes\" \/>\n<script type=\"application\/ld+json\" class=\"yoast-schema-graph\">{\"@context\":\"https:\\\/\\\/schema.org\",\"@graph\":[{\"@type\":\"WebPage\",\"@id\":\"https:\\\/\\\/koraytarim.com\\\/zirai-drone-uygulamalari\\\/\",\"url\":\"https:\\\/\\\/koraytarim.com\\\/zirai-drone-uygulamalari\\\/\",\"name\":\"Agricultural Drone Applications - Koray Tar\u0131m \u00dcr\u00fcnleri\",\"isPartOf\":{\"@id\":\"https:\\\/\\\/koraytarim.com\\\/#website\"},\"datePublished\":\"2024-10-02T07:41:15+00:00\",\"breadcrumb\":{\"@id\":\"https:\\\/\\\/koraytarim.com\\\/zirai-drone-uygulamalari\\\/#breadcrumb\"},\"inLanguage\":\"en-US\",\"potentialAction\":[{\"@type\":\"ReadAction\",\"target\":[\"https:\\\/\\\/koraytarim.com\\\/zirai-drone-uygulamalari\\\/\"]}]},{\"@type\":\"BreadcrumbList\",\"@id\":\"https:\\\/\\\/koraytarim.com\\\/zirai-drone-uygulamalari\\\/#breadcrumb\",\"itemListElement\":[{\"@type\":\"ListItem\",\"position\":1,\"name\":\"Anasayfa\",\"item\":\"https:\\\/\\\/koraytarim.com\\\/\"},{\"@type\":\"ListItem\",\"position\":2,\"name\":\"Agricultural Drone Applications\"}]},{\"@type\":\"WebSite\",\"@id\":\"https:\\\/\\\/koraytarim.com\\\/#website\",\"url\":\"https:\\\/\\\/koraytarim.com\\\/\",\"name\":\"Koray Tar\u0131m \u00dcr\u00fcnleri\",\"description\":\"\u00c7ift\u00e7imizin Elinde Bereket Topra\u011f\u0131m\u0131zda Gelecek\",\"potentialAction\":[{\"@type\":\"SearchAction\",\"target\":{\"@type\":\"EntryPoint\",\"urlTemplate\":\"https:\\\/\\\/koraytarim.com\\\/?s={search_term_string}\"},\"query-input\":{\"@type\":\"PropertyValueSpecification\",\"valueRequired\":true,\"valueName\":\"search_term_string\"}}],\"inLanguage\":\"en-US\"}]}<\/script>\n<!-- \/ Yoast SEO plugin. -->","yoast_head_json":{"title":"Agricultural Drone Applications - Koray Tar\u0131m \u00dcr\u00fcnleri","robots":{"index":"index","follow":"follow","max-snippet":"max-snippet:-1","max-image-preview":"max-image-preview:large","max-video-preview":"max-video-preview:-1"},"canonical":"https:\/\/koraytarim.com\/zirai-drone-uygulamalari\/","og_locale":"en_US","og_type":"article","og_title":"Agricultural Drone Applications - Koray Tar\u0131m \u00dcr\u00fcnleri","og_description":"[vc_row et_full_width=\u201dtrue\u201d et_row_padding=\u201dtrue\u201d et_column_align=\u201dalign-center\u201d full_height=\u201dyes\u201d content_placement=\u201dmiddle\u201d video_bg=\u201dyes\u201d video_bg_url=\u201dhttps:\/\/www.youtube.com\/watch?v=G8gjm2HALEM\u201d][vc_column][vc_empty_space][vc_row_inner et_column_align=\u201dalign-center\u201d content_placement=\u201dmiddle\u201d][vc_column_inner et_column_color=\u201det-light-column\u201d width=\u201d1\/2\u2033 animation=\u201danimation bottom-to-top\u201d][vc_custom_heading text=\u201dOUR AGRICULTURAL DRONE APPLICATIONS\u201d font_container=\u201dtag:h1|font_size:74|text_align:center|color:%23FFFFFF\u201d use_theme_fonts=\u201dyes\u201d css_animation=\u201dslideInUp\u201d css=\u201d\u201d][vc_empty_space][\/vc_column_inner][\/vc_row_inner][\/vc_column][\/vc_row][vc_row][vc_column][vc_empty_space height=\u201d55px\u201d][\/vc_column][\/vc_row][vc_row][vc_column width=\u201d1\/2\u2033][vc_empty_space][vc_custom_heading source=\u201dpost_title\u201d font_container=\u201dtag:h1|text_align:left\u201d use_theme_fonts=\u201dyes\u201d css=\u201d\u201d][vc_column_text css=\u201d\u201d]Agricultural drones are tools that offer revolutionary innovations in the agricultural sector. There are many reasons why farmers choose this technology: 1. [&hellip;]","og_url":"https:\/\/koraytarim.com\/zirai-drone-uygulamalari\/","og_site_name":"Koray Tar\u0131m \u00dcr\u00fcnleri","twitter_card":"summary_large_image","twitter_misc":{"Est. reading time":"3 minutes"},"schema":{"@context":"https:\/\/schema.org","@graph":[{"@type":"WebPage","@id":"https:\/\/koraytarim.com\/zirai-drone-uygulamalari\/","url":"https:\/\/koraytarim.com\/zirai-drone-uygulamalari\/","name":"Agricultural Drone Applications - Koray Tar\u0131m \u00dcr\u00fcnleri","isPartOf":{"@id":"https:\/\/koraytarim.com\/#website"},"datePublished":"2024-10-02T07:41:15+00:00","breadcrumb":{"@id":"https:\/\/koraytarim.com\/zirai-drone-uygulamalari\/#breadcrumb"},"inLanguage":"en-US","potentialAction":[{"@type":"ReadAction","target":["https:\/\/koraytarim.com\/zirai-drone-uygulamalari\/"]}]},{"@type":"BreadcrumbList","@id":"https:\/\/koraytarim.com\/zirai-drone-uygulamalari\/#breadcrumb","itemListElement":[{"@type":"ListItem","position":1,"name":"Anasayfa","item":"https:\/\/koraytarim.com\/"},{"@type":"ListItem","position":2,"name":"Agricultural Drone Applications"}]},{"@type":"WebSite","@id":"https:\/\/koraytarim.com\/#website","url":"https:\/\/koraytarim.com\/","name":"Koray Tar\u0131m \u00dcr\u00fcnleri","description":"\u00c7ift\u00e7imizin Elinde Bereket Topra\u011f\u0131m\u0131zda Gelecek","potentialAction":[{"@type":"SearchAction","target":{"@type":"EntryPoint","urlTemplate":"https:\/\/koraytarim.com\/?s={search_term_string}"},"query-input":{"@type":"PropertyValueSpecification","valueRequired":true,"valueName":"search_term_string"}}],"inLanguage":"en-US"}]}},"_links":{"self":[{"href":"https:\/\/koraytarim.com\/en\/wp-json\/wp\/v2\/pages\/4594","targetHints":{"allow":["GET"]}}],"collection":[{"href":"https:\/\/koraytarim.com\/en\/wp-json\/wp\/v2\/pages"}],"about":[{"href":"https:\/\/koraytarim.com\/en\/wp-json\/wp\/v2\/types\/page"}],"author":[{"embeddable":true,"href":"https:\/\/koraytarim.com\/en\/wp-json\/wp\/v2\/users\/1"}],"replies":[{"embeddable":true,"href":"https:\/\/koraytarim.com\/en\/wp-json\/wp\/v2\/comments?post=4594"}],"version-history":[{"count":0,"href":"https:\/\/koraytarim.com\/en\/wp-json\/wp\/v2\/pages\/4594\/revisions"}],"wp:attachment":[{"href":"https:\/\/koraytarim.com\/en\/wp-json\/wp\/v2\/media?parent=4594"}],"curies":[{"name":"wp","href":"https:\/\/api.w.org\/{rel}","templated":true}]}}