{"id":4598,"date":"2024-10-02T10:48:24","date_gmt":"2024-10-02T07:48:24","guid":{"rendered":"https:\/\/koraytarim.com\/media-gallery\/photos\/"},"modified":"2024-10-02T10:48:24","modified_gmt":"2024-10-02T07:48:24","slug":"photos","status":"publish","type":"page","link":"https:\/\/koraytarim.com\/en\/media-gallery\/photos\/","title":{"rendered":"Photos"},"content":{"rendered":"<div class=\"wpb-content-wrapper\">[vc_row content_placement=\u201dtop\u201d][vc_column][vc_gallery type=\u201dimage_grid\u201d images=\u201d3937,3936,3935,3934,3933,3932,3931,3930,3929\u2033 img_size=\u201dmedium\u201d css_animation=\u201dnone\u201d css=\u201d.vc_custom_1730016680632{margin-top: 2% !important;margin-right: 2% !important;margin-bottom: 2% !important;margin-left: 2% !important;padding-top: 2% !important;padding-right: 2% !important;padding-bottom: 2% !important;padding-left: 2% !important;}\u201d][\/vc_column][\/vc_row][vc_row][vc_column][vc_separator color=\u201dchino\u201d css=\u201d\u201d][\/vc_column][\/vc_row][vc_row][vc_column][vc_empty_space height=\u201d72px\u201d][\/vc_column][\/vc_row][vc_row][vc_column width=\u201d1\/4\u2033][vc_separator color=\u201dcustom\u201d css=\u201d\u201d accent_color=\u201d#B9A16B\u201d][vc_empty_space][\/vc_column][vc_column width=\u201d1\/2\u2033][vc_single_image image=\u201d3662\u2033 img_size=\u201dmedium\u201d alignment=\u201dcenter\u201d css=\u201d\u201d][\/vc_column][vc_column width=\u201d1\/4\u2033][vc_empty_space][vc_separator color=\u201dcustom\u201d css=\u201d\u201d accent_color=\u201d#B9A16B\u201d][\/vc_column][\/vc_row][vc_row][vc_column][vc_empty_space][vc_row_inner][vc_column_inner][vc_column_text css=\u201d\u201d]\n<p style=\"text-align: center;\">It is an agricultural company that aims to meet the needs of its customers in the best way with its expert staff and experience in the sector. It has become a reliable brand in a short time with its approach focused on quality and customer satisfaction. Our main goal is to respond to our customers\u2019 demands and ensure the sustainable success of our business by providing them with the highest quality products and services.  <\/p>\n[\/vc_column_text][\/vc_column_inner][\/vc_row_inner][\/vc_column][\/vc_row]\n<\/div>","protected":false},"excerpt":{"rendered":"<p>[vc_row content_placement=\u201dtop\u201d][vc_column][vc_gallery type=\u201dimage_grid\u201d images=\u201d3937,3936,3935,3934,3933,3932,3931,3930,3929\u2033 img_size=\u201dmedium\u201d css_animation=\u201dnone\u201d css=\u201d.vc_custom_1730016680632{margin-top: 2% !important;margin-right: 2% !important;margin-bottom: 2% !important;margin-left: 2% !important;padding-top: 2% !important;padding-right: 2% !important;padding-bottom: 2% !important;padding-left: 2% !important;}\u201d][\/vc_column][\/vc_row][vc_row][vc_column][vc_separator color=\u201dchino\u201d css=\u201d\u201d][\/vc_column][\/vc_row][vc_row][vc_column][vc_empty_space height=\u201d72px\u201d][\/vc_column][\/vc_row][vc_row][vc_column width=\u201d1\/4\u2033][vc_separator color=\u201dcustom\u201d css=\u201d\u201d accent_color=\u201d#B9A16B\u201d][vc_empty_space][\/vc_column][vc_column width=\u201d1\/2\u2033][vc_single_image image=\u201d3662\u2033 img_size=\u201dmedium\u201d alignment=\u201dcenter\u201d css=\u201d\u201d][\/vc_column][vc_column width=\u201d1\/4\u2033][vc_empty_space][vc_separator color=\u201dcustom\u201d css=\u201d\u201d accent_color=\u201d#B9A16B\u201d][\/vc_column][\/vc_row][vc_row][vc_column][vc_empty_space][vc_row_inner][vc_column_inner][vc_column_text css=\u201d\u201d] It is an agricultural company that aims to meet the [&hellip;]<\/p>\n","protected":false},"author":1,"featured_media":0,"parent":4596,"menu_order":0,"comment_status":"closed","ping_status":"closed","template":"","meta":{"footnotes":""},"class_list":["post-4598","page","type-page","status-publish","hentry"],"yoast_head":"<!-- This site is optimized with the Yoast SEO plugin v27.5 - https:\/\/yoast.com\/product\/yoast-seo-wordpress\/ -->\n<title>Photos - Koray Tar\u0131m \u00dcr\u00fcnleri<\/title>\n<meta name=\"robots\" content=\"index, follow, max-snippet:-1, max-image-preview:large, max-video-preview:-1\" \/>\n<link rel=\"canonical\" href=\"https:\/\/koraytarim.com\/medya\/fotograflar\/\" \/>\n<meta property=\"og:locale\" content=\"en_US\" \/>\n<meta property=\"og:type\" content=\"article\" \/>\n<meta property=\"og:title\" content=\"Photos - Koray Tar\u0131m \u00dcr\u00fcnleri\" \/>\n<meta property=\"og:description\" content=\"[vc_row content_placement=\u201dtop\u201d][vc_column][vc_gallery type=\u201dimage_grid\u201d images=\u201d3937,3936,3935,3934,3933,3932,3931,3930,3929\u2033 img_size=\u201dmedium\u201d css_animation=\u201dnone\u201d css=\u201d.vc_custom_1730016680632{margin-top: 2% !important;margin-right: 2% !important;margin-bottom: 2% !important;margin-left: 2% !important;padding-top: 2% !important;padding-right: 2% !important;padding-bottom: 2% !important;padding-left: 2% !important;}\u201d][\/vc_column][\/vc_row][vc_row][vc_column][vc_separator color=\u201dchino\u201d css=\u201d\u201d][\/vc_column][\/vc_row][vc_row][vc_column][vc_empty_space height=\u201d72px\u201d][\/vc_column][\/vc_row][vc_row][vc_column width=\u201d1\/4\u2033][vc_separator color=\u201dcustom\u201d css=\u201d\u201d accent_color=\u201d#B9A16B\u201d][vc_empty_space][\/vc_column][vc_column width=\u201d1\/2\u2033][vc_single_image image=\u201d3662\u2033 img_size=\u201dmedium\u201d alignment=\u201dcenter\u201d css=\u201d\u201d][\/vc_column][vc_column width=\u201d1\/4\u2033][vc_empty_space][vc_separator color=\u201dcustom\u201d css=\u201d\u201d accent_color=\u201d#B9A16B\u201d][\/vc_column][\/vc_row][vc_row][vc_column][vc_empty_space][vc_row_inner][vc_column_inner][vc_column_text css=\u201d\u201d] It is an agricultural company that aims to meet the [&hellip;]\" \/>\n<meta property=\"og:url\" content=\"https:\/\/koraytarim.com\/medya\/fotograflar\/\" \/>\n<meta property=\"og:site_name\" content=\"Koray Tar\u0131m \u00dcr\u00fcnleri\" \/>\n<meta name=\"twitter:card\" content=\"summary_large_image\" \/>\n<meta name=\"twitter:label1\" content=\"Est. reading time\" \/>\n\t<meta name=\"twitter:data1\" content=\"1 minute\" \/>\n<script type=\"application\/ld+json\" class=\"yoast-schema-graph\">{\"@context\":\"https:\\\/\\\/schema.org\",\"@graph\":[{\"@type\":\"WebPage\",\"@id\":\"https:\\\/\\\/koraytarim.com\\\/medya\\\/fotograflar\\\/\",\"url\":\"https:\\\/\\\/koraytarim.com\\\/medya\\\/fotograflar\\\/\",\"name\":\"Photos - Koray Tar\u0131m \u00dcr\u00fcnleri\",\"isPartOf\":{\"@id\":\"https:\\\/\\\/koraytarim.com\\\/#website\"},\"datePublished\":\"2024-10-02T07:48:24+00:00\",\"breadcrumb\":{\"@id\":\"https:\\\/\\\/koraytarim.com\\\/medya\\\/fotograflar\\\/#breadcrumb\"},\"inLanguage\":\"en-US\",\"potentialAction\":[{\"@type\":\"ReadAction\",\"target\":[\"https:\\\/\\\/koraytarim.com\\\/medya\\\/fotograflar\\\/\"]}]},{\"@type\":\"BreadcrumbList\",\"@id\":\"https:\\\/\\\/koraytarim.com\\\/medya\\\/fotograflar\\\/#breadcrumb\",\"itemListElement\":[{\"@type\":\"ListItem\",\"position\":1,\"name\":\"Anasayfa\",\"item\":\"https:\\\/\\\/koraytarim.com\\\/\"},{\"@type\":\"ListItem\",\"position\":2,\"name\":\"Media Gallery\",\"item\":\"https:\\\/\\\/koraytarim.com\\\/medya\\\/\"},{\"@type\":\"ListItem\",\"position\":3,\"name\":\"Photos\"}]},{\"@type\":\"WebSite\",\"@id\":\"https:\\\/\\\/koraytarim.com\\\/#website\",\"url\":\"https:\\\/\\\/koraytarim.com\\\/\",\"name\":\"Koray Tar\u0131m \u00dcr\u00fcnleri\",\"description\":\"\u00c7ift\u00e7imizin Elinde Bereket Topra\u011f\u0131m\u0131zda Gelecek\",\"potentialAction\":[{\"@type\":\"SearchAction\",\"target\":{\"@type\":\"EntryPoint\",\"urlTemplate\":\"https:\\\/\\\/koraytarim.com\\\/?s={search_term_string}\"},\"query-input\":{\"@type\":\"PropertyValueSpecification\",\"valueRequired\":true,\"valueName\":\"search_term_string\"}}],\"inLanguage\":\"en-US\"}]}<\/script>\n<!-- \/ Yoast SEO plugin. -->","yoast_head_json":{"title":"Photos - Koray Tar\u0131m \u00dcr\u00fcnleri","robots":{"index":"index","follow":"follow","max-snippet":"max-snippet:-1","max-image-preview":"max-image-preview:large","max-video-preview":"max-video-preview:-1"},"canonical":"https:\/\/koraytarim.com\/medya\/fotograflar\/","og_locale":"en_US","og_type":"article","og_title":"Photos - Koray Tar\u0131m \u00dcr\u00fcnleri","og_description":"[vc_row content_placement=\u201dtop\u201d][vc_column][vc_gallery type=\u201dimage_grid\u201d images=\u201d3937,3936,3935,3934,3933,3932,3931,3930,3929\u2033 img_size=\u201dmedium\u201d css_animation=\u201dnone\u201d css=\u201d.vc_custom_1730016680632{margin-top: 2% !important;margin-right: 2% !important;margin-bottom: 2% !important;margin-left: 2% !important;padding-top: 2% !important;padding-right: 2% !important;padding-bottom: 2% !important;padding-left: 2% !important;}\u201d][\/vc_column][\/vc_row][vc_row][vc_column][vc_separator color=\u201dchino\u201d css=\u201d\u201d][\/vc_column][\/vc_row][vc_row][vc_column][vc_empty_space height=\u201d72px\u201d][\/vc_column][\/vc_row][vc_row][vc_column width=\u201d1\/4\u2033][vc_separator color=\u201dcustom\u201d css=\u201d\u201d accent_color=\u201d#B9A16B\u201d][vc_empty_space][\/vc_column][vc_column width=\u201d1\/2\u2033][vc_single_image image=\u201d3662\u2033 img_size=\u201dmedium\u201d alignment=\u201dcenter\u201d css=\u201d\u201d][\/vc_column][vc_column width=\u201d1\/4\u2033][vc_empty_space][vc_separator color=\u201dcustom\u201d css=\u201d\u201d accent_color=\u201d#B9A16B\u201d][\/vc_column][\/vc_row][vc_row][vc_column][vc_empty_space][vc_row_inner][vc_column_inner][vc_column_text css=\u201d\u201d] It is an agricultural company that aims to meet the [&hellip;]","og_url":"https:\/\/koraytarim.com\/medya\/fotograflar\/","og_site_name":"Koray Tar\u0131m \u00dcr\u00fcnleri","twitter_card":"summary_large_image","twitter_misc":{"Est. reading time":"1 minute"},"schema":{"@context":"https:\/\/schema.org","@graph":[{"@type":"WebPage","@id":"https:\/\/koraytarim.com\/medya\/fotograflar\/","url":"https:\/\/koraytarim.com\/medya\/fotograflar\/","name":"Photos - Koray Tar\u0131m \u00dcr\u00fcnleri","isPartOf":{"@id":"https:\/\/koraytarim.com\/#website"},"datePublished":"2024-10-02T07:48:24+00:00","breadcrumb":{"@id":"https:\/\/koraytarim.com\/medya\/fotograflar\/#breadcrumb"},"inLanguage":"en-US","potentialAction":[{"@type":"ReadAction","target":["https:\/\/koraytarim.com\/medya\/fotograflar\/"]}]},{"@type":"BreadcrumbList","@id":"https:\/\/koraytarim.com\/medya\/fotograflar\/#breadcrumb","itemListElement":[{"@type":"ListItem","position":1,"name":"Anasayfa","item":"https:\/\/koraytarim.com\/"},{"@type":"ListItem","position":2,"name":"Media Gallery","item":"https:\/\/koraytarim.com\/medya\/"},{"@type":"ListItem","position":3,"name":"Photos"}]},{"@type":"WebSite","@id":"https:\/\/koraytarim.com\/#website","url":"https:\/\/koraytarim.com\/","name":"Koray Tar\u0131m \u00dcr\u00fcnleri","description":"\u00c7ift\u00e7imizin Elinde Bereket Topra\u011f\u0131m\u0131zda Gelecek","potentialAction":[{"@type":"SearchAction","target":{"@type":"EntryPoint","urlTemplate":"https:\/\/koraytarim.com\/?s={search_term_string}"},"query-input":{"@type":"PropertyValueSpecification","valueRequired":true,"valueName":"search_term_string"}}],"inLanguage":"en-US"}]}},"_links":{"self":[{"href":"https:\/\/koraytarim.com\/en\/wp-json\/wp\/v2\/pages\/4598","targetHints":{"allow":["GET"]}}],"collection":[{"href":"https:\/\/koraytarim.com\/en\/wp-json\/wp\/v2\/pages"}],"about":[{"href":"https:\/\/koraytarim.com\/en\/wp-json\/wp\/v2\/types\/page"}],"author":[{"embeddable":true,"href":"https:\/\/koraytarim.com\/en\/wp-json\/wp\/v2\/users\/1"}],"replies":[{"embeddable":true,"href":"https:\/\/koraytarim.com\/en\/wp-json\/wp\/v2\/comments?post=4598"}],"version-history":[{"count":0,"href":"https:\/\/koraytarim.com\/en\/wp-json\/wp\/v2\/pages\/4598\/revisions"}],"up":[{"embeddable":true,"href":"https:\/\/koraytarim.com\/en\/wp-json\/wp\/v2\/pages\/4596"}],"wp:attachment":[{"href":"https:\/\/koraytarim.com\/en\/wp-json\/wp\/v2\/media?parent=4598"}],"curies":[{"name":"wp","href":"https:\/\/api.w.org\/{rel}","templated":true}]}}