{"id":4727,"date":"2023-04-29T23:39:40","date_gmt":"2023-04-29T20:39:40","guid":{"rendered":"https:\/\/koraytarim.com\/kvkk-information-text-on-the-protection-of-personal-data\/"},"modified":"2023-04-29T23:39:40","modified_gmt":"2023-04-29T20:39:40","slug":"kvkk-information-text-on-the-protection-of-personal-data","status":"publish","type":"page","link":"https:\/\/koraytarim.com\/en\/kvkk-information-text-on-the-protection-of-personal-data\/","title":{"rendered":"KVKK- Information text on the protection of personal data"},"content":{"rendered":"<div class=\"wpb-content-wrapper\">[vc_row][vc_column][vc_row_inner][vc_column_inner][\/vc_column_inner][\/vc_row_inner][vc_column_text css=\u201d\u201d]INFORMATION TEXT ON PROCESSING OF PERSONAL DATA (\u201cINFORMATION TEXT\u201d) As KORAY TARIM; this information text (\u201cInformation Text\u201d) regarding the protection of personal data in its capacity as the data controller in order to protect the personal data of its customers, business partners and other third parties with whom it has relations and to ensure data confidentiality and security is presented to your attention in order to inform you. This Disclosure Text has been prepared in order to ensure that KORAY TARIM fulfills its obligation to inform as the \u201cData Controller\u201d regarding the processing of your personal data (any information related to an identified or identifiable natural person such as your name, address, telephone number, e-mail address) (\u201cPersonal Data(s)\u201d) and your rights regarding these, which are provided and\/or collected within the scope of visiting the KORAY TARIM company through the website, placing an order by physical or other methods or requesting consultancy, establishing a consultancy contract and\/or performing a consultancy contract, carrying out recruitment processes, or providing services to those who want to contact, within the framework of Article 10 of the Law on the Protection of Personal Data No. 6698 (\u201cLPPD\u201d). KORAY TARIM has the title of data controller within the scope of LPPD in terms of processing Personal Data. Personal Data may be processed and stored by KORAY TARIM in accordance with the LPPD and the legislation on the protection of personal data. Purposes of Processing Personal Data Your personal data may be processed by the data controller KORAY TARIM in accordance with Article 20 of the Constitution of the Republic of Turkey and Article 4 of the KVKK for the following purposes: Providing the services you request in line with your needs,<br \/>\nCommunicating via the website,<br \/>\nPlanning commercial and\/or legal business strategies,<br \/>\nExamining consultancy offers, service offers,<br \/>\nConducting the information security process,<br \/>\nEstablishing and\/or performing sales or consultancy contracts,<br \/>\nConducting customer relations processes,<br \/>\nConducting contract processes and determining and checking the signature authorities of the parties signing the relevant documents,<br \/>\nRecording the identity, address, tax number and other information required for determining the owners and addressees of all kinds of work and transactions, organizing them on paper or in electronic form,<br \/>\nProviding information to the competent court, enforcement office, institutions and\/or organizations,<br \/>\nEvaluating candidates in recruitment processes,<br \/>\nProviding information on current events and news based on the services. Personal Data Collection Methods and Legal Reasons Personal Data is collected by KORAY TARIM through the tools and channels to be used, primarily consultancy, offering offers for services and\/or establishing customer relations and\/or establishing consultancy contracts, providing services through the website, in verbal, written or electronic media and in line with the purposes stated above, in order for KORAY TARIM to provide services, fulfill its responsibilities arising from contracts and laws completely and correctly, in order to meet the minimum technological needs and based on the legal reasons determined by the laws.<br \/>\n\u0130nternet sitesi \u00fczerinden ileti\u015fim kurulmas\u0131,<br \/>Ticari ve\/veya hukuki i\u015f stratejilerin planlanmas\u0131,<br \/>Dan\u0131\u015fmanl\u0131k teklifleri, hizmet i\u00e7in sunulan tekliflerin incelenmesi,<br \/>Bilgi g\u00fcvenli\u011fi s\u00fcrecinin y\u00fcr\u00fct\u00fclmesi,<br \/>Sat\u0131\u015f veya dan\u0131\u015fmanl\u0131k s\u00f6zle\u015fmesinin kurulmas\u0131 ve\/veya ifas\u0131,<br \/>M\u00fc\u015fteri ili\u015fkileri s\u00fcre\u00e7lerinin y\u00fcr\u00fct\u00fclmesi,<br \/>S\u00f6zle\u015fme s\u00fcre\u00e7lerinin y\u00fcr\u00fct\u00fclmesi ve ilgili belgeleri imzalayan taraflar\u0131n imza yetkilerinin tespiti ve kontrol\u00fc<br \/>Her t\u00fcrl\u00fc i\u015f ve i\u015flemlerin sahiplerinin ve muhataplar\u0131n\u0131n belirlenmesinde gerekli kimlik, adres, vergi numaras\u0131 ve di\u011fer bilgilerin kayd\u0131, k\u00e2\u011f\u0131t \u00fczerinde veya elektronik ortamda d\u00fczenlenmesi,<br \/>Yetkili Mahkeme, \u0130cra Dairesi, kurum ve\/veya kurulu\u015flara bilgi verilmesi,<br \/>\u0130\u015fe al\u0131m s\u00fcre\u00e7lerinde adaylar\u0131n de\u011ferlendirilmesi<br \/>Hizmetlere dayal\u0131 g\u00fcncel olay ve haberlere ili\u015fkin bilgi verilmesi,<br \/>ama\u00e7lar\u0131 ile i\u015flenebilir. Ki\u015fisel Veriler\u2019in Toplanma Y\u00f6ntemleri ile Hukuki Sebepleri Ki\u015fisel Veriler, KORAY TARIM taraf\u0131ndan ba\u015fta dan\u0131\u015fmanl\u0131k, hizmet i\u00e7in teklif sunulmas\u0131 ve\/veya m\u00fc\u015fteri ili\u015fkileri kurulmas\u0131 ve\/veya dan\u0131\u015fmanl\u0131k s\u00f6zle\u015fmesi kurulmas\u0131 internet sitesi \u00fczerinden hizmetlerin sunulmas\u0131 olmak \u00fczere kullan\u0131lacak ara\u00e7 ve kanallar arac\u0131l\u0131\u011f\u0131yla s\u00f6zl\u00fc, yaz\u0131l\u0131 veya elektronik ortamda ve yukar\u0131da yer verilen ama\u00e7lar do\u011frultusunda KORAY TARIM \u2018nin hizmetlerin sunumu, s\u00f6zle\u015fmeler ve kanunlardan do\u011fan mesuliyetlerini eksiksiz ve do\u011fru bir \u015fekilde yerine getirebilmesi i\u00e7in asgari teknolojik ihtiya\u00e7lar\u0131n kar\u015f\u0131lanmas\u0131 ve yasalarla belirlenmi\u015f hukuki sebeplere dayan\u0131larak toplanmaktad\u0131r.<\/p>\n<p> Personal Data collected for these legal reasons may be processed and transferred by KORAY TARIM in accordance with the basic principles set forth in the KVKK, in line with the personal data processing conditions and purposes specified in Articles 5 and 6 of the KVKK, for the purposes specified in this text. Processing of Personal Data KORAY TARIM will collect Personal Data only for definite, clear and legal purposes and may store it for the periods required by the purposes of processing the Personal Data explained in the relevant section above, and will not process Personal Data in a manner incompatible with the purposes for which they were collected within the framework specified in the KVKK and this Disclosure Text, and will delete or destroy or anonymize it ex officio or upon the request of the relevant person, if the reasons requiring processing cease to exist, save for the cases where there is a legal obligation to store it. Transfer of Personal Data Your Personal Data may be transferred by KORAY TARIM to its business partners, lawyers, authorized courts and\/or enforcement offices and public institutions and organizations located in Turkey for the purposes of legal and financial audits in accordance with Article 8 of the Law in order to realize the Purposes of Processing Personal Data set forth in this Disclosure Text and, in addition, the data processing purposes specified below. In addition, your personal data may be transferred by KORAY TARIM directly or indirectly to third parties located abroad from whom it receives or plans to receive consultancy, support or legal services, third parties from whom it receives or plans to receive consultancy, support or services on other matters (including cloud computing service providers that may have servers in various countries), legally authorized institutions and organizations, within the framework of the specified personal data processing conditions and purposes. In case your personal data can be transferred domestically or abroad, the minimum technical and administrative measures required are taken by KORAY TARIM at the appropriate level. In addition, a commitment is taken that the 3rd parties transferring data have also taken the necessary technical and administrative measures. Rights of Data Owners According to Article 20 of the Constitution of the Republic of Turkey, everyone has the right to be informed about personal data related to him\/her, and according to Article 11 of the KVKK, the right to \u201crequest information\u201d is also among the rights of the Personal Data owner. Within this scope, KORAY TARIM provides the necessary information in case the personal data owner requests information, and with this Disclosure Text, KORAY TARIM informs the data owner about how the right to request information in question is used and how the issues regarding the information request will be evaluated. Personal data owners have the following rights in accordance with the KVKK: To learn whether their Personal Data is processed or not,<br \/>\nKi\u015fisel Veriler\u2019i i\u015flenmi\u015fse buna ili\u015fkin bilgi talep etme,<br \/>\nKi\u015fisel Veriler\u2019inin i\u015flenme amac\u0131n\u0131 ve bunlar\u0131n amac\u0131na uygun kullan\u0131l\u0131p kullan\u0131lmad\u0131\u011f\u0131n\u0131 \u00f6\u011frenme,<br \/>\nYurt i\u00e7inde veya yurt d\u0131\u015f\u0131nda Ki\u015fisel Veriler\u2019inin aktar\u0131ld\u0131\u011f\u0131 \u00fc\u00e7\u00fcnc\u00fc ki\u015fileri bilme,<br \/>\nKi\u015fisel Veriler\u2019inin eksik veya yanl\u0131\u015f i\u015flenmi\u015f olmas\u0131 halinde bunlar\u0131n d\u00fczetilmesini isteme,<br \/>\nKVKK\u2019n\u0131n 7.  <\/p>\n<p> Request information about the processing of personal data,<br \/>\nLearn the purpose of processing personal data and whether they are used in accordance with their purpose,<br \/>\nKnow the third parties to whom personal data is transferred domestically or abroad,<br \/>\nRequest correction of personal data if it is processed incompletely or incorrectly,<br \/>Article 7 of the KVKK Within the framework of the conditions stipulated in article 1 of this Law, they have the right to request the deletion\/destruction of their Personal Data and notification of third parties to whom the Personal Data has been transferred, to object to the emergence of a result against them by analyzing the processed data exclusively through automatic systems, and to request the redress of any damages they incur due to the processing of their Personal Data in violation of the KVKK. Application of the Data Owner You can submit your requests regarding your rights specified above in writing to bilgi@koraytarim.com or to our address below. In the event that the completion of such requests requires an additional cost, KORAY TARIM may request the fee in the tariff determined by the Personal Data Protection Board from the applicant. KORAY TARIM Mehmet Akif Ersoy Mah. Yeni Tah\u0131l Pazar\u0131 B\/Blok No:3 Merzifon Merzifon AMASYA<\/p>\n<p> [\/vc_column_text][\/vc_column][\/vc_row]\n<\/div>","protected":false},"excerpt":{"rendered":"<p>[vc_row][vc_column][vc_row_inner][vc_column_inner][\/vc_column_inner][\/vc_row_inner][vc_column_text css=\u201d\u201d]INFORMATION TEXT ON PROCESSING OF PERSONAL DATA (\u201cINFORMATION TEXT\u201d) As KORAY TARIM; this information text (\u201cInformation Text\u201d) regarding the protection of personal data in its capacity as the data controller in order to protect the personal data of its customers, business partners and other third parties with whom it [&hellip;]<\/p>\n","protected":false},"author":1,"featured_media":0,"parent":0,"menu_order":90,"comment_status":"closed","ping_status":"closed","template":"","meta":{"footnotes":""},"class_list":["post-4727","page","type-page","status-publish","hentry"],"yoast_head":"<!-- This site is optimized with the Yoast SEO plugin v27.5 - https:\/\/yoast.com\/product\/yoast-seo-wordpress\/ -->\n<title>KVKK- Information text on the protection of personal data - Koray Tar\u0131m \u00dcr\u00fcnleri<\/title>\n<meta name=\"robots\" content=\"index, follow, max-snippet:-1, max-image-preview:large, max-video-preview:-1\" \/>\n<link rel=\"canonical\" href=\"https:\/\/koraytarim.com\/kvkk-aydinlatma-metni\/\" \/>\n<meta property=\"og:locale\" content=\"en_US\" \/>\n<meta property=\"og:type\" content=\"article\" \/>\n<meta property=\"og:title\" content=\"KVKK- Information text on the protection of personal data - Koray Tar\u0131m \u00dcr\u00fcnleri\" \/>\n<meta property=\"og:description\" content=\"[vc_row][vc_column][vc_row_inner][vc_column_inner][\/vc_column_inner][\/vc_row_inner][vc_column_text css=\u201d\u201d]INFORMATION TEXT ON PROCESSING OF PERSONAL DATA (\u201cINFORMATION TEXT\u201d) As KORAY TARIM; this information text (\u201cInformation Text\u201d) regarding the protection of personal data in its capacity as the data controller in order to protect the personal data of its customers, business partners and other third parties with whom it [&hellip;]\" \/>\n<meta property=\"og:url\" content=\"https:\/\/koraytarim.com\/kvkk-aydinlatma-metni\/\" \/>\n<meta property=\"og:site_name\" content=\"Koray Tar\u0131m \u00dcr\u00fcnleri\" \/>\n<meta name=\"twitter:card\" content=\"summary_large_image\" \/>\n<meta name=\"twitter:label1\" content=\"Est. reading time\" \/>\n\t<meta name=\"twitter:data1\" content=\"8 minutes\" \/>\n<script type=\"application\/ld+json\" class=\"yoast-schema-graph\">{\"@context\":\"https:\\\/\\\/schema.org\",\"@graph\":[{\"@type\":\"WebPage\",\"@id\":\"https:\\\/\\\/koraytarim.com\\\/kvkk-aydinlatma-metni\\\/\",\"url\":\"https:\\\/\\\/koraytarim.com\\\/kvkk-aydinlatma-metni\\\/\",\"name\":\"KVKK- Information text on the protection of personal data - Koray Tar\u0131m \u00dcr\u00fcnleri\",\"isPartOf\":{\"@id\":\"https:\\\/\\\/koraytarim.com\\\/#website\"},\"datePublished\":\"2023-04-29T20:39:40+00:00\",\"breadcrumb\":{\"@id\":\"https:\\\/\\\/koraytarim.com\\\/kvkk-aydinlatma-metni\\\/#breadcrumb\"},\"inLanguage\":\"en-US\",\"potentialAction\":[{\"@type\":\"ReadAction\",\"target\":[\"https:\\\/\\\/koraytarim.com\\\/kvkk-aydinlatma-metni\\\/\"]}]},{\"@type\":\"BreadcrumbList\",\"@id\":\"https:\\\/\\\/koraytarim.com\\\/kvkk-aydinlatma-metni\\\/#breadcrumb\",\"itemListElement\":[{\"@type\":\"ListItem\",\"position\":1,\"name\":\"Anasayfa\",\"item\":\"https:\\\/\\\/koraytarim.com\\\/\"},{\"@type\":\"ListItem\",\"position\":2,\"name\":\"KVKK- Information text on the protection of personal data\"}]},{\"@type\":\"WebSite\",\"@id\":\"https:\\\/\\\/koraytarim.com\\\/#website\",\"url\":\"https:\\\/\\\/koraytarim.com\\\/\",\"name\":\"Koray Tar\u0131m \u00dcr\u00fcnleri\",\"description\":\"\u00c7ift\u00e7imizin Elinde Bereket Topra\u011f\u0131m\u0131zda Gelecek\",\"potentialAction\":[{\"@type\":\"SearchAction\",\"target\":{\"@type\":\"EntryPoint\",\"urlTemplate\":\"https:\\\/\\\/koraytarim.com\\\/?s={search_term_string}\"},\"query-input\":{\"@type\":\"PropertyValueSpecification\",\"valueRequired\":true,\"valueName\":\"search_term_string\"}}],\"inLanguage\":\"en-US\"}]}<\/script>\n<!-- \/ Yoast SEO plugin. -->","yoast_head_json":{"title":"KVKK- Information text on the protection of personal data - Koray Tar\u0131m \u00dcr\u00fcnleri","robots":{"index":"index","follow":"follow","max-snippet":"max-snippet:-1","max-image-preview":"max-image-preview:large","max-video-preview":"max-video-preview:-1"},"canonical":"https:\/\/koraytarim.com\/kvkk-aydinlatma-metni\/","og_locale":"en_US","og_type":"article","og_title":"KVKK- Information text on the protection of personal data - Koray Tar\u0131m \u00dcr\u00fcnleri","og_description":"[vc_row][vc_column][vc_row_inner][vc_column_inner][\/vc_column_inner][\/vc_row_inner][vc_column_text css=\u201d\u201d]INFORMATION TEXT ON PROCESSING OF PERSONAL DATA (\u201cINFORMATION TEXT\u201d) As KORAY TARIM; this information text (\u201cInformation Text\u201d) regarding the protection of personal data in its capacity as the data controller in order to protect the personal data of its customers, business partners and other third parties with whom it [&hellip;]","og_url":"https:\/\/koraytarim.com\/kvkk-aydinlatma-metni\/","og_site_name":"Koray Tar\u0131m \u00dcr\u00fcnleri","twitter_card":"summary_large_image","twitter_misc":{"Est. reading time":"8 minutes"},"schema":{"@context":"https:\/\/schema.org","@graph":[{"@type":"WebPage","@id":"https:\/\/koraytarim.com\/kvkk-aydinlatma-metni\/","url":"https:\/\/koraytarim.com\/kvkk-aydinlatma-metni\/","name":"KVKK- Information text on the protection of personal data - Koray Tar\u0131m \u00dcr\u00fcnleri","isPartOf":{"@id":"https:\/\/koraytarim.com\/#website"},"datePublished":"2023-04-29T20:39:40+00:00","breadcrumb":{"@id":"https:\/\/koraytarim.com\/kvkk-aydinlatma-metni\/#breadcrumb"},"inLanguage":"en-US","potentialAction":[{"@type":"ReadAction","target":["https:\/\/koraytarim.com\/kvkk-aydinlatma-metni\/"]}]},{"@type":"BreadcrumbList","@id":"https:\/\/koraytarim.com\/kvkk-aydinlatma-metni\/#breadcrumb","itemListElement":[{"@type":"ListItem","position":1,"name":"Anasayfa","item":"https:\/\/koraytarim.com\/"},{"@type":"ListItem","position":2,"name":"KVKK- Information text on the protection of personal data"}]},{"@type":"WebSite","@id":"https:\/\/koraytarim.com\/#website","url":"https:\/\/koraytarim.com\/","name":"Koray Tar\u0131m \u00dcr\u00fcnleri","description":"\u00c7ift\u00e7imizin Elinde Bereket Topra\u011f\u0131m\u0131zda Gelecek","potentialAction":[{"@type":"SearchAction","target":{"@type":"EntryPoint","urlTemplate":"https:\/\/koraytarim.com\/?s={search_term_string}"},"query-input":{"@type":"PropertyValueSpecification","valueRequired":true,"valueName":"search_term_string"}}],"inLanguage":"en-US"}]}},"_links":{"self":[{"href":"https:\/\/koraytarim.com\/en\/wp-json\/wp\/v2\/pages\/4727","targetHints":{"allow":["GET"]}}],"collection":[{"href":"https:\/\/koraytarim.com\/en\/wp-json\/wp\/v2\/pages"}],"about":[{"href":"https:\/\/koraytarim.com\/en\/wp-json\/wp\/v2\/types\/page"}],"author":[{"embeddable":true,"href":"https:\/\/koraytarim.com\/en\/wp-json\/wp\/v2\/users\/1"}],"replies":[{"embeddable":true,"href":"https:\/\/koraytarim.com\/en\/wp-json\/wp\/v2\/comments?post=4727"}],"version-history":[{"count":0,"href":"https:\/\/koraytarim.com\/en\/wp-json\/wp\/v2\/pages\/4727\/revisions"}],"wp:attachment":[{"href":"https:\/\/koraytarim.com\/en\/wp-json\/wp\/v2\/media?parent=4727"}],"curies":[{"name":"wp","href":"https:\/\/api.w.org\/{rel}","templated":true}]}}