{"id":4654,"date":"2024-10-02T10:38:11","date_gmt":"2024-10-02T07:38:11","guid":{"rendered":""},"modified":"2024-10-02T10:38:11","modified_gmt":"2024-10-02T07:38:11","slug":"%d0%bd%d0%b0%d1%88%d0%b5-%d0%b4%d1%80%d0%be%d0%b1%d0%b8%d0%bb%d1%8c%d0%bd%d0%be-%d0%b4%d1%80%d0%be%d0%b1%d0%b8%d0%bb%d1%8c%d0%bd%d0%be%d0%b5-%d0%bf%d1%80%d0%b5%d0%b4%d0%bf%d1%80%d0%b8%d1%8f%d1%82","status":"publish","type":"page","link":"https:\/\/koraytarim.com\/ru\/%d0%bd%d0%b0%d1%88%d0%b8-%d1%83%d1%81%d0%bb%d1%83%d0%b3%d0%b8\/%d0%bd%d0%b0%d1%88%d0%b5-%d0%b4%d1%80%d0%be%d0%b1%d0%b8%d0%bb%d1%8c%d0%bd%d0%be-%d0%b4%d1%80%d0%be%d0%b1%d0%b8%d0%bb%d1%8c%d0%bd%d0%be%d0%b5-%d0%bf%d1%80%d0%b5%d0%b4%d0%bf%d1%80%d0%b8%d1%8f%d1%82\/","title":{"rendered":"\u041d\u0430\u0448\u0435 \u0434\u0440\u043e\u0431\u0438\u043b\u044c\u043d\u043e-\u0434\u0440\u043e\u0431\u0438\u043b\u044c\u043d\u043e\u0435 \u043f\u0440\u0435\u0434\u043f\u0440\u0438\u044f\u0442\u0438\u0435"},"content":{"rendered":"<div class=\"wpb-content-wrapper\">[vc_row et_full_width=\u00bbtrue\u00bb et_row_padding=\u00bbtrue\u00bb][vc_column]\n\t\t<div class=\"et-banner-69fb7c430c5fd et-banner content-full  image-type-fluid has-alt-image text-color-dark hover-effect  \" ><img loading=\"lazy\" decoding=\"async\" width=\"2560\" height=\"800\" src=\"https:\/\/koraytarim.com\/wp-content\/uploads\/2024\/10\/anasayfa_full_banner_.webp\" class=\"et-banner-main-image\" alt=\"\" sizes=\"auto, (max-width: 2560px) 100vw, 2560px\" srcset=\"https:\/\/koraytarim.com\/wp-content\/uploads\/2024\/10\/anasayfa_full_banner_.webp 2560w, https:\/\/koraytarim.com\/wp-content\/uploads\/2024\/10\/anasayfa_full_banner_-600x188.webp 600w, https:\/\/koraytarim.com\/wp-content\/uploads\/2024\/10\/anasayfa_full_banner_-900x281.webp 900w, https:\/\/koraytarim.com\/wp-content\/uploads\/2024\/10\/anasayfa_full_banner_-300x94.webp 300w, https:\/\/koraytarim.com\/wp-content\/uploads\/2024\/10\/anasayfa_full_banner_-1024x320.webp 1024w, https:\/\/koraytarim.com\/wp-content\/uploads\/2024\/10\/anasayfa_full_banner_-768x240.webp 768w, https:\/\/koraytarim.com\/wp-content\/uploads\/2024\/10\/anasayfa_full_banner_-1536x480.webp 1536w, https:\/\/koraytarim.com\/wp-content\/uploads\/2024\/10\/anasayfa_full_banner_-2048x640.webp 2048w, https:\/\/koraytarim.com\/wp-content\/uploads\/2024\/10\/anasayfa_full_banner_-150x47.webp 150w\" \/><img loading=\"lazy\" decoding=\"async\" width=\"1920\" height=\"1350\" src=\"https:\/\/koraytarim.com\/wp-content\/uploads\/2024\/10\/anasayfa_full_banner_mobil_tarim.webp\" class=\"et-banner-alt-image\" alt=\"\" srcset=\"https:\/\/koraytarim.com\/wp-content\/uploads\/2024\/10\/anasayfa_full_banner_mobil_tarim.webp 1920w, https:\/\/koraytarim.com\/wp-content\/uploads\/2024\/10\/anasayfa_full_banner_mobil_tarim-600x422.webp 600w, https:\/\/koraytarim.com\/wp-content\/uploads\/2024\/10\/anasayfa_full_banner_mobil_tarim-900x633.webp 900w, https:\/\/koraytarim.com\/wp-content\/uploads\/2024\/10\/anasayfa_full_banner_mobil_tarim-300x211.webp 300w, https:\/\/koraytarim.com\/wp-content\/uploads\/2024\/10\/anasayfa_full_banner_mobil_tarim-1024x720.webp 1024w, https:\/\/koraytarim.com\/wp-content\/uploads\/2024\/10\/anasayfa_full_banner_mobil_tarim-768x540.webp 768w, https:\/\/koraytarim.com\/wp-content\/uploads\/2024\/10\/anasayfa_full_banner_mobil_tarim-1536x1080.webp 1536w, https:\/\/koraytarim.com\/wp-content\/uploads\/2024\/10\/anasayfa_full_banner_mobil_tarim-150x105.webp 150w\" sizes=\"auto, (max-width: 1920px) 100vw, 1920px\" \/>\n\t\t<\/div>[vc_empty_space][\/vc_column][\/vc_row][vc_row][vc_column width=\u00bb1\/2\u2033][vc_custom_heading source=\u00bbpost_title\u00bb font_container=\u00bbtag:h1|text_align:left\u00bb use_theme_fonts=\u00bbyes\u00bb css_animation=\u00bbbottom-to-top\u00bb css=\u00bb\u00bb][vc_empty_space][vc_column_text css=\u00bb\u00bb]\u041d\u0430\u0448\u0438 \u0434\u0440\u043e\u0431\u0438\u043b\u044c\u043d\u044b\u0435 \u0443\u0441\u0442\u0430\u043d\u043e\u0432\u043a\u0438 \u043e\u0431\u043b\u0430\u0434\u0430\u044e\u0442 \u043c\u0430\u043a\u0441\u0438\u043c\u0430\u043b\u044c\u043d\u043e\u0439 \u043e\u043f\u0435\u0440\u0430\u0442\u0438\u0432\u043d\u043e\u0441\u0442\u044c\u044e, \u0447\u0442\u043e \u043f\u043e\u0437\u0432\u043e\u043b\u044f\u0435\u0442 \u043d\u0430\u0448\u0438\u043c \u0444\u0435\u0440\u043c\u0435\u0440\u0430\u043c \u0431\u044b\u0442\u044c \u0443\u0441\u0442\u043e\u0439\u0447\u0438\u0432\u044b\u043c\u0438 \u0432 \u043f\u0440\u043e\u0438\u0437\u0432\u043e\u0434\u0441\u0442\u0432\u0435 \u0432\u044b\u0441\u043e\u043a\u043e\u043a\u0430\u0447\u0435\u0441\u0442\u0432\u0435\u043d\u043d\u044b\u0445 \u043a\u043e\u0440\u043c\u043e\u0432. \u041d\u0430\u0448\u0438 \u0444\u0435\u0440\u043c\u0435\u0440\u044b \u043c\u043e\u0433\u0443\u0442 \u0441\u0434\u0435\u043b\u0430\u0442\u044c \u0440\u0430\u0437\u043b\u0438\u0447\u043d\u044b\u0439 \u0432\u044b\u0431\u043e\u0440 \u043f\u0440\u0438 \u0438\u0441\u043f\u043e\u043b\u044c\u0437\u043e\u0432\u0430\u043d\u0438\u0438 \u043d\u0430\u0448\u0438\u0445 \u043c\u043e\u0449\u043d\u043e\u0441\u0442\u0435\u0439. \u041f\u0440\u0438 \u0436\u0435\u043b\u0430\u043d\u0438\u0438 \u043e\u043d\u0438 \u043c\u043e\u0433\u0443\u0442 \u043f\u0440\u043e\u0438\u0437\u0432\u043e\u0434\u0438\u0442\u044c \u043a\u043e\u0440\u043c\u0430 \u043e\u0442\u0434\u0435\u043b\u044c\u043d\u043e, \u043f\u0435\u0440\u0435\u0440\u0430\u0431\u0430\u0442\u044b\u0432\u0430\u044f \u0437\u0435\u0440\u043d\u043e \u043e\u0434\u043d\u043e \u0437\u0430 \u0434\u0440\u0443\u0433\u0438\u043c. \u0412 \u043a\u0430\u0447\u0435\u0441\u0442\u0432\u0435 \u0430\u043b\u044c\u0442\u0435\u0440\u043d\u0430\u0442\u0438\u0432\u044b \u043e\u043d\u0438 \u043c\u043e\u0433\u0443\u0442 \u0432\u044b\u0431\u0440\u0430\u0442\u044c \u043f\u0440\u043e\u0438\u0437\u0432\u043e\u0434\u0441\u0442\u0432\u043e \u043a\u043e\u0440\u043c\u043e\u0432, \u043f\u0440\u043e\u043f\u043e\u0440\u0446\u0438\u043e\u043d\u0430\u043b\u044c\u043d\u043e \u043a\u043e\u043c\u0431\u0438\u043d\u0438\u0440\u0443\u044f \u0437\u0435\u0440\u043d\u043e. \u042d\u0442\u043e\u0442 \u043c\u0435\u0442\u043e\u0434 \u043e\u0431\u0435\u0441\u043f\u0435\u0447\u0438\u0432\u0430\u0435\u0442 \u0431\u043e\u043b\u0435\u0435 \u043a\u0430\u0447\u0435\u0441\u0442\u0432\u0435\u043d\u043d\u044b\u0439 \u0438 \u044d\u0444\u0444\u0435\u043a\u0442\u0438\u0432\u043d\u044b\u0439 \u043a\u043e\u0440\u043c \u0437\u0430 \u0441\u0447\u0435\u0442 \u043a\u043e\u043c\u0431\u0438\u043d\u0438\u0440\u043e\u0432\u0430\u043d\u0438\u044f \u0440\u0430\u0437\u043d\u044b\u0445 \u0437\u0435\u0440\u0435\u043d.    [\/vc_column_text][vc_empty_space][\/vc_column][vc_column width=\u00bb1\/2\u2033]\t<div class=\"et-image-359 et-image     et_image_link\">\n\t\t<div class=\"et-image-inner \">\n\t\t\t\t\t\t\t<div class=\"et-image-thumb \">\n\t\t\t\t\t<img loading=\"lazy\" decoding=\"async\" width=\"2560\" height=\"1440\" src=\"https:\/\/koraytarim.com\/wp-content\/uploads\/2024\/10\/ezme_tesisi-scaled.webp\" class=\"attachment-full\" alt=\"\" title=\"ezme_tesisi\" srcset=\"https:\/\/koraytarim.com\/wp-content\/uploads\/2024\/10\/ezme_tesisi-scaled.webp 2560w, https:\/\/koraytarim.com\/wp-content\/uploads\/2024\/10\/ezme_tesisi-scaled-600x338.webp 600w, https:\/\/koraytarim.com\/wp-content\/uploads\/2024\/10\/ezme_tesisi-scaled-900x506.webp 900w, https:\/\/koraytarim.com\/wp-content\/uploads\/2024\/10\/ezme_tesisi-300x169.webp 300w, https:\/\/koraytarim.com\/wp-content\/uploads\/2024\/10\/ezme_tesisi-1024x576.webp 1024w, https:\/\/koraytarim.com\/wp-content\/uploads\/2024\/10\/ezme_tesisi-768x432.webp 768w, https:\/\/koraytarim.com\/wp-content\/uploads\/2024\/10\/ezme_tesisi-1536x864.webp 1536w, https:\/\/koraytarim.com\/wp-content\/uploads\/2024\/10\/ezme_tesisi-2048x1152.webp 2048w, https:\/\/koraytarim.com\/wp-content\/uploads\/2024\/10\/ezme_tesisi-150x84.webp 150w\" sizes=\"auto, (max-width: 2560px) 100vw, 2560px\" \/>\t\t\t\t<\/div>\n\t\t\t\t\t\t\t\t\t\t\t<\/div>\n\t<\/div>\n  [vc_empty_space]\t\t<div id=\"et-button-69fb7c430d2af\" class=\"et_btn_align_full animation left-to-right\">\n\t\t\t<a href=\"https:\/\/wa.me\/905418281731?text=Hizmetleriniz%20Hakk\u0131nda%20Bilgi%20Almak%20\u0130stiyorum.\" class=\" et_btn button et_btn_md solid color-accent button-shadow arrow-enabled \"  role=\"button\" title=\"Hizmetlerimizden Yararlan\u0131n\" ><span>\u0412\u043e\u0441\u043f\u043e\u043b\u044c\u0437\u0443\u0439\u0442\u0435\u0441\u044c \u043d\u0430\u0448\u0438\u043c\u0438 \u0443\u0441\u043b\u0443\u0433\u0430\u043c\u0438<\/span><svg xmlns=\"http:\/\/www.w3.org\/2000\/svg\" xmlns:xlink=\"http:\/\/www.w3.org\/1999\/xlink\" x=\"0px\" y=\"0px\"\r\n\t width=\"30px\" height=\"18px\" viewBox=\"0 0 30 18\" enable-background=\"new 0 0 30 18\" xml:space=\"preserve\">\r\n<path class=\"handle\" d=\"M20.305,16.212c-0.407,0.409-0.407,1.071,0,1.479s1.068,0.408,1.476,0l7.914-7.952c0.408-0.409,0.408-1.071,0-1.481\r\n\tl-7.914-7.952c-0.407-0.409-1.068-0.409-1.476,0s-0.407,1.071,0,1.48l7.185,7.221L20.305,16.212z\"\/>\r\n<path class=\"bar\" fill-rule=\"evenodd\" clip-rule=\"evenodd\" d=\"M1,8h28.001c0.551,0,1,0.448,1,1c0,0.553-0.449,1-1,1H1c-0.553,0-1-0.447-1-1\r\n\tC0,8.448,0.447,8,1,8z\"\/>\r\n<\/svg>\r\n<\/a>\n\t\t<\/div>\n\t\t\n\t[\/vc_column][\/vc_row][vc_row][vc_column][vc_empty_space height=\u00bb72px\u00bb][\/vc_column][\/vc_row][vc_row][vc_column width=\u00bb1\/4\u2033][vc_separator color=\u00bbcustom\u00bb css=\u00bb\u00bb accent_color=\u00bb#B9A16B\u00bb][vc_empty_space][\/vc_column][vc_column width=\u00bb1\/2\u2033][vc_single_image image=\u00bb3662\u2033 img_size=\u00bbmedium\u00bb alignment=\u00bbcenter\u00bb css=\u00bb\u00bb][\/vc_column][vc_column width=\u00bb1\/4\u2033][vc_empty_space][vc_separator color=\u00bbcustom\u00bb css=\u00bb\u00bb accent_color=\u00bb#B9A16B\u00bb][\/vc_column][\/vc_row][vc_row][vc_column][vc_empty_space][vc_row_inner][vc_column_inner][vc_column_text css=\u00bb\u00bb]\n<p style=\"text-align: center;\">\u042d\u0442\u043e \u0441\u0435\u043b\u044c\u0441\u043a\u043e\u0445\u043e\u0437\u044f\u0439\u0441\u0442\u0432\u0435\u043d\u043d\u0430\u044f \u043a\u043e\u043c\u043f\u0430\u043d\u0438\u044f, \u043a\u043e\u0442\u043e\u0440\u0430\u044f \u0441\u0442\u0440\u0435\u043c\u0438\u0442\u0441\u044f \u043d\u0430\u0438\u043b\u0443\u0447\u0448\u0438\u043c \u043e\u0431\u0440\u0430\u0437\u043e\u043c \u0443\u0434\u043e\u0432\u043b\u0435\u0442\u0432\u043e\u0440\u0438\u0442\u044c \u043f\u043e\u0442\u0440\u0435\u0431\u043d\u043e\u0441\u0442\u0438 \u0441\u0432\u043e\u0438\u0445 \u043a\u043b\u0438\u0435\u043d\u0442\u043e\u0432 \u0431\u043b\u0430\u0433\u043e\u0434\u0430\u0440\u044f \u0441\u0432\u043e\u0435\u043c\u0443 \u043e\u043f\u044b\u0442\u043d\u043e\u043c\u0443 \u043f\u0435\u0440\u0441\u043e\u043d\u0430\u043b\u0443 \u0438 \u043e\u043f\u044b\u0442\u0443 \u0432 \u044d\u0442\u043e\u043c \u0441\u0435\u043a\u0442\u043e\u0440\u0435. \u0417\u0430 \u043a\u043e\u0440\u043e\u0442\u043a\u043e\u0435 \u0432\u0440\u0435\u043c\u044f \u043e\u043d \u0441\u0442\u0430\u043b \u043d\u0430\u0434\u0435\u0436\u043d\u044b\u043c \u0431\u0440\u0435\u043d\u0434\u043e\u043c \u0431\u043b\u0430\u0433\u043e\u0434\u0430\u0440\u044f \u0442\u043e\u043c\u0443 \u0437\u043d\u0430\u0447\u0435\u043d\u0438\u044e, \u043a\u043e\u0442\u043e\u0440\u043e\u0435 \u043e\u043d \u043f\u0440\u0438\u0434\u0430\u0435\u0442 \u043a\u0430\u0447\u0435\u0441\u0442\u0432\u0443, \u0438 \u043f\u043e\u0434\u0445\u043e\u0434\u0443, \u043e\u0440\u0438\u0435\u043d\u0442\u0438\u0440\u043e\u0432\u0430\u043d\u043d\u043e\u043c\u0443 \u043d\u0430 \u0443\u0434\u043e\u0432\u043b\u0435\u0442\u0432\u043e\u0440\u0435\u043d\u0438\u0435 \u043f\u043e\u0442\u0440\u0435\u0431\u043d\u043e\u0441\u0442\u0435\u0439 \u043a\u043b\u0438\u0435\u043d\u0442\u043e\u0432. \u041d\u0430\u0448\u0430 \u0433\u043b\u0430\u0432\u043d\u0430\u044f \u0446\u0435\u043b\u044c \u2014 \u043e\u0442\u0432\u0435\u0447\u0430\u0442\u044c \u0442\u0440\u0435\u0431\u043e\u0432\u0430\u043d\u0438\u044f\u043c \u043d\u0430\u0448\u0438\u0445 \u043a\u043b\u0438\u0435\u043d\u0442\u043e\u0432 \u0438 \u043e\u0431\u0435\u0441\u043f\u0435\u0447\u0438\u0432\u0430\u0442\u044c \u0443\u0441\u0442\u043e\u0439\u0447\u0438\u0432\u044b\u0439 \u0443\u0441\u043f\u0435\u0445 \u043d\u0430\u0448\u0435\u0433\u043e \u0431\u0438\u0437\u043d\u0435\u0441\u0430, \u043f\u0440\u0435\u0434\u043e\u0441\u0442\u0430\u0432\u043b\u044f\u044f \u043d\u0430\u0448\u0438\u043c \u043a\u043b\u0438\u0435\u043d\u0442\u0430\u043c \u043f\u0440\u043e\u0434\u0443\u043a\u0446\u0438\u044e \u0438 \u0443\u0441\u043b\u0443\u0433\u0438 \u0432\u044b\u0441\u043e\u0447\u0430\u0439\u0448\u0435\u0433\u043e \u043a\u0430\u0447\u0435\u0441\u0442\u0432\u0430.  <\/p>\n[\/vc_column_text][\/vc_column_inner][\/vc_row_inner][\/vc_column][\/vc_row]\n<\/div>","protected":false},"excerpt":{"rendered":"<p>[vc_row et_full_width=\u00bbtrue\u00bb et_row_padding=\u00bbtrue\u00bb][vc_column][vc_empty_space][\/vc_column][\/vc_row][vc_row][vc_column width=\u00bb1\/2\u2033][vc_custom_heading source=\u00bbpost_title\u00bb font_container=\u00bbtag:h1|text_align:left\u00bb use_theme_fonts=\u00bbyes\u00bb css_animation=\u00bbbottom-to-top\u00bb css=\u00bb\u00bb][vc_empty_space][vc_column_text css=\u00bb\u00bb]\u041d\u0430\u0448\u0438 \u0434\u0440\u043e\u0431\u0438\u043b\u044c\u043d\u044b\u0435 \u0443\u0441\u0442\u0430\u043d\u043e\u0432\u043a\u0438 \u043e\u0431\u043b\u0430\u0434\u0430\u044e\u0442 \u043c\u0430\u043a\u0441\u0438\u043c\u0430\u043b\u044c\u043d\u043e\u0439 \u043e\u043f\u0435\u0440\u0430\u0442\u0438\u0432\u043d\u043e\u0441\u0442\u044c\u044e, \u0447\u0442\u043e \u043f\u043e\u0437\u0432\u043e\u043b\u044f\u0435\u0442 \u043d\u0430\u0448\u0438\u043c \u0444\u0435\u0440\u043c\u0435\u0440\u0430\u043c \u0431\u044b\u0442\u044c \u0443\u0441\u0442\u043e\u0439\u0447\u0438\u0432\u044b\u043c\u0438 \u0432 \u043f\u0440\u043e\u0438\u0437\u0432\u043e\u0434\u0441\u0442\u0432\u0435 \u0432\u044b\u0441\u043e\u043a\u043e\u043a\u0430\u0447\u0435\u0441\u0442\u0432\u0435\u043d\u043d\u044b\u0445 \u043a\u043e\u0440\u043c\u043e\u0432. \u041d\u0430\u0448\u0438 \u0444\u0435\u0440\u043c\u0435\u0440\u044b \u043c\u043e\u0433\u0443\u0442 \u0441\u0434\u0435\u043b\u0430\u0442\u044c \u0440\u0430\u0437\u043b\u0438\u0447\u043d\u044b\u0439 \u0432\u044b\u0431\u043e\u0440 \u043f\u0440\u0438 \u0438\u0441\u043f\u043e\u043b\u044c\u0437\u043e\u0432\u0430\u043d\u0438\u0438 \u043d\u0430\u0448\u0438\u0445 \u043c\u043e\u0449\u043d\u043e\u0441\u0442\u0435\u0439. \u041f\u0440\u0438 \u0436\u0435\u043b\u0430\u043d\u0438\u0438 \u043e\u043d\u0438 \u043c\u043e\u0433\u0443\u0442 \u043f\u0440\u043e\u0438\u0437\u0432\u043e\u0434\u0438\u0442\u044c \u043a\u043e\u0440\u043c\u0430 \u043e\u0442\u0434\u0435\u043b\u044c\u043d\u043e, \u043f\u0435\u0440\u0435\u0440\u0430\u0431\u0430\u0442\u044b\u0432\u0430\u044f \u0437\u0435\u0440\u043d\u043e \u043e\u0434\u043d\u043e \u0437\u0430 \u0434\u0440\u0443\u0433\u0438\u043c. \u0412 \u043a\u0430\u0447\u0435\u0441\u0442\u0432\u0435 \u0430\u043b\u044c\u0442\u0435\u0440\u043d\u0430\u0442\u0438\u0432\u044b [&hellip;]<\/p>\n","protected":false},"author":1,"featured_media":0,"parent":4649,"menu_order":2,"comment_status":"closed","ping_status":"closed","template":"","meta":{"footnotes":""},"class_list":["post-4654","page","type-page","status-publish","hentry"],"yoast_head":"<!-- This site is optimized with the Yoast SEO plugin v27.5 - https:\/\/yoast.com\/product\/yoast-seo-wordpress\/ -->\n<title>\u041d\u0430\u0448\u0435 \u0434\u0440\u043e\u0431\u0438\u043b\u044c\u043d\u043e-\u0434\u0440\u043e\u0431\u0438\u043b\u044c\u043d\u043e\u0435 \u043f\u0440\u0435\u0434\u043f\u0440\u0438\u044f\u0442\u0438\u0435 - Koray Tar\u0131m \u00dcr\u00fcnleri<\/title>\n<meta name=\"robots\" content=\"index, follow, max-snippet:-1, max-image-preview:large, max-video-preview:-1\" \/>\n<link rel=\"canonical\" href=\"https:\/\/koraytarim.com\/hizmetlerimiz\/ezme-ve-kirma-tesisimiz\/\" \/>\n<meta property=\"og:locale\" content=\"ru_RU\" \/>\n<meta property=\"og:type\" content=\"article\" \/>\n<meta property=\"og:title\" content=\"\u041d\u0430\u0448\u0435 \u0434\u0440\u043e\u0431\u0438\u043b\u044c\u043d\u043e-\u0434\u0440\u043e\u0431\u0438\u043b\u044c\u043d\u043e\u0435 \u043f\u0440\u0435\u0434\u043f\u0440\u0438\u044f\u0442\u0438\u0435 - Koray Tar\u0131m \u00dcr\u00fcnleri\" \/>\n<meta property=\"og:description\" content=\"[vc_row et_full_width=\u00bbtrue\u00bb et_row_padding=\u00bbtrue\u00bb][vc_column][vc_empty_space][\/vc_column][\/vc_row][vc_row][vc_column width=\u00bb1\/2\u2033][vc_custom_heading source=\u00bbpost_title\u00bb font_container=\u00bbtag:h1|text_align:left\u00bb use_theme_fonts=\u00bbyes\u00bb css_animation=\u00bbbottom-to-top\u00bb css=\u00bb\u00bb][vc_empty_space][vc_column_text css=\u00bb\u00bb]\u041d\u0430\u0448\u0438 \u0434\u0440\u043e\u0431\u0438\u043b\u044c\u043d\u044b\u0435 \u0443\u0441\u0442\u0430\u043d\u043e\u0432\u043a\u0438 \u043e\u0431\u043b\u0430\u0434\u0430\u044e\u0442 \u043c\u0430\u043a\u0441\u0438\u043c\u0430\u043b\u044c\u043d\u043e\u0439 \u043e\u043f\u0435\u0440\u0430\u0442\u0438\u0432\u043d\u043e\u0441\u0442\u044c\u044e, \u0447\u0442\u043e \u043f\u043e\u0437\u0432\u043e\u043b\u044f\u0435\u0442 \u043d\u0430\u0448\u0438\u043c \u0444\u0435\u0440\u043c\u0435\u0440\u0430\u043c \u0431\u044b\u0442\u044c \u0443\u0441\u0442\u043e\u0439\u0447\u0438\u0432\u044b\u043c\u0438 \u0432 \u043f\u0440\u043e\u0438\u0437\u0432\u043e\u0434\u0441\u0442\u0432\u0435 \u0432\u044b\u0441\u043e\u043a\u043e\u043a\u0430\u0447\u0435\u0441\u0442\u0432\u0435\u043d\u043d\u044b\u0445 \u043a\u043e\u0440\u043c\u043e\u0432. \u041d\u0430\u0448\u0438 \u0444\u0435\u0440\u043c\u0435\u0440\u044b \u043c\u043e\u0433\u0443\u0442 \u0441\u0434\u0435\u043b\u0430\u0442\u044c \u0440\u0430\u0437\u043b\u0438\u0447\u043d\u044b\u0439 \u0432\u044b\u0431\u043e\u0440 \u043f\u0440\u0438 \u0438\u0441\u043f\u043e\u043b\u044c\u0437\u043e\u0432\u0430\u043d\u0438\u0438 \u043d\u0430\u0448\u0438\u0445 \u043c\u043e\u0449\u043d\u043e\u0441\u0442\u0435\u0439. \u041f\u0440\u0438 \u0436\u0435\u043b\u0430\u043d\u0438\u0438 \u043e\u043d\u0438 \u043c\u043e\u0433\u0443\u0442 \u043f\u0440\u043e\u0438\u0437\u0432\u043e\u0434\u0438\u0442\u044c \u043a\u043e\u0440\u043c\u0430 \u043e\u0442\u0434\u0435\u043b\u044c\u043d\u043e, \u043f\u0435\u0440\u0435\u0440\u0430\u0431\u0430\u0442\u044b\u0432\u0430\u044f \u0437\u0435\u0440\u043d\u043e \u043e\u0434\u043d\u043e \u0437\u0430 \u0434\u0440\u0443\u0433\u0438\u043c. \u0412 \u043a\u0430\u0447\u0435\u0441\u0442\u0432\u0435 \u0430\u043b\u044c\u0442\u0435\u0440\u043d\u0430\u0442\u0438\u0432\u044b [&hellip;]\" \/>\n<meta property=\"og:url\" content=\"https:\/\/koraytarim.com\/hizmetlerimiz\/ezme-ve-kirma-tesisimiz\/\" \/>\n<meta property=\"og:site_name\" content=\"Koray Tar\u0131m \u00dcr\u00fcnleri\" \/>\n<meta name=\"twitter:card\" content=\"summary_large_image\" \/>\n<meta name=\"twitter:label1\" content=\"\u041f\u0440\u0438\u043c\u0435\u0440\u043d\u043e\u0435 \u0432\u0440\u0435\u043c\u044f \u0434\u043b\u044f \u0447\u0442\u0435\u043d\u0438\u044f\" \/>\n\t<meta name=\"twitter:data1\" content=\"1 \u043c\u0438\u043d\u0443\u0442\u0430\" \/>\n<script type=\"application\/ld+json\" class=\"yoast-schema-graph\">{\"@context\":\"https:\\\/\\\/schema.org\",\"@graph\":[{\"@type\":\"WebPage\",\"@id\":\"https:\\\/\\\/koraytarim.com\\\/hizmetlerimiz\\\/ezme-ve-kirma-tesisimiz\\\/\",\"url\":\"https:\\\/\\\/koraytarim.com\\\/hizmetlerimiz\\\/ezme-ve-kirma-tesisimiz\\\/\",\"name\":\"\u041d\u0430\u0448\u0435 \u0434\u0440\u043e\u0431\u0438\u043b\u044c\u043d\u043e-\u0434\u0440\u043e\u0431\u0438\u043b\u044c\u043d\u043e\u0435 \u043f\u0440\u0435\u0434\u043f\u0440\u0438\u044f\u0442\u0438\u0435 - Koray Tar\u0131m \u00dcr\u00fcnleri\",\"isPartOf\":{\"@id\":\"https:\\\/\\\/koraytarim.com\\\/#website\"},\"datePublished\":\"2024-10-02T07:38:11+00:00\",\"breadcrumb\":{\"@id\":\"https:\\\/\\\/koraytarim.com\\\/hizmetlerimiz\\\/ezme-ve-kirma-tesisimiz\\\/#breadcrumb\"},\"inLanguage\":\"ru-RU\",\"potentialAction\":[{\"@type\":\"ReadAction\",\"target\":[\"https:\\\/\\\/koraytarim.com\\\/hizmetlerimiz\\\/ezme-ve-kirma-tesisimiz\\\/\"]}]},{\"@type\":\"BreadcrumbList\",\"@id\":\"https:\\\/\\\/koraytarim.com\\\/hizmetlerimiz\\\/ezme-ve-kirma-tesisimiz\\\/#breadcrumb\",\"itemListElement\":[{\"@type\":\"ListItem\",\"position\":1,\"name\":\"Anasayfa\",\"item\":\"https:\\\/\\\/koraytarim.com\\\/\"},{\"@type\":\"ListItem\",\"position\":2,\"name\":\"\u041d\u0430\u0448\u0438 \u0443\u0441\u043b\u0443\u0433\u0438\",\"item\":\"https:\\\/\\\/koraytarim.com\\\/hizmetlerimiz\\\/\"},{\"@type\":\"ListItem\",\"position\":3,\"name\":\"\u041d\u0430\u0448\u0435 \u0434\u0440\u043e\u0431\u0438\u043b\u044c\u043d\u043e-\u0434\u0440\u043e\u0431\u0438\u043b\u044c\u043d\u043e\u0435 \u043f\u0440\u0435\u0434\u043f\u0440\u0438\u044f\u0442\u0438\u0435\"}]},{\"@type\":\"WebSite\",\"@id\":\"https:\\\/\\\/koraytarim.com\\\/#website\",\"url\":\"https:\\\/\\\/koraytarim.com\\\/\",\"name\":\"Koray Tar\u0131m \u00dcr\u00fcnleri\",\"description\":\"\u00c7ift\u00e7imizin Elinde Bereket Topra\u011f\u0131m\u0131zda Gelecek\",\"potentialAction\":[{\"@type\":\"SearchAction\",\"target\":{\"@type\":\"EntryPoint\",\"urlTemplate\":\"https:\\\/\\\/koraytarim.com\\\/?s={search_term_string}\"},\"query-input\":{\"@type\":\"PropertyValueSpecification\",\"valueRequired\":true,\"valueName\":\"search_term_string\"}}],\"inLanguage\":\"ru-RU\"}]}<\/script>\n<!-- \/ Yoast SEO plugin. -->","yoast_head_json":{"title":"\u041d\u0430\u0448\u0435 \u0434\u0440\u043e\u0431\u0438\u043b\u044c\u043d\u043e-\u0434\u0440\u043e\u0431\u0438\u043b\u044c\u043d\u043e\u0435 \u043f\u0440\u0435\u0434\u043f\u0440\u0438\u044f\u0442\u0438\u0435 - Koray Tar\u0131m \u00dcr\u00fcnleri","robots":{"index":"index","follow":"follow","max-snippet":"max-snippet:-1","max-image-preview":"max-image-preview:large","max-video-preview":"max-video-preview:-1"},"canonical":"https:\/\/koraytarim.com\/hizmetlerimiz\/ezme-ve-kirma-tesisimiz\/","og_locale":"ru_RU","og_type":"article","og_title":"\u041d\u0430\u0448\u0435 \u0434\u0440\u043e\u0431\u0438\u043b\u044c\u043d\u043e-\u0434\u0440\u043e\u0431\u0438\u043b\u044c\u043d\u043e\u0435 \u043f\u0440\u0435\u0434\u043f\u0440\u0438\u044f\u0442\u0438\u0435 - Koray Tar\u0131m \u00dcr\u00fcnleri","og_description":"[vc_row et_full_width=\u00bbtrue\u00bb et_row_padding=\u00bbtrue\u00bb][vc_column][vc_empty_space][\/vc_column][\/vc_row][vc_row][vc_column width=\u00bb1\/2\u2033][vc_custom_heading source=\u00bbpost_title\u00bb font_container=\u00bbtag:h1|text_align:left\u00bb use_theme_fonts=\u00bbyes\u00bb css_animation=\u00bbbottom-to-top\u00bb css=\u00bb\u00bb][vc_empty_space][vc_column_text css=\u00bb\u00bb]\u041d\u0430\u0448\u0438 \u0434\u0440\u043e\u0431\u0438\u043b\u044c\u043d\u044b\u0435 \u0443\u0441\u0442\u0430\u043d\u043e\u0432\u043a\u0438 \u043e\u0431\u043b\u0430\u0434\u0430\u044e\u0442 \u043c\u0430\u043a\u0441\u0438\u043c\u0430\u043b\u044c\u043d\u043e\u0439 \u043e\u043f\u0435\u0440\u0430\u0442\u0438\u0432\u043d\u043e\u0441\u0442\u044c\u044e, \u0447\u0442\u043e \u043f\u043e\u0437\u0432\u043e\u043b\u044f\u0435\u0442 \u043d\u0430\u0448\u0438\u043c \u0444\u0435\u0440\u043c\u0435\u0440\u0430\u043c \u0431\u044b\u0442\u044c \u0443\u0441\u0442\u043e\u0439\u0447\u0438\u0432\u044b\u043c\u0438 \u0432 \u043f\u0440\u043e\u0438\u0437\u0432\u043e\u0434\u0441\u0442\u0432\u0435 \u0432\u044b\u0441\u043e\u043a\u043e\u043a\u0430\u0447\u0435\u0441\u0442\u0432\u0435\u043d\u043d\u044b\u0445 \u043a\u043e\u0440\u043c\u043e\u0432. \u041d\u0430\u0448\u0438 \u0444\u0435\u0440\u043c\u0435\u0440\u044b \u043c\u043e\u0433\u0443\u0442 \u0441\u0434\u0435\u043b\u0430\u0442\u044c \u0440\u0430\u0437\u043b\u0438\u0447\u043d\u044b\u0439 \u0432\u044b\u0431\u043e\u0440 \u043f\u0440\u0438 \u0438\u0441\u043f\u043e\u043b\u044c\u0437\u043e\u0432\u0430\u043d\u0438\u0438 \u043d\u0430\u0448\u0438\u0445 \u043c\u043e\u0449\u043d\u043e\u0441\u0442\u0435\u0439. \u041f\u0440\u0438 \u0436\u0435\u043b\u0430\u043d\u0438\u0438 \u043e\u043d\u0438 \u043c\u043e\u0433\u0443\u0442 \u043f\u0440\u043e\u0438\u0437\u0432\u043e\u0434\u0438\u0442\u044c \u043a\u043e\u0440\u043c\u0430 \u043e\u0442\u0434\u0435\u043b\u044c\u043d\u043e, \u043f\u0435\u0440\u0435\u0440\u0430\u0431\u0430\u0442\u044b\u0432\u0430\u044f \u0437\u0435\u0440\u043d\u043e \u043e\u0434\u043d\u043e \u0437\u0430 \u0434\u0440\u0443\u0433\u0438\u043c. \u0412 \u043a\u0430\u0447\u0435\u0441\u0442\u0432\u0435 \u0430\u043b\u044c\u0442\u0435\u0440\u043d\u0430\u0442\u0438\u0432\u044b [&hellip;]","og_url":"https:\/\/koraytarim.com\/hizmetlerimiz\/ezme-ve-kirma-tesisimiz\/","og_site_name":"Koray Tar\u0131m \u00dcr\u00fcnleri","twitter_card":"summary_large_image","twitter_misc":{"\u041f\u0440\u0438\u043c\u0435\u0440\u043d\u043e\u0435 \u0432\u0440\u0435\u043c\u044f \u0434\u043b\u044f \u0447\u0442\u0435\u043d\u0438\u044f":"1 \u043c\u0438\u043d\u0443\u0442\u0430"},"schema":{"@context":"https:\/\/schema.org","@graph":[{"@type":"WebPage","@id":"https:\/\/koraytarim.com\/hizmetlerimiz\/ezme-ve-kirma-tesisimiz\/","url":"https:\/\/koraytarim.com\/hizmetlerimiz\/ezme-ve-kirma-tesisimiz\/","name":"\u041d\u0430\u0448\u0435 \u0434\u0440\u043e\u0431\u0438\u043b\u044c\u043d\u043e-\u0434\u0440\u043e\u0431\u0438\u043b\u044c\u043d\u043e\u0435 \u043f\u0440\u0435\u0434\u043f\u0440\u0438\u044f\u0442\u0438\u0435 - Koray Tar\u0131m \u00dcr\u00fcnleri","isPartOf":{"@id":"https:\/\/koraytarim.com\/#website"},"datePublished":"2024-10-02T07:38:11+00:00","breadcrumb":{"@id":"https:\/\/koraytarim.com\/hizmetlerimiz\/ezme-ve-kirma-tesisimiz\/#breadcrumb"},"inLanguage":"ru-RU","potentialAction":[{"@type":"ReadAction","target":["https:\/\/koraytarim.com\/hizmetlerimiz\/ezme-ve-kirma-tesisimiz\/"]}]},{"@type":"BreadcrumbList","@id":"https:\/\/koraytarim.com\/hizmetlerimiz\/ezme-ve-kirma-tesisimiz\/#breadcrumb","itemListElement":[{"@type":"ListItem","position":1,"name":"Anasayfa","item":"https:\/\/koraytarim.com\/"},{"@type":"ListItem","position":2,"name":"\u041d\u0430\u0448\u0438 \u0443\u0441\u043b\u0443\u0433\u0438","item":"https:\/\/koraytarim.com\/hizmetlerimiz\/"},{"@type":"ListItem","position":3,"name":"\u041d\u0430\u0448\u0435 \u0434\u0440\u043e\u0431\u0438\u043b\u044c\u043d\u043e-\u0434\u0440\u043e\u0431\u0438\u043b\u044c\u043d\u043e\u0435 \u043f\u0440\u0435\u0434\u043f\u0440\u0438\u044f\u0442\u0438\u0435"}]},{"@type":"WebSite","@id":"https:\/\/koraytarim.com\/#website","url":"https:\/\/koraytarim.com\/","name":"Koray Tar\u0131m \u00dcr\u00fcnleri","description":"\u00c7ift\u00e7imizin Elinde Bereket Topra\u011f\u0131m\u0131zda Gelecek","potentialAction":[{"@type":"SearchAction","target":{"@type":"EntryPoint","urlTemplate":"https:\/\/koraytarim.com\/?s={search_term_string}"},"query-input":{"@type":"PropertyValueSpecification","valueRequired":true,"valueName":"search_term_string"}}],"inLanguage":"ru-RU"}]}},"_links":{"self":[{"href":"https:\/\/koraytarim.com\/ru\/wp-json\/wp\/v2\/pages\/4654","targetHints":{"allow":["GET"]}}],"collection":[{"href":"https:\/\/koraytarim.com\/ru\/wp-json\/wp\/v2\/pages"}],"about":[{"href":"https:\/\/koraytarim.com\/ru\/wp-json\/wp\/v2\/types\/page"}],"author":[{"embeddable":true,"href":"https:\/\/koraytarim.com\/ru\/wp-json\/wp\/v2\/users\/1"}],"replies":[{"embeddable":true,"href":"https:\/\/koraytarim.com\/ru\/wp-json\/wp\/v2\/comments?post=4654"}],"version-history":[{"count":0,"href":"https:\/\/koraytarim.com\/ru\/wp-json\/wp\/v2\/pages\/4654\/revisions"}],"up":[{"embeddable":true,"href":"https:\/\/koraytarim.com\/ru\/wp-json\/wp\/v2\/pages\/4649"}],"wp:attachment":[{"href":"https:\/\/koraytarim.com\/ru\/wp-json\/wp\/v2\/media?parent=4654"}],"curies":[{"name":"wp","href":"https:\/\/api.w.org\/{rel}","templated":true}]}}