{"id":4656,"date":"2024-10-02T10:43:44","date_gmt":"2024-10-02T07:43:44","guid":{"rendered":"https:\/\/koraytarim.com\/%d0%bd%d0%b0%d1%88%d0%b8-%d1%83%d1%81%d0%bb%d1%83%d0%b3%d0%b8\/%d0%ba%d1%80%d1%8b%d0%bc%d1%81%d0%ba%d0%b8%d0%b5-%d0%bc%d0%b0%d1%88%d0%b8%d0%bd%d1%8b\/"},"modified":"2024-10-02T10:43:44","modified_gmt":"2024-10-02T07:43:44","slug":"%d0%ba%d1%80%d1%8b%d0%bc%d1%81%d0%ba%d0%b8%d0%b5-%d0%bc%d0%b0%d1%88%d0%b8%d0%bd%d1%8b","status":"publish","type":"page","link":"https:\/\/koraytarim.com\/ru\/%d0%bd%d0%b0%d1%88%d0%b8-%d1%83%d1%81%d0%bb%d1%83%d0%b3%d0%b8\/%d0%ba%d1%80%d1%8b%d0%bc%d1%81%d0%ba%d0%b8%d0%b5-%d0%bc%d0%b0%d1%88%d0%b8%d0%bd%d1%8b\/","title":{"rendered":"\u041a\u0440\u044b\u043c\u0441\u043a\u0438\u0435 \u043c\u0430\u0448\u0438\u043d\u044b"},"content":{"rendered":"<div class=\"wpb-content-wrapper\">[vc_row][vc_column][vc_column_text css=\u00bb\u00bb]\n<div class=\"flex max-w-full flex-col flex-grow\">\n<div class=\"min-h-8 text-message flex w-full flex-col items-end gap-2 whitespace-normal break-words [.text-message+&]:mt-5\" dir=\"auto\" data-message-author-role=\"assistant\" data-message-id=\"a8fd7514-b477-4633-83d0-beed8eee2853\">\n<div class=\"flex w-full flex-col gap-1 empty:hidden first:pt-[3px]\">\n<div class=\"markdown prose w-full break-words dark:prose-invert light\">\n<p>\u041f\u0440\u0435\u0434\u043b\u0430\u0433\u0430\u044f \u0443\u0441\u043b\u0443\u0433\u0438 \u043f\u043e \u043f\u0440\u043e\u0438\u0437\u0432\u043e\u0434\u0441\u0442\u0432\u0443 \u0441\u0438\u0442 \u0440\u0430\u0437\u043b\u0438\u0447\u043d\u043e\u0433\u043e \u0440\u0430\u0437\u043c\u0435\u0440\u0430 \u0441 \u043f\u043e\u043c\u043e\u0449\u044c\u044e \u043d\u0430\u0448\u0438\u0445 \u0434\u0440\u043e\u0431\u0438\u043b\u044c\u043d\u044b\u0445 \u043c\u0430\u0448\u0438\u043d, \u043c\u044b \u0441\u043f\u043e\u0441\u043e\u0431\u043d\u044b \u043f\u0440\u043e\u0438\u0437\u0432\u043e\u0434\u0438\u0442\u044c \u043a\u043e\u0440\u043c\u0430 \u043a\u0430\u043a \u0433\u0440\u0443\u0431\u043e\u0433\u043e, \u0442\u0430\u043a \u0438 \u043c\u0435\u043b\u043a\u043e\u0433\u043e \u043f\u043e\u043c\u043e\u043b\u0430. \u0414\u0430\u043d\u043d\u0430\u044f \u0443\u0441\u043b\u0443\u0433\u0430 \u043f\u043e\u0437\u0432\u043e\u043b\u044f\u0435\u0442 \u043d\u0430\u0448\u0438\u043c \u0444\u0435\u0440\u043c\u0435\u0440\u0430\u043c \u043f\u043e\u043b\u0443\u0447\u0430\u0442\u044c \u0443\u0441\u043b\u0443\u0433\u0438 \u043d\u0430\u0434\u043b\u0435\u0436\u0430\u0449\u0435\u0433\u043e \u043a\u0430\u0447\u0435\u0441\u0442\u0432\u0430, \u043e\u0434\u043d\u043e\u0432\u0440\u0435\u043c\u0435\u043d\u043d\u043e \u043f\u043e\u0432\u044b\u0448\u0430\u044f \u043a\u0430\u0447\u0435\u0441\u0442\u0432\u043e \u0443\u043f\u0440\u0430\u0432\u043b\u0435\u043d\u0438\u044f. \u0412 \u043f\u0440\u043e\u0438\u0437\u0432\u043e\u0434\u0441\u0442\u0432\u0435\u043d\u043d\u043e\u043c \u043f\u0440\u043e\u0446\u0435\u0441\u0441\u0435 \u043c\u044b \u0441\u043e\u0437\u0434\u0430\u0435\u043c \u0442\u0435\u0441\u043d\u043e\u0435 \u0441\u043e\u0442\u0440\u0443\u0434\u043d\u0438\u0447\u0435\u0441\u0442\u0432\u043e, \u043f\u0440\u0435\u0434\u043b\u0430\u0433\u0430\u044f \u0438\u043d\u0434\u0438\u0432\u0438\u0434\u0443\u0430\u043b\u044c\u043d\u044b\u0435 \u0440\u0435\u0448\u0435\u043d\u0438\u044f \u0432 \u0441\u043e\u043e\u0442\u0432\u0435\u0442\u0441\u0442\u0432\u0438\u0438 \u0441 \u043f\u043e\u0442\u0440\u0435\u0431\u043d\u043e\u0441\u0442\u044f\u043c\u0438 \u043d\u0430\u0448\u0438\u0445 \u0444\u0435\u0440\u043c\u0435\u0440\u043e\u0432. \u0411\u043b\u0430\u0433\u043e\u0434\u0430\u0440\u044f \u043d\u0430\u0448\u0438\u043c \u043c\u043e\u0434\u0435\u043b\u044f\u043c \u043a\u043e\u043d\u0442\u0440\u0430\u043a\u0442\u043d\u043e\u0433\u043e \u043f\u0440\u043e\u0438\u0437\u0432\u043e\u0434\u0441\u0442\u0432\u0430 \u043c\u044b \u043f\u043e\u0434\u0434\u0435\u0440\u0436\u0438\u0432\u0430\u0435\u043c \u043d\u0430\u0448\u0438\u0445 \u0444\u0435\u0440\u043c\u0435\u0440\u043e\u0432 \u0438 \u0441\u043f\u043e\u0441\u043e\u0431\u0441\u0442\u0432\u0443\u0435\u043c \u0438\u0445 \u0431\u043e\u043b\u0435\u0435 \u0431\u0435\u0437\u043e\u043f\u0430\u0441\u043d\u043e\u043c\u0443 \u0438 \u0443\u0441\u0442\u043e\u0439\u0447\u0438\u0432\u043e\u043c\u0443 \u043f\u0440\u043e\u0438\u0437\u0432\u043e\u0434\u0441\u0442\u0432\u0443. \u042d\u0442\u0430 \u043c\u043e\u0434\u0435\u043b\u044c \u043f\u043e\u0437\u0432\u043e\u043b\u044f\u0435\u0442 \u043d\u0430\u043c \u043f\u0440\u0435\u0434\u043e\u0441\u0442\u0430\u0432\u043b\u044f\u0442\u044c \u0434\u043e\u043b\u0433\u043e\u0441\u0440\u043e\u0447\u043d\u044b\u0435 \u0443\u0441\u043b\u0443\u0433\u0438, \u043e\u0431\u0435\u0441\u043f\u0435\u0447\u0438\u0432\u0430\u044f \u043f\u0440\u0438 \u044d\u0442\u043e\u043c \u043e\u043f\u0440\u0435\u0434\u0435\u043b\u0435\u043d\u043d\u044b\u0435 \u0433\u0430\u0440\u0430\u043d\u0442\u0438\u0438 \u043d\u0430\u0448\u0438\u043c \u0444\u0435\u0440\u043c\u0435\u0440\u0430\u043c. \u0413\u0438\u0433\u0438\u0435\u043d\u0430 \u0432 \u043f\u0440\u043e\u0446\u0435\u0441\u0441\u0435 \u043f\u0440\u043e\u0438\u0437\u0432\u043e\u0434\u0441\u0442\u0432\u0430, \u043a\u043b\u0438\u043c\u0430\u0442\u0438\u0447\u0435\u0441\u043a\u0438\u0435 \u0443\u0441\u043b\u043e\u0432\u0438\u044f \u043d\u0430\u0448\u0438\u0445 \u0444\u0435\u0440\u043c\u0435\u0440\u043e\u0432, \u0440\u044b\u043d\u043e\u0447\u043d\u044b\u0435 \u0443\u0441\u043b\u043e\u0432\u0438\u044f. \u0412 \u0442\u043e \u0436\u0435 \u0432\u0440\u0435\u043c\u044f \u043c\u044b \u043c\u043e\u0436\u0435\u043c \u043e\u0431\u0435\u0441\u043f\u0435\u0447\u0438\u0442\u044c \u043d\u0430\u0434\u0435\u0436\u043d\u0443\u044e, \u0431\u0435\u0437\u043e\u043f\u0430\u0441\u043d\u0443\u044e \u0438 \u0441\u0432\u043e\u0435\u0432\u0440\u0435\u043c\u0435\u043d\u043d\u0443\u044e \u0434\u043e\u0441\u0442\u0430\u0432\u043a\u0443, \u043f\u0440\u0435\u0434\u043e\u0441\u0442\u0430\u0432\u043b\u044f\u044f \u043b\u043e\u0433\u0438\u0441\u0442\u0438\u0447\u0435\u0441\u043a\u0438\u0435 \u0440\u0435\u0448\u0435\u043d\u0438\u044f \u0441 \u0443\u0441\u043b\u0443\u0433\u0430\u043c\u0438 \u0432\u043d\u0443\u0442\u0440\u0435\u043d\u043d\u0438\u0445 \u0438 \u043c\u0435\u0436\u0434\u0443\u043d\u0430\u0440\u043e\u0434\u043d\u044b\u0445 \u043f\u0435\u0440\u0435\u0432\u043e\u0437\u043e\u043a. \u0418\u043c\u0435\u044f \u043d\u0430\u0448 \u043e\u043f\u044b\u0442 \u0432 \u0442\u0440\u0430\u043d\u0441\u043f\u043e\u0440\u0442\u0438\u0440\u043e\u0432\u043a\u0435, \u043c\u044b \u0443\u0447\u0430\u0441\u0442\u0432\u0443\u0435\u043c \u0432 \u043a\u0430\u0436\u0434\u043e\u043c \u043f\u0440\u043e\u0446\u0435\u0441\u0441\u0435 \u043d\u0430\u0448\u0438\u0445 \u0444\u0435\u0440\u043c\u0435\u0440\u043e\u0432, \u043e\u0442 \u043f\u0440\u043e\u0438\u0437\u0432\u043e\u0434\u0441\u0442\u0432\u0430 \u0434\u043e \u043f\u0440\u043e\u0434\u0430\u0436. \u0422\u0430\u043a\u0438\u043c \u043e\u0431\u0440\u0430\u0437\u043e\u043c, \u043c\u044b \u0434\u0435\u043b\u0430\u0435\u043c \u043a\u043e\u043c\u043c\u0435\u0440\u0447\u0435\u0441\u043a\u0443\u044e \u0434\u0435\u044f\u0442\u0435\u043b\u044c\u043d\u043e\u0441\u0442\u044c \u043d\u0430\u0448\u0438\u0445 \u0444\u0435\u0440\u043c\u0435\u0440\u043e\u0432 \u0431\u043e\u043b\u0435\u0435 \u044d\u0444\u0444\u0435\u043a\u0442\u0438\u0432\u043d\u043e\u0439, \u043f\u0440\u043e\u0434\u0430\u0432\u0430\u044f \u0432\u0430\u0448\u0443 \u043f\u0440\u043e\u0434\u0443\u043a\u0446\u0438\u044e \u043d\u0430\u0438\u043b\u0443\u0447\u0448\u0438\u043c \u043e\u0431\u0440\u0430\u0437\u043e\u043c \u0438 \u0434\u043e\u0441\u0442\u0430\u0432\u043b\u044f\u044f \u0435\u0435 \u0432 \u0446\u0435\u043b\u0435\u0432\u044b\u0435 \u0442\u043e\u0447\u043a\u0438 \u0432 \u043a\u0440\u0430\u0442\u0447\u0430\u0439\u0448\u0438\u0435 \u0441\u0440\u043e\u043a\u0438. \u041d\u0430\u0448\u0430 \u043a\u043e\u043c\u043f\u0430\u043d\u0438\u044f \u043f\u0440\u043e\u0434\u043e\u043b\u0436\u0430\u0435\u0442 \u043e\u0441\u0442\u0430\u0432\u0430\u0442\u044c\u0441\u044f \u043d\u0430\u0434\u0435\u0436\u043d\u044b\u043c \u0438 \u0441\u0438\u043b\u044c\u043d\u044b\u043c \u0434\u0435\u043b\u043e\u0432\u044b\u043c \u043f\u0430\u0440\u0442\u043d\u0435\u0440\u043e\u043c \u0432 \u0441\u0435\u043b\u044c\u0441\u043a\u043e\u0445\u043e\u0437\u044f\u0439\u0441\u0442\u0432\u0435\u043d\u043d\u043e\u043c \u0441\u0435\u043a\u0442\u043e\u0440\u0435, \u043f\u0440\u0435\u0434\u043b\u0430\u0433\u0430\u044f \u043a\u043e\u043c\u043f\u043b\u0435\u043a\u0441\u043d\u044b\u0435 \u0443\u0441\u043b\u0443\u0433\u0438.  <\/p>\n<\/div>\n<\/div>\n<\/div>\n<\/div>\n[\/vc_column_text]\t<div class=\"et-image-73 et-image     et_image_link\">\n\t\t<div class=\"et-image-inner \">\n\t\t\t\t\t\t\t<div class=\"et-image-thumb \">\n\t\t\t\t\t<img loading=\"lazy\" decoding=\"async\" width=\"2560\" height=\"1440\" src=\"https:\/\/koraytarim.com\/wp-content\/uploads\/2024\/10\/kirim_makinalari-scaled.webp\" class=\"attachment-full\" alt=\"\" title=\"kirim_makinalari\" srcset=\"https:\/\/koraytarim.com\/wp-content\/uploads\/2024\/10\/kirim_makinalari-scaled.webp 2560w, https:\/\/koraytarim.com\/wp-content\/uploads\/2024\/10\/kirim_makinalari-scaled-600x338.webp 600w, https:\/\/koraytarim.com\/wp-content\/uploads\/2024\/10\/kirim_makinalari-scaled-900x506.webp 900w, https:\/\/koraytarim.com\/wp-content\/uploads\/2024\/10\/kirim_makinalari-300x169.webp 300w, https:\/\/koraytarim.com\/wp-content\/uploads\/2024\/10\/kirim_makinalari-1024x576.webp 1024w, https:\/\/koraytarim.com\/wp-content\/uploads\/2024\/10\/kirim_makinalari-768x432.webp 768w, https:\/\/koraytarim.com\/wp-content\/uploads\/2024\/10\/kirim_makinalari-1536x864.webp 1536w, https:\/\/koraytarim.com\/wp-content\/uploads\/2024\/10\/kirim_makinalari-2048x1152.webp 2048w, https:\/\/koraytarim.com\/wp-content\/uploads\/2024\/10\/kirim_makinalari-150x84.webp 150w\" sizes=\"auto, (max-width: 2560px) 100vw, 2560px\" \/>\t\t\t\t<\/div>\n\t\t\t\t\t\t\t\t\t\t\t<\/div>\n\t<\/div>\n  [\/vc_column][\/vc_row][vc_row][vc_column][\/vc_column][\/vc_row]\n<\/div>","protected":false},"excerpt":{"rendered":"<p>[vc_row][vc_column][vc_column_text css=\u00bb\u00bb] \u041f\u0440\u0435\u0434\u043b\u0430\u0433\u0430\u044f \u0443\u0441\u043b\u0443\u0433\u0438 \u043f\u043e \u043f\u0440\u043e\u0438\u0437\u0432\u043e\u0434\u0441\u0442\u0432\u0443 \u0441\u0438\u0442 \u0440\u0430\u0437\u043b\u0438\u0447\u043d\u043e\u0433\u043e \u0440\u0430\u0437\u043c\u0435\u0440\u0430 \u0441 \u043f\u043e\u043c\u043e\u0449\u044c\u044e \u043d\u0430\u0448\u0438\u0445 \u0434\u0440\u043e\u0431\u0438\u043b\u044c\u043d\u044b\u0445 \u043c\u0430\u0448\u0438\u043d, \u043c\u044b \u0441\u043f\u043e\u0441\u043e\u0431\u043d\u044b \u043f\u0440\u043e\u0438\u0437\u0432\u043e\u0434\u0438\u0442\u044c \u043a\u043e\u0440\u043c\u0430 \u043a\u0430\u043a \u0433\u0440\u0443\u0431\u043e\u0433\u043e, \u0442\u0430\u043a \u0438 \u043c\u0435\u043b\u043a\u043e\u0433\u043e \u043f\u043e\u043c\u043e\u043b\u0430. \u0414\u0430\u043d\u043d\u0430\u044f \u0443\u0441\u043b\u0443\u0433\u0430 \u043f\u043e\u0437\u0432\u043e\u043b\u044f\u0435\u0442 \u043d\u0430\u0448\u0438\u043c \u0444\u0435\u0440\u043c\u0435\u0440\u0430\u043c \u043f\u043e\u043b\u0443\u0447\u0430\u0442\u044c \u0443\u0441\u043b\u0443\u0433\u0438 \u043d\u0430\u0434\u043b\u0435\u0436\u0430\u0449\u0435\u0433\u043e \u043a\u0430\u0447\u0435\u0441\u0442\u0432\u0430, \u043e\u0434\u043d\u043e\u0432\u0440\u0435\u043c\u0435\u043d\u043d\u043e \u043f\u043e\u0432\u044b\u0448\u0430\u044f \u043a\u0430\u0447\u0435\u0441\u0442\u0432\u043e \u0443\u043f\u0440\u0430\u0432\u043b\u0435\u043d\u0438\u044f. \u0412 \u043f\u0440\u043e\u0438\u0437\u0432\u043e\u0434\u0441\u0442\u0432\u0435\u043d\u043d\u043e\u043c \u043f\u0440\u043e\u0446\u0435\u0441\u0441\u0435 \u043c\u044b \u0441\u043e\u0437\u0434\u0430\u0435\u043c \u0442\u0435\u0441\u043d\u043e\u0435 \u0441\u043e\u0442\u0440\u0443\u0434\u043d\u0438\u0447\u0435\u0441\u0442\u0432\u043e, \u043f\u0440\u0435\u0434\u043b\u0430\u0433\u0430\u044f \u0438\u043d\u0434\u0438\u0432\u0438\u0434\u0443\u0430\u043b\u044c\u043d\u044b\u0435 \u0440\u0435\u0448\u0435\u043d\u0438\u044f \u0432 \u0441\u043e\u043e\u0442\u0432\u0435\u0442\u0441\u0442\u0432\u0438\u0438 \u0441 [&hellip;]<\/p>\n","protected":false},"author":1,"featured_media":0,"parent":4649,"menu_order":3,"comment_status":"closed","ping_status":"closed","template":"","meta":{"footnotes":""},"class_list":["post-4656","page","type-page","status-publish","hentry"],"yoast_head":"<!-- This site is optimized with the Yoast SEO plugin v27.5 - https:\/\/yoast.com\/product\/yoast-seo-wordpress\/ -->\n<title>\u041a\u0440\u044b\u043c\u0441\u043a\u0438\u0435 \u043c\u0430\u0448\u0438\u043d\u044b - Koray Tar\u0131m \u00dcr\u00fcnleri<\/title>\n<meta name=\"robots\" content=\"index, follow, max-snippet:-1, max-image-preview:large, max-video-preview:-1\" \/>\n<link rel=\"canonical\" href=\"https:\/\/koraytarim.com\/hizmetlerimiz\/kirim-makinalari\/\" \/>\n<meta property=\"og:locale\" content=\"ru_RU\" \/>\n<meta property=\"og:type\" content=\"article\" \/>\n<meta property=\"og:title\" content=\"\u041a\u0440\u044b\u043c\u0441\u043a\u0438\u0435 \u043c\u0430\u0448\u0438\u043d\u044b - Koray Tar\u0131m \u00dcr\u00fcnleri\" \/>\n<meta property=\"og:description\" content=\"[vc_row][vc_column][vc_column_text css=\u00bb\u00bb] \u041f\u0440\u0435\u0434\u043b\u0430\u0433\u0430\u044f \u0443\u0441\u043b\u0443\u0433\u0438 \u043f\u043e \u043f\u0440\u043e\u0438\u0437\u0432\u043e\u0434\u0441\u0442\u0432\u0443 \u0441\u0438\u0442 \u0440\u0430\u0437\u043b\u0438\u0447\u043d\u043e\u0433\u043e \u0440\u0430\u0437\u043c\u0435\u0440\u0430 \u0441 \u043f\u043e\u043c\u043e\u0449\u044c\u044e \u043d\u0430\u0448\u0438\u0445 \u0434\u0440\u043e\u0431\u0438\u043b\u044c\u043d\u044b\u0445 \u043c\u0430\u0448\u0438\u043d, \u043c\u044b \u0441\u043f\u043e\u0441\u043e\u0431\u043d\u044b \u043f\u0440\u043e\u0438\u0437\u0432\u043e\u0434\u0438\u0442\u044c \u043a\u043e\u0440\u043c\u0430 \u043a\u0430\u043a \u0433\u0440\u0443\u0431\u043e\u0433\u043e, \u0442\u0430\u043a \u0438 \u043c\u0435\u043b\u043a\u043e\u0433\u043e \u043f\u043e\u043c\u043e\u043b\u0430. \u0414\u0430\u043d\u043d\u0430\u044f \u0443\u0441\u043b\u0443\u0433\u0430 \u043f\u043e\u0437\u0432\u043e\u043b\u044f\u0435\u0442 \u043d\u0430\u0448\u0438\u043c \u0444\u0435\u0440\u043c\u0435\u0440\u0430\u043c \u043f\u043e\u043b\u0443\u0447\u0430\u0442\u044c \u0443\u0441\u043b\u0443\u0433\u0438 \u043d\u0430\u0434\u043b\u0435\u0436\u0430\u0449\u0435\u0433\u043e \u043a\u0430\u0447\u0435\u0441\u0442\u0432\u0430, \u043e\u0434\u043d\u043e\u0432\u0440\u0435\u043c\u0435\u043d\u043d\u043e \u043f\u043e\u0432\u044b\u0448\u0430\u044f \u043a\u0430\u0447\u0435\u0441\u0442\u0432\u043e \u0443\u043f\u0440\u0430\u0432\u043b\u0435\u043d\u0438\u044f. \u0412 \u043f\u0440\u043e\u0438\u0437\u0432\u043e\u0434\u0441\u0442\u0432\u0435\u043d\u043d\u043e\u043c \u043f\u0440\u043e\u0446\u0435\u0441\u0441\u0435 \u043c\u044b \u0441\u043e\u0437\u0434\u0430\u0435\u043c \u0442\u0435\u0441\u043d\u043e\u0435 \u0441\u043e\u0442\u0440\u0443\u0434\u043d\u0438\u0447\u0435\u0441\u0442\u0432\u043e, \u043f\u0440\u0435\u0434\u043b\u0430\u0433\u0430\u044f \u0438\u043d\u0434\u0438\u0432\u0438\u0434\u0443\u0430\u043b\u044c\u043d\u044b\u0435 \u0440\u0435\u0448\u0435\u043d\u0438\u044f \u0432 \u0441\u043e\u043e\u0442\u0432\u0435\u0442\u0441\u0442\u0432\u0438\u0438 \u0441 [&hellip;]\" \/>\n<meta property=\"og:url\" content=\"https:\/\/koraytarim.com\/hizmetlerimiz\/kirim-makinalari\/\" \/>\n<meta property=\"og:site_name\" content=\"Koray Tar\u0131m \u00dcr\u00fcnleri\" \/>\n<meta name=\"twitter:card\" content=\"summary_large_image\" \/>\n<script type=\"application\/ld+json\" class=\"yoast-schema-graph\">{\"@context\":\"https:\\\/\\\/schema.org\",\"@graph\":[{\"@type\":\"WebPage\",\"@id\":\"https:\\\/\\\/koraytarim.com\\\/hizmetlerimiz\\\/kirim-makinalari\\\/\",\"url\":\"https:\\\/\\\/koraytarim.com\\\/hizmetlerimiz\\\/kirim-makinalari\\\/\",\"name\":\"\u041a\u0440\u044b\u043c\u0441\u043a\u0438\u0435 \u043c\u0430\u0448\u0438\u043d\u044b - Koray Tar\u0131m \u00dcr\u00fcnleri\",\"isPartOf\":{\"@id\":\"https:\\\/\\\/koraytarim.com\\\/#website\"},\"datePublished\":\"2024-10-02T07:43:44+00:00\",\"breadcrumb\":{\"@id\":\"https:\\\/\\\/koraytarim.com\\\/hizmetlerimiz\\\/kirim-makinalari\\\/#breadcrumb\"},\"inLanguage\":\"ru-RU\",\"potentialAction\":[{\"@type\":\"ReadAction\",\"target\":[\"https:\\\/\\\/koraytarim.com\\\/hizmetlerimiz\\\/kirim-makinalari\\\/\"]}]},{\"@type\":\"BreadcrumbList\",\"@id\":\"https:\\\/\\\/koraytarim.com\\\/hizmetlerimiz\\\/kirim-makinalari\\\/#breadcrumb\",\"itemListElement\":[{\"@type\":\"ListItem\",\"position\":1,\"name\":\"Anasayfa\",\"item\":\"https:\\\/\\\/koraytarim.com\\\/\"},{\"@type\":\"ListItem\",\"position\":2,\"name\":\"\u041d\u0430\u0448\u0438 \u0443\u0441\u043b\u0443\u0433\u0438\",\"item\":\"https:\\\/\\\/koraytarim.com\\\/hizmetlerimiz\\\/\"},{\"@type\":\"ListItem\",\"position\":3,\"name\":\"\u041a\u0440\u044b\u043c\u0441\u043a\u0438\u0435 \u043c\u0430\u0448\u0438\u043d\u044b\"}]},{\"@type\":\"WebSite\",\"@id\":\"https:\\\/\\\/koraytarim.com\\\/#website\",\"url\":\"https:\\\/\\\/koraytarim.com\\\/\",\"name\":\"Koray Tar\u0131m \u00dcr\u00fcnleri\",\"description\":\"\u00c7ift\u00e7imizin Elinde Bereket Topra\u011f\u0131m\u0131zda Gelecek\",\"potentialAction\":[{\"@type\":\"SearchAction\",\"target\":{\"@type\":\"EntryPoint\",\"urlTemplate\":\"https:\\\/\\\/koraytarim.com\\\/?s={search_term_string}\"},\"query-input\":{\"@type\":\"PropertyValueSpecification\",\"valueRequired\":true,\"valueName\":\"search_term_string\"}}],\"inLanguage\":\"ru-RU\"}]}<\/script>\n<!-- \/ Yoast SEO plugin. -->","yoast_head_json":{"title":"\u041a\u0440\u044b\u043c\u0441\u043a\u0438\u0435 \u043c\u0430\u0448\u0438\u043d\u044b - Koray Tar\u0131m \u00dcr\u00fcnleri","robots":{"index":"index","follow":"follow","max-snippet":"max-snippet:-1","max-image-preview":"max-image-preview:large","max-video-preview":"max-video-preview:-1"},"canonical":"https:\/\/koraytarim.com\/hizmetlerimiz\/kirim-makinalari\/","og_locale":"ru_RU","og_type":"article","og_title":"\u041a\u0440\u044b\u043c\u0441\u043a\u0438\u0435 \u043c\u0430\u0448\u0438\u043d\u044b - Koray Tar\u0131m \u00dcr\u00fcnleri","og_description":"[vc_row][vc_column][vc_column_text css=\u00bb\u00bb] \u041f\u0440\u0435\u0434\u043b\u0430\u0433\u0430\u044f \u0443\u0441\u043b\u0443\u0433\u0438 \u043f\u043e \u043f\u0440\u043e\u0438\u0437\u0432\u043e\u0434\u0441\u0442\u0432\u0443 \u0441\u0438\u0442 \u0440\u0430\u0437\u043b\u0438\u0447\u043d\u043e\u0433\u043e \u0440\u0430\u0437\u043c\u0435\u0440\u0430 \u0441 \u043f\u043e\u043c\u043e\u0449\u044c\u044e \u043d\u0430\u0448\u0438\u0445 \u0434\u0440\u043e\u0431\u0438\u043b\u044c\u043d\u044b\u0445 \u043c\u0430\u0448\u0438\u043d, \u043c\u044b \u0441\u043f\u043e\u0441\u043e\u0431\u043d\u044b \u043f\u0440\u043e\u0438\u0437\u0432\u043e\u0434\u0438\u0442\u044c \u043a\u043e\u0440\u043c\u0430 \u043a\u0430\u043a \u0433\u0440\u0443\u0431\u043e\u0433\u043e, \u0442\u0430\u043a \u0438 \u043c\u0435\u043b\u043a\u043e\u0433\u043e \u043f\u043e\u043c\u043e\u043b\u0430. \u0414\u0430\u043d\u043d\u0430\u044f \u0443\u0441\u043b\u0443\u0433\u0430 \u043f\u043e\u0437\u0432\u043e\u043b\u044f\u0435\u0442 \u043d\u0430\u0448\u0438\u043c \u0444\u0435\u0440\u043c\u0435\u0440\u0430\u043c \u043f\u043e\u043b\u0443\u0447\u0430\u0442\u044c \u0443\u0441\u043b\u0443\u0433\u0438 \u043d\u0430\u0434\u043b\u0435\u0436\u0430\u0449\u0435\u0433\u043e \u043a\u0430\u0447\u0435\u0441\u0442\u0432\u0430, \u043e\u0434\u043d\u043e\u0432\u0440\u0435\u043c\u0435\u043d\u043d\u043e \u043f\u043e\u0432\u044b\u0448\u0430\u044f \u043a\u0430\u0447\u0435\u0441\u0442\u0432\u043e \u0443\u043f\u0440\u0430\u0432\u043b\u0435\u043d\u0438\u044f. \u0412 \u043f\u0440\u043e\u0438\u0437\u0432\u043e\u0434\u0441\u0442\u0432\u0435\u043d\u043d\u043e\u043c \u043f\u0440\u043e\u0446\u0435\u0441\u0441\u0435 \u043c\u044b \u0441\u043e\u0437\u0434\u0430\u0435\u043c \u0442\u0435\u0441\u043d\u043e\u0435 \u0441\u043e\u0442\u0440\u0443\u0434\u043d\u0438\u0447\u0435\u0441\u0442\u0432\u043e, \u043f\u0440\u0435\u0434\u043b\u0430\u0433\u0430\u044f \u0438\u043d\u0434\u0438\u0432\u0438\u0434\u0443\u0430\u043b\u044c\u043d\u044b\u0435 \u0440\u0435\u0448\u0435\u043d\u0438\u044f \u0432 \u0441\u043e\u043e\u0442\u0432\u0435\u0442\u0441\u0442\u0432\u0438\u0438 \u0441 [&hellip;]","og_url":"https:\/\/koraytarim.com\/hizmetlerimiz\/kirim-makinalari\/","og_site_name":"Koray Tar\u0131m \u00dcr\u00fcnleri","twitter_card":"summary_large_image","schema":{"@context":"https:\/\/schema.org","@graph":[{"@type":"WebPage","@id":"https:\/\/koraytarim.com\/hizmetlerimiz\/kirim-makinalari\/","url":"https:\/\/koraytarim.com\/hizmetlerimiz\/kirim-makinalari\/","name":"\u041a\u0440\u044b\u043c\u0441\u043a\u0438\u0435 \u043c\u0430\u0448\u0438\u043d\u044b - Koray Tar\u0131m \u00dcr\u00fcnleri","isPartOf":{"@id":"https:\/\/koraytarim.com\/#website"},"datePublished":"2024-10-02T07:43:44+00:00","breadcrumb":{"@id":"https:\/\/koraytarim.com\/hizmetlerimiz\/kirim-makinalari\/#breadcrumb"},"inLanguage":"ru-RU","potentialAction":[{"@type":"ReadAction","target":["https:\/\/koraytarim.com\/hizmetlerimiz\/kirim-makinalari\/"]}]},{"@type":"BreadcrumbList","@id":"https:\/\/koraytarim.com\/hizmetlerimiz\/kirim-makinalari\/#breadcrumb","itemListElement":[{"@type":"ListItem","position":1,"name":"Anasayfa","item":"https:\/\/koraytarim.com\/"},{"@type":"ListItem","position":2,"name":"\u041d\u0430\u0448\u0438 \u0443\u0441\u043b\u0443\u0433\u0438","item":"https:\/\/koraytarim.com\/hizmetlerimiz\/"},{"@type":"ListItem","position":3,"name":"\u041a\u0440\u044b\u043c\u0441\u043a\u0438\u0435 \u043c\u0430\u0448\u0438\u043d\u044b"}]},{"@type":"WebSite","@id":"https:\/\/koraytarim.com\/#website","url":"https:\/\/koraytarim.com\/","name":"Koray Tar\u0131m \u00dcr\u00fcnleri","description":"\u00c7ift\u00e7imizin Elinde Bereket Topra\u011f\u0131m\u0131zda Gelecek","potentialAction":[{"@type":"SearchAction","target":{"@type":"EntryPoint","urlTemplate":"https:\/\/koraytarim.com\/?s={search_term_string}"},"query-input":{"@type":"PropertyValueSpecification","valueRequired":true,"valueName":"search_term_string"}}],"inLanguage":"ru-RU"}]}},"_links":{"self":[{"href":"https:\/\/koraytarim.com\/ru\/wp-json\/wp\/v2\/pages\/4656","targetHints":{"allow":["GET"]}}],"collection":[{"href":"https:\/\/koraytarim.com\/ru\/wp-json\/wp\/v2\/pages"}],"about":[{"href":"https:\/\/koraytarim.com\/ru\/wp-json\/wp\/v2\/types\/page"}],"author":[{"embeddable":true,"href":"https:\/\/koraytarim.com\/ru\/wp-json\/wp\/v2\/users\/1"}],"replies":[{"embeddable":true,"href":"https:\/\/koraytarim.com\/ru\/wp-json\/wp\/v2\/comments?post=4656"}],"version-history":[{"count":0,"href":"https:\/\/koraytarim.com\/ru\/wp-json\/wp\/v2\/pages\/4656\/revisions"}],"up":[{"embeddable":true,"href":"https:\/\/koraytarim.com\/ru\/wp-json\/wp\/v2\/pages\/4649"}],"wp:attachment":[{"href":"https:\/\/koraytarim.com\/ru\/wp-json\/wp\/v2\/media?parent=4656"}],"curies":[{"name":"wp","href":"https:\/\/api.w.org\/{rel}","templated":true}]}}