{"id":4658,"date":"2024-10-02T10:41:15","date_gmt":"2024-10-02T07:41:15","guid":{"rendered":"https:\/\/koraytarim.com\/%d0%bf%d1%80%d0%b8%d0%bc%d0%b5%d0%bd%d0%b5%d0%bd%d0%b8%d0%b5-%d1%81%d0%b5%d0%bb%d1%8c%d1%81%d0%ba%d0%be%d1%85%d0%be%d0%b7%d1%8f%d0%b9%d1%81%d1%82%d0%b2%d0%b5%d0%bd%d0%bd%d1%8b%d1%85-%d0%b4%d1%80%d0%be\/"},"modified":"2024-10-02T10:41:15","modified_gmt":"2024-10-02T07:41:15","slug":"%d0%bf%d1%80%d0%b8%d0%bc%d0%b5%d0%bd%d0%b5%d0%bd%d0%b8%d0%b5-%d1%81%d0%b5%d0%bb%d1%8c%d1%81%d0%ba%d0%be%d1%85%d0%be%d0%b7%d1%8f%d0%b9%d1%81%d1%82%d0%b2%d0%b5%d0%bd%d0%bd%d1%8b%d1%85-%d0%b4%d1%80%d0%be","status":"publish","type":"page","link":"https:\/\/koraytarim.com\/ru\/%d0%bf%d1%80%d0%b8%d0%bc%d0%b5%d0%bd%d0%b5%d0%bd%d0%b8%d0%b5-%d1%81%d0%b5%d0%bb%d1%8c%d1%81%d0%ba%d0%be%d1%85%d0%be%d0%b7%d1%8f%d0%b9%d1%81%d1%82%d0%b2%d0%b5%d0%bd%d0%bd%d1%8b%d1%85-%d0%b4%d1%80%d0%be\/","title":{"rendered":"\u041f\u0440\u0438\u043c\u0435\u043d\u0435\u043d\u0438\u0435 \u0441\u0435\u043b\u044c\u0441\u043a\u043e\u0445\u043e\u0437\u044f\u0439\u0441\u0442\u0432\u0435\u043d\u043d\u044b\u0445 \u0434\u0440\u043e\u043d\u043e\u0432"},"content":{"rendered":"<div class=\"wpb-content-wrapper\">[vc_row et_full_width=\u00bbtrue\u00bb et_row_padding=\u00bbtrue\u00bb et_column_align=\u00bbalign-center\u00bb full_height=\u00bbyes\u00bb content_placement=\u00bbmiddle\u00bb video_bg=\u00bbyes\u00bb video_bg_url=\u00bbhttps:\/\/www.youtube.com\/watch?v=G8gjm2HALEM\u00bb][vc_column][vc_empty_space][vc_row_inner et_column_align=\u00bbalign-center\u00bb content_placement=\u00bbmiddle\u00bb][vc_column_inner et_column_color=\u00bbet-light-column\u00bb width=\u00bb1\/2\u2033 animation=\u00bbanimation bottom-to-top\u00bb][vc_custom_heading text=\u00bb\u041d\u0410\u0428\u0418 \u041f\u0420\u0418\u041c\u0415\u041d\u0415\u041d\u0418\u042f \u0414\u041b\u042f \u0421\u0415\u041b\u042c\u0421\u041a\u041e\u0425\u041e\u0417\u042f\u0419\u0421\u0422\u0412\u0415\u041d\u041d\u042b\u0425 \u0414\u0420\u041e\u041d\u041e\u0412\u00bb font_container=\u00bbtag:h1|font_size:74|text_align:center|color:%23FFFFFF\u00bb use_theme_fonts=\u00bbyes\u00bb css_animation=\u00bbslideInUp\u00bb css=\u00bb\u00bb][vc_empty_space][\/vc_column_inner][\/vc_row_inner][\/vc_column][\/vc_row][vc_row][vc_column][vc_empty_space height=\u00bb55px\u00bb][\/vc_column][\/vc_row][vc_row][vc_column width=\u00bb1\/2\u2033][vc_empty_space][vc_custom_heading source=\u00bbpost_title\u00bb font_container=\u00bbtag:h1|text_align:left\u00bb use_theme_fonts=\u00bbyes\u00bb css=\u00bb\u00bb][vc_column_text css=\u00bb\u00bb]\u0421\u0435\u043b\u044c\u0441\u043a\u043e\u0445\u043e\u0437\u044f\u0439\u0441\u0442\u0432\u0435\u043d\u043d\u044b\u0435 \u0434\u0440\u043e\u043d\u044b \u2014 \u044d\u0442\u043e \u0438\u043d\u0441\u0442\u0440\u0443\u043c\u0435\u043d\u0442\u044b, \u043a\u043e\u0442\u043e\u0440\u044b\u0435 \u043f\u0440\u0435\u0434\u043b\u0430\u0433\u0430\u044e\u0442 \u0440\u0435\u0432\u043e\u043b\u044e\u0446\u0438\u043e\u043d\u043d\u044b\u0435 \u0438\u043d\u043d\u043e\u0432\u0430\u0446\u0438\u0438 \u0432 \u0441\u0435\u043b\u044c\u0441\u043a\u043e\u0445\u043e\u0437\u044f\u0439\u0441\u0442\u0432\u0435\u043d\u043d\u043e\u043c \u0441\u0435\u043a\u0442\u043e\u0440\u0435.<br \/> \u0415\u0441\u0442\u044c \u043c\u043d\u043e\u0433\u043e \u043f\u0440\u0438\u0447\u0438\u043d, \u043f\u043e \u043a\u043e\u0442\u043e\u0440\u044b\u043c \u0444\u0435\u0440\u043c\u0435\u0440\u044b \u0432\u044b\u0431\u0438\u0440\u0430\u044e\u0442 \u044d\u0442\u0443 \u0442\u0435\u0445\u043d\u043e\u043b\u043e\u0433\u0438\u044e:<\/p>\n<p>1. \u042d\u043a\u043e\u043d\u043e\u043c\u0438\u044f \u0432\u0440\u0435\u043c\u0435\u043d\u0438 \u0438 \u0442\u0440\u0443\u0434\u0430. \u0421\u0435\u043b\u044c\u0441\u043a\u043e\u0445\u043e\u0437\u044f\u0439\u0441\u0442\u0432\u0435\u043d\u043d\u044b\u0435 \u0434\u0440\u043e\u043d\u044b \u043f\u043e\u0437\u0432\u043e\u043b\u044f\u044e\u0442 \u0437\u0430 \u043a\u043e\u0440\u043e\u0442\u043a\u043e\u0435 \u0432\u0440\u0435\u043c\u044f \u0441\u043a\u0430\u043d\u0438\u0440\u043e\u0432\u0430\u0442\u044c \u0431\u043e\u043b\u044c\u0448\u0438\u0435 \u0441\u0435\u043b\u044c\u0441\u043a\u043e\u0445\u043e\u0437\u044f\u0439\u0441\u0442\u0432\u0435\u043d\u043d\u044b\u0435 \u043f\u043b\u043e\u0449\u0430\u0434\u0438 \u0438 \u0431\u044b\u0441\u0442\u0440\u043e \u0432\u044b\u043f\u043e\u043b\u043d\u044f\u0442\u044c \u0442\u0430\u043a\u0438\u0435 \u043e\u043f\u0435\u0440\u0430\u0446\u0438\u0438, \u043a\u0430\u043a \u043e\u043f\u0440\u044b\u0441\u043a\u0438\u0432\u0430\u043d\u0438\u0435. \u042d\u0442\u043e \u0442\u0440\u0435\u0431\u0443\u0435\u0442 \u0433\u043e\u0440\u0430\u0437\u0434\u043e \u043c\u0435\u043d\u044c\u0448\u0435 \u0442\u0440\u0443\u0434\u0430, \u0447\u0435\u043c \u0442\u0440\u0430\u0434\u0438\u0446\u0438\u043e\u043d\u043d\u044b\u0435 \u043c\u0435\u0442\u043e\u0434\u044b. <br \/>  2. Do\u011fru \u0130la\u00e7lama ve G\u00fcbreleme: Dronlar, tar\u0131m alanlar\u0131n\u0131n belirli b\u00f6lgelerine odaklanarak ila\u00e7lama ve g\u00fcbreleme i\u015flemlerini \u00e7ok daha hassas yapabilir. Bu, ila\u00e7 ve g\u00fcbre kullan\u0131m\u0131nda tasarruf sa\u011flar, bitkilerin daha sa\u011fl\u0131kl\u0131 b\u00fcy\u00fcmesine katk\u0131da bulunur.  <br \/>  3. \u00c7evre Dostu: Dronlar, yaln\u0131zca ihtiya\u00e7 duyulan b\u00f6lgelerde i\u015flem yaparak \u00e7evreye verilen zarar\u0131 azalt\u0131r. Daha az kimyasal kullan\u0131m\u0131n\u0131 destekler ve su kaynaklar\u0131n\u0131n korunmas\u0131na yard\u0131mc\u0131 olur.  <br \/>  4. Veri Analizi: Geli\u015fmi\u015f sens\u00f6rler ve g\u00f6r\u00fcnt\u00fcleme teknolojileri sayesinde dronlar, \u00e7ift\u00e7ilere detayl\u0131 veri sa\u011flar. Bu veriler, daha bilin\u00e7li ve stratejik kararlar almay\u0131 kolayla\u015ft\u0131r\u0131r, tar\u0131msal \u00fcretim s\u00fcre\u00e7lerini optimize eder.  <br \/>  5. Eri\u015filebilirlik: Engebeli veya ula\u015f\u0131lmas\u0131 zor arazilerde bile zirai dronlar rahatl\u0131kla \u00e7al\u0131\u015fabilir. Bu da her t\u00fcrl\u00fc arazi ko\u015fulunda etkili bir \u00e7\u00f6z\u00fcm sunar. Bu teknolojiyi kullanarak, tar\u0131m operasyonlar\u0131n\u0131z\u0131n verimlili\u011fini art\u0131rabilir, maliyetlerinizi d\u00fc\u015f\u00fcrebilir ve \u00e7evresel etkileri en aza indirebilirsiniz   [\/vc_column_text][vc_empty_space][\/vc_column][vc_column width=\u00bb1\/2\u2033][vc_raw_html css=\u00bb\u00bb]JTVCRWxpdGVfdmlkZW9fcGxheWVyJTIwaWQlM0QlMjIxJTIyJTVE[\/vc_raw_html][vc_empty_space]\t\t<div id=\"et-button-69fb7da7029a2\" class=\"et_btn_align_full animation left-to-right\">\n\t\t\t<a href=\"https:\/\/wa.me\/905418281731?text=Zirai%20Drone%20Hizmetleriniz%20Hakk\u0131nda%20Bilgi%20Almak%20\u0130stiyorum.\" class=\" et_btn button et_btn_md solid color-accent button-shadow arrow-enabled \"  role=\"button\" title=\"Drone Hizmetlerimizden Yararlan\u0131n\" ><span>\u0412\u043e\u0441\u043f\u043e\u043b\u044c\u0437\u0443\u0439\u0442\u0435\u0441\u044c \u043d\u0430\u0448\u0438\u043c\u0438 \u0443\u0441\u043b\u0443\u0433\u0430\u043c\u0438 \u0434\u0440\u043e\u043d\u043e\u0432<\/span><svg xmlns=\"http:\/\/www.w3.org\/2000\/svg\" xmlns:xlink=\"http:\/\/www.w3.org\/1999\/xlink\" x=\"0px\" y=\"0px\"\r\n\t width=\"30px\" height=\"18px\" viewBox=\"0 0 30 18\" enable-background=\"new 0 0 30 18\" xml:space=\"preserve\">\r\n<path class=\"handle\" d=\"M20.305,16.212c-0.407,0.409-0.407,1.071,0,1.479s1.068,0.408,1.476,0l7.914-7.952c0.408-0.409,0.408-1.071,0-1.481\r\n\tl-7.914-7.952c-0.407-0.409-1.068-0.409-1.476,0s-0.407,1.071,0,1.48l7.185,7.221L20.305,16.212z\"\/>\r\n<path class=\"bar\" fill-rule=\"evenodd\" clip-rule=\"evenodd\" d=\"M1,8h28.001c0.551,0,1,0.448,1,1c0,0.553-0.449,1-1,1H1c-0.553,0-1-0.447-1-1\r\n\tC0,8.448,0.447,8,1,8z\"\/>\r\n<\/svg>\r\n<\/a>\n\t\t<\/div>\n\t\t\n\t[\/vc_column][\/vc_row][vc_row][vc_column][vc_row_inner][vc_column_inner][vc_column_text css=\u00bb\u00bb]\n<h4>\u041d\u0410\u0417\u041d\u0410\u0427\u0418\u0422\u042c\u0421\u042f<\/h4>\n[\/vc_column_text][\/vc_column_inner][\/vc_row_inner][\/vc_column][\/vc_row][vc_row][vc_column][vc_row_inner][vc_column_inner][vc_raw_html css=\u00bb\u00bb]JTVCbGF0ZXBvaW50X2Jvb2tfZm9ybSUyMHNlbGVjdGVkX2FnZW50JTNEJTIyMSUyMiUyMGhpZGVfc2lkZV9wYW5lbCUzRCUyMnllcyUyMiU1RCUwQQ==[\/vc_raw_html][\/vc_column_inner][\/vc_row_inner][\/vc_column][\/vc_row][vc_row][vc_column width=\u00bb2\/3\u2033][vc_row_inner][vc_column_inner][\/vc_column_inner][\/vc_row_inner][\/vc_column][vc_column width=\u00bb1\/3\u2033][\/vc_column][\/vc_row][vc_row et_full_width=\u00bbtrue\u00bb et_row_padding=\u00bbtrue\u00bb][vc_column][vc_empty_space][vc_separator color=\u00bbcustom\u00bb css=\u00bb.vc_custom_1727291496860{margin-bottom: 0px !important;}\u00bb accent_color=\u00bb#0B4F8A\u00bb][\/vc_column][\/vc_row]\n<\/div>","protected":false},"excerpt":{"rendered":"<p>[vc_row et_full_width=\u00bbtrue\u00bb et_row_padding=\u00bbtrue\u00bb et_column_align=\u00bbalign-center\u00bb full_height=\u00bbyes\u00bb content_placement=\u00bbmiddle\u00bb video_bg=\u00bbyes\u00bb video_bg_url=\u00bbhttps:\/\/www.youtube.com\/watch?v=G8gjm2HALEM\u00bb][vc_column][vc_empty_space][vc_row_inner et_column_align=\u00bbalign-center\u00bb content_placement=\u00bbmiddle\u00bb][vc_column_inner et_column_color=\u00bbet-light-column\u00bb width=\u00bb1\/2\u2033 animation=\u00bbanimation bottom-to-top\u00bb][vc_custom_heading text=\u00bb\u041d\u0410\u0428\u0418 \u041f\u0420\u0418\u041c\u0415\u041d\u0415\u041d\u0418\u042f \u0414\u041b\u042f \u0421\u0415\u041b\u042c\u0421\u041a\u041e\u0425\u041e\u0417\u042f\u0419\u0421\u0422\u0412\u0415\u041d\u041d\u042b\u0425 \u0414\u0420\u041e\u041d\u041e\u0412\u00bb font_container=\u00bbtag:h1|font_size:74|text_align:center|color:%23FFFFFF\u00bb use_theme_fonts=\u00bbyes\u00bb css_animation=\u00bbslideInUp\u00bb css=\u00bb\u00bb][vc_empty_space][\/vc_column_inner][\/vc_row_inner][\/vc_column][\/vc_row][vc_row][vc_column][vc_empty_space height=\u00bb55px\u00bb][\/vc_column][\/vc_row][vc_row][vc_column width=\u00bb1\/2\u2033][vc_empty_space][vc_custom_heading source=\u00bbpost_title\u00bb font_container=\u00bbtag:h1|text_align:left\u00bb use_theme_fonts=\u00bbyes\u00bb css=\u00bb\u00bb][vc_column_text css=\u00bb\u00bb]\u0421\u0435\u043b\u044c\u0441\u043a\u043e\u0445\u043e\u0437\u044f\u0439\u0441\u0442\u0432\u0435\u043d\u043d\u044b\u0435 \u0434\u0440\u043e\u043d\u044b \u2014 \u044d\u0442\u043e \u0438\u043d\u0441\u0442\u0440\u0443\u043c\u0435\u043d\u0442\u044b, \u043a\u043e\u0442\u043e\u0440\u044b\u0435 \u043f\u0440\u0435\u0434\u043b\u0430\u0433\u0430\u044e\u0442 \u0440\u0435\u0432\u043e\u043b\u044e\u0446\u0438\u043e\u043d\u043d\u044b\u0435 \u0438\u043d\u043d\u043e\u0432\u0430\u0446\u0438\u0438 \u0432 \u0441\u0435\u043b\u044c\u0441\u043a\u043e\u0445\u043e\u0437\u044f\u0439\u0441\u0442\u0432\u0435\u043d\u043d\u043e\u043c \u0441\u0435\u043a\u0442\u043e\u0440\u0435. \u0415\u0441\u0442\u044c \u043c\u043d\u043e\u0433\u043e \u043f\u0440\u0438\u0447\u0438\u043d, \u043f\u043e \u043a\u043e\u0442\u043e\u0440\u044b\u043c \u0444\u0435\u0440\u043c\u0435\u0440\u044b \u0432\u044b\u0431\u0438\u0440\u0430\u044e\u0442 \u044d\u0442\u0443 \u0442\u0435\u0445\u043d\u043e\u043b\u043e\u0433\u0438\u044e: [&hellip;]<\/p>\n","protected":false},"author":1,"featured_media":0,"parent":0,"menu_order":2,"comment_status":"closed","ping_status":"closed","template":"","meta":{"footnotes":""},"class_list":["post-4658","page","type-page","status-publish","hentry"],"yoast_head":"<!-- This site is optimized with the Yoast SEO plugin v27.5 - https:\/\/yoast.com\/product\/yoast-seo-wordpress\/ -->\n<title>\u041f\u0440\u0438\u043c\u0435\u043d\u0435\u043d\u0438\u0435 \u0441\u0435\u043b\u044c\u0441\u043a\u043e\u0445\u043e\u0437\u044f\u0439\u0441\u0442\u0432\u0435\u043d\u043d\u044b\u0445 \u0434\u0440\u043e\u043d\u043e\u0432 - Koray Tar\u0131m \u00dcr\u00fcnleri<\/title>\n<meta name=\"robots\" content=\"index, follow, max-snippet:-1, max-image-preview:large, max-video-preview:-1\" \/>\n<link rel=\"canonical\" href=\"https:\/\/koraytarim.com\/zirai-drone-uygulamalari\/\" \/>\n<meta property=\"og:locale\" content=\"ru_RU\" \/>\n<meta property=\"og:type\" content=\"article\" \/>\n<meta property=\"og:title\" content=\"\u041f\u0440\u0438\u043c\u0435\u043d\u0435\u043d\u0438\u0435 \u0441\u0435\u043b\u044c\u0441\u043a\u043e\u0445\u043e\u0437\u044f\u0439\u0441\u0442\u0432\u0435\u043d\u043d\u044b\u0445 \u0434\u0440\u043e\u043d\u043e\u0432 - Koray Tar\u0131m \u00dcr\u00fcnleri\" \/>\n<meta property=\"og:description\" content=\"[vc_row et_full_width=\u00bbtrue\u00bb et_row_padding=\u00bbtrue\u00bb et_column_align=\u00bbalign-center\u00bb full_height=\u00bbyes\u00bb content_placement=\u00bbmiddle\u00bb video_bg=\u00bbyes\u00bb video_bg_url=\u00bbhttps:\/\/www.youtube.com\/watch?v=G8gjm2HALEM\u00bb][vc_column][vc_empty_space][vc_row_inner et_column_align=\u00bbalign-center\u00bb content_placement=\u00bbmiddle\u00bb][vc_column_inner et_column_color=\u00bbet-light-column\u00bb width=\u00bb1\/2\u2033 animation=\u00bbanimation bottom-to-top\u00bb][vc_custom_heading text=\u00bb\u041d\u0410\u0428\u0418 \u041f\u0420\u0418\u041c\u0415\u041d\u0415\u041d\u0418\u042f \u0414\u041b\u042f \u0421\u0415\u041b\u042c\u0421\u041a\u041e\u0425\u041e\u0417\u042f\u0419\u0421\u0422\u0412\u0415\u041d\u041d\u042b\u0425 \u0414\u0420\u041e\u041d\u041e\u0412\u00bb font_container=\u00bbtag:h1|font_size:74|text_align:center|color:%23FFFFFF\u00bb use_theme_fonts=\u00bbyes\u00bb css_animation=\u00bbslideInUp\u00bb css=\u00bb\u00bb][vc_empty_space][\/vc_column_inner][\/vc_row_inner][\/vc_column][\/vc_row][vc_row][vc_column][vc_empty_space height=\u00bb55px\u00bb][\/vc_column][\/vc_row][vc_row][vc_column width=\u00bb1\/2\u2033][vc_empty_space][vc_custom_heading source=\u00bbpost_title\u00bb font_container=\u00bbtag:h1|text_align:left\u00bb use_theme_fonts=\u00bbyes\u00bb css=\u00bb\u00bb][vc_column_text css=\u00bb\u00bb]\u0421\u0435\u043b\u044c\u0441\u043a\u043e\u0445\u043e\u0437\u044f\u0439\u0441\u0442\u0432\u0435\u043d\u043d\u044b\u0435 \u0434\u0440\u043e\u043d\u044b \u2014 \u044d\u0442\u043e \u0438\u043d\u0441\u0442\u0440\u0443\u043c\u0435\u043d\u0442\u044b, \u043a\u043e\u0442\u043e\u0440\u044b\u0435 \u043f\u0440\u0435\u0434\u043b\u0430\u0433\u0430\u044e\u0442 \u0440\u0435\u0432\u043e\u043b\u044e\u0446\u0438\u043e\u043d\u043d\u044b\u0435 \u0438\u043d\u043d\u043e\u0432\u0430\u0446\u0438\u0438 \u0432 \u0441\u0435\u043b\u044c\u0441\u043a\u043e\u0445\u043e\u0437\u044f\u0439\u0441\u0442\u0432\u0435\u043d\u043d\u043e\u043c \u0441\u0435\u043a\u0442\u043e\u0440\u0435. \u0415\u0441\u0442\u044c \u043c\u043d\u043e\u0433\u043e \u043f\u0440\u0438\u0447\u0438\u043d, \u043f\u043e \u043a\u043e\u0442\u043e\u0440\u044b\u043c \u0444\u0435\u0440\u043c\u0435\u0440\u044b \u0432\u044b\u0431\u0438\u0440\u0430\u044e\u0442 \u044d\u0442\u0443 \u0442\u0435\u0445\u043d\u043e\u043b\u043e\u0433\u0438\u044e: [&hellip;]\" \/>\n<meta property=\"og:url\" content=\"https:\/\/koraytarim.com\/zirai-drone-uygulamalari\/\" \/>\n<meta property=\"og:site_name\" content=\"Koray Tar\u0131m \u00dcr\u00fcnleri\" \/>\n<meta name=\"twitter:card\" content=\"summary_large_image\" \/>\n<meta name=\"twitter:label1\" content=\"\u041f\u0440\u0438\u043c\u0435\u0440\u043d\u043e\u0435 \u0432\u0440\u0435\u043c\u044f \u0434\u043b\u044f \u0447\u0442\u0435\u043d\u0438\u044f\" \/>\n\t<meta name=\"twitter:data1\" content=\"3 \u043c\u0438\u043d\u0443\u0442\u044b\" \/>\n<script type=\"application\/ld+json\" class=\"yoast-schema-graph\">{\"@context\":\"https:\\\/\\\/schema.org\",\"@graph\":[{\"@type\":\"WebPage\",\"@id\":\"https:\\\/\\\/koraytarim.com\\\/zirai-drone-uygulamalari\\\/\",\"url\":\"https:\\\/\\\/koraytarim.com\\\/zirai-drone-uygulamalari\\\/\",\"name\":\"\u041f\u0440\u0438\u043c\u0435\u043d\u0435\u043d\u0438\u0435 \u0441\u0435\u043b\u044c\u0441\u043a\u043e\u0445\u043e\u0437\u044f\u0439\u0441\u0442\u0432\u0435\u043d\u043d\u044b\u0445 \u0434\u0440\u043e\u043d\u043e\u0432 - Koray Tar\u0131m \u00dcr\u00fcnleri\",\"isPartOf\":{\"@id\":\"https:\\\/\\\/koraytarim.com\\\/#website\"},\"datePublished\":\"2024-10-02T07:41:15+00:00\",\"breadcrumb\":{\"@id\":\"https:\\\/\\\/koraytarim.com\\\/zirai-drone-uygulamalari\\\/#breadcrumb\"},\"inLanguage\":\"ru-RU\",\"potentialAction\":[{\"@type\":\"ReadAction\",\"target\":[\"https:\\\/\\\/koraytarim.com\\\/zirai-drone-uygulamalari\\\/\"]}]},{\"@type\":\"BreadcrumbList\",\"@id\":\"https:\\\/\\\/koraytarim.com\\\/zirai-drone-uygulamalari\\\/#breadcrumb\",\"itemListElement\":[{\"@type\":\"ListItem\",\"position\":1,\"name\":\"Anasayfa\",\"item\":\"https:\\\/\\\/koraytarim.com\\\/\"},{\"@type\":\"ListItem\",\"position\":2,\"name\":\"\u041f\u0440\u0438\u043c\u0435\u043d\u0435\u043d\u0438\u0435 \u0441\u0435\u043b\u044c\u0441\u043a\u043e\u0445\u043e\u0437\u044f\u0439\u0441\u0442\u0432\u0435\u043d\u043d\u044b\u0445 \u0434\u0440\u043e\u043d\u043e\u0432\"}]},{\"@type\":\"WebSite\",\"@id\":\"https:\\\/\\\/koraytarim.com\\\/#website\",\"url\":\"https:\\\/\\\/koraytarim.com\\\/\",\"name\":\"Koray Tar\u0131m \u00dcr\u00fcnleri\",\"description\":\"\u00c7ift\u00e7imizin Elinde Bereket Topra\u011f\u0131m\u0131zda Gelecek\",\"potentialAction\":[{\"@type\":\"SearchAction\",\"target\":{\"@type\":\"EntryPoint\",\"urlTemplate\":\"https:\\\/\\\/koraytarim.com\\\/?s={search_term_string}\"},\"query-input\":{\"@type\":\"PropertyValueSpecification\",\"valueRequired\":true,\"valueName\":\"search_term_string\"}}],\"inLanguage\":\"ru-RU\"}]}<\/script>\n<!-- \/ Yoast SEO plugin. -->","yoast_head_json":{"title":"\u041f\u0440\u0438\u043c\u0435\u043d\u0435\u043d\u0438\u0435 \u0441\u0435\u043b\u044c\u0441\u043a\u043e\u0445\u043e\u0437\u044f\u0439\u0441\u0442\u0432\u0435\u043d\u043d\u044b\u0445 \u0434\u0440\u043e\u043d\u043e\u0432 - Koray Tar\u0131m \u00dcr\u00fcnleri","robots":{"index":"index","follow":"follow","max-snippet":"max-snippet:-1","max-image-preview":"max-image-preview:large","max-video-preview":"max-video-preview:-1"},"canonical":"https:\/\/koraytarim.com\/zirai-drone-uygulamalari\/","og_locale":"ru_RU","og_type":"article","og_title":"\u041f\u0440\u0438\u043c\u0435\u043d\u0435\u043d\u0438\u0435 \u0441\u0435\u043b\u044c\u0441\u043a\u043e\u0445\u043e\u0437\u044f\u0439\u0441\u0442\u0432\u0435\u043d\u043d\u044b\u0445 \u0434\u0440\u043e\u043d\u043e\u0432 - Koray Tar\u0131m \u00dcr\u00fcnleri","og_description":"[vc_row et_full_width=\u00bbtrue\u00bb et_row_padding=\u00bbtrue\u00bb et_column_align=\u00bbalign-center\u00bb full_height=\u00bbyes\u00bb content_placement=\u00bbmiddle\u00bb video_bg=\u00bbyes\u00bb video_bg_url=\u00bbhttps:\/\/www.youtube.com\/watch?v=G8gjm2HALEM\u00bb][vc_column][vc_empty_space][vc_row_inner et_column_align=\u00bbalign-center\u00bb content_placement=\u00bbmiddle\u00bb][vc_column_inner et_column_color=\u00bbet-light-column\u00bb width=\u00bb1\/2\u2033 animation=\u00bbanimation bottom-to-top\u00bb][vc_custom_heading text=\u00bb\u041d\u0410\u0428\u0418 \u041f\u0420\u0418\u041c\u0415\u041d\u0415\u041d\u0418\u042f \u0414\u041b\u042f \u0421\u0415\u041b\u042c\u0421\u041a\u041e\u0425\u041e\u0417\u042f\u0419\u0421\u0422\u0412\u0415\u041d\u041d\u042b\u0425 \u0414\u0420\u041e\u041d\u041e\u0412\u00bb font_container=\u00bbtag:h1|font_size:74|text_align:center|color:%23FFFFFF\u00bb use_theme_fonts=\u00bbyes\u00bb css_animation=\u00bbslideInUp\u00bb css=\u00bb\u00bb][vc_empty_space][\/vc_column_inner][\/vc_row_inner][\/vc_column][\/vc_row][vc_row][vc_column][vc_empty_space height=\u00bb55px\u00bb][\/vc_column][\/vc_row][vc_row][vc_column width=\u00bb1\/2\u2033][vc_empty_space][vc_custom_heading source=\u00bbpost_title\u00bb font_container=\u00bbtag:h1|text_align:left\u00bb use_theme_fonts=\u00bbyes\u00bb css=\u00bb\u00bb][vc_column_text css=\u00bb\u00bb]\u0421\u0435\u043b\u044c\u0441\u043a\u043e\u0445\u043e\u0437\u044f\u0439\u0441\u0442\u0432\u0435\u043d\u043d\u044b\u0435 \u0434\u0440\u043e\u043d\u044b \u2014 \u044d\u0442\u043e \u0438\u043d\u0441\u0442\u0440\u0443\u043c\u0435\u043d\u0442\u044b, \u043a\u043e\u0442\u043e\u0440\u044b\u0435 \u043f\u0440\u0435\u0434\u043b\u0430\u0433\u0430\u044e\u0442 \u0440\u0435\u0432\u043e\u043b\u044e\u0446\u0438\u043e\u043d\u043d\u044b\u0435 \u0438\u043d\u043d\u043e\u0432\u0430\u0446\u0438\u0438 \u0432 \u0441\u0435\u043b\u044c\u0441\u043a\u043e\u0445\u043e\u0437\u044f\u0439\u0441\u0442\u0432\u0435\u043d\u043d\u043e\u043c \u0441\u0435\u043a\u0442\u043e\u0440\u0435. \u0415\u0441\u0442\u044c \u043c\u043d\u043e\u0433\u043e \u043f\u0440\u0438\u0447\u0438\u043d, \u043f\u043e \u043a\u043e\u0442\u043e\u0440\u044b\u043c \u0444\u0435\u0440\u043c\u0435\u0440\u044b \u0432\u044b\u0431\u0438\u0440\u0430\u044e\u0442 \u044d\u0442\u0443 \u0442\u0435\u0445\u043d\u043e\u043b\u043e\u0433\u0438\u044e: [&hellip;]","og_url":"https:\/\/koraytarim.com\/zirai-drone-uygulamalari\/","og_site_name":"Koray Tar\u0131m \u00dcr\u00fcnleri","twitter_card":"summary_large_image","twitter_misc":{"\u041f\u0440\u0438\u043c\u0435\u0440\u043d\u043e\u0435 \u0432\u0440\u0435\u043c\u044f \u0434\u043b\u044f \u0447\u0442\u0435\u043d\u0438\u044f":"3 \u043c\u0438\u043d\u0443\u0442\u044b"},"schema":{"@context":"https:\/\/schema.org","@graph":[{"@type":"WebPage","@id":"https:\/\/koraytarim.com\/zirai-drone-uygulamalari\/","url":"https:\/\/koraytarim.com\/zirai-drone-uygulamalari\/","name":"\u041f\u0440\u0438\u043c\u0435\u043d\u0435\u043d\u0438\u0435 \u0441\u0435\u043b\u044c\u0441\u043a\u043e\u0445\u043e\u0437\u044f\u0439\u0441\u0442\u0432\u0435\u043d\u043d\u044b\u0445 \u0434\u0440\u043e\u043d\u043e\u0432 - Koray Tar\u0131m \u00dcr\u00fcnleri","isPartOf":{"@id":"https:\/\/koraytarim.com\/#website"},"datePublished":"2024-10-02T07:41:15+00:00","breadcrumb":{"@id":"https:\/\/koraytarim.com\/zirai-drone-uygulamalari\/#breadcrumb"},"inLanguage":"ru-RU","potentialAction":[{"@type":"ReadAction","target":["https:\/\/koraytarim.com\/zirai-drone-uygulamalari\/"]}]},{"@type":"BreadcrumbList","@id":"https:\/\/koraytarim.com\/zirai-drone-uygulamalari\/#breadcrumb","itemListElement":[{"@type":"ListItem","position":1,"name":"Anasayfa","item":"https:\/\/koraytarim.com\/"},{"@type":"ListItem","position":2,"name":"\u041f\u0440\u0438\u043c\u0435\u043d\u0435\u043d\u0438\u0435 \u0441\u0435\u043b\u044c\u0441\u043a\u043e\u0445\u043e\u0437\u044f\u0439\u0441\u0442\u0432\u0435\u043d\u043d\u044b\u0445 \u0434\u0440\u043e\u043d\u043e\u0432"}]},{"@type":"WebSite","@id":"https:\/\/koraytarim.com\/#website","url":"https:\/\/koraytarim.com\/","name":"Koray Tar\u0131m \u00dcr\u00fcnleri","description":"\u00c7ift\u00e7imizin Elinde Bereket Topra\u011f\u0131m\u0131zda Gelecek","potentialAction":[{"@type":"SearchAction","target":{"@type":"EntryPoint","urlTemplate":"https:\/\/koraytarim.com\/?s={search_term_string}"},"query-input":{"@type":"PropertyValueSpecification","valueRequired":true,"valueName":"search_term_string"}}],"inLanguage":"ru-RU"}]}},"_links":{"self":[{"href":"https:\/\/koraytarim.com\/ru\/wp-json\/wp\/v2\/pages\/4658","targetHints":{"allow":["GET"]}}],"collection":[{"href":"https:\/\/koraytarim.com\/ru\/wp-json\/wp\/v2\/pages"}],"about":[{"href":"https:\/\/koraytarim.com\/ru\/wp-json\/wp\/v2\/types\/page"}],"author":[{"embeddable":true,"href":"https:\/\/koraytarim.com\/ru\/wp-json\/wp\/v2\/users\/1"}],"replies":[{"embeddable":true,"href":"https:\/\/koraytarim.com\/ru\/wp-json\/wp\/v2\/comments?post=4658"}],"version-history":[{"count":0,"href":"https:\/\/koraytarim.com\/ru\/wp-json\/wp\/v2\/pages\/4658\/revisions"}],"wp:attachment":[{"href":"https:\/\/koraytarim.com\/ru\/wp-json\/wp\/v2\/media?parent=4658"}],"curies":[{"name":"wp","href":"https:\/\/api.w.org\/{rel}","templated":true}]}}