{"id":4663,"date":"2024-10-02T10:48:42","date_gmt":"2024-10-02T07:48:42","guid":{"rendered":"https:\/\/koraytarim.com\/%d1%81%d0%bc%d0%b8\/%d0%b2%d0%b8%d0%b4%d0%b5%d0%be\/"},"modified":"2024-10-02T10:48:42","modified_gmt":"2024-10-02T07:48:42","slug":"%d0%b2%d0%b8%d0%b4%d0%b5%d0%be","status":"publish","type":"page","link":"https:\/\/koraytarim.com\/ru\/%d1%81%d0%bc%d0%b8\/%d0%b2%d0%b8%d0%b4%d0%b5%d0%be\/","title":{"rendered":"\u0412\u0438\u0434\u0435\u043e"},"content":{"rendered":"<div class=\"wpb-content-wrapper\">[vc_row][vc_column][vc_row_inner][vc_column_inner][vc_custom_heading source=\u00bbpost_title\u00bb use_theme_fonts=\u00bbyes\u00bb css=\u00bb\u00bb][\/vc_column_inner][\/vc_row_inner][\/vc_column][\/vc_row][vc_row][vc_column][vc_row_inner][vc_column_inner width=\u00bb1\/2\u2033][vc_empty_space][vc_raw_html css=\u00bb\u00bb]JTVCRWxpdGVfdmlkZW9fcGxheWVyJTIwaWQlM0QlMjIyJTIyJTVE[\/vc_raw_html][vc_empty_space][\/vc_column_inner][vc_column_inner width=\u00bb1\/2\u2033][vc_empty_space][vc_raw_html css=\u00bb\u00bb]JTVCRWxpdGVfdmlkZW9fcGxheWVyJTIwaWQlM0QlMjIzJTIyJTVE[\/vc_raw_html][vc_empty_space][\/vc_column_inner][\/vc_row_inner][\/vc_column][\/vc_row][vc_row][vc_column][vc_empty_space height=\u00bb72px\u00bb][\/vc_column][\/vc_row][vc_row][vc_column width=\u00bb1\/4\u2033][vc_separator color=\u00bbcustom\u00bb css=\u00bb\u00bb accent_color=\u00bb#B9A16B\u00bb][vc_empty_space][\/vc_column][vc_column width=\u00bb1\/2\u2033][vc_single_image image=\u00bb3662\u2033 img_size=\u00bbmedium\u00bb alignment=\u00bbcenter\u00bb css=\u00bb\u00bb][\/vc_column][vc_column width=\u00bb1\/4\u2033][vc_empty_space][vc_separator color=\u00bbcustom\u00bb css=\u00bb\u00bb accent_color=\u00bb#B9A16B\u00bb][\/vc_column][\/vc_row][vc_row][vc_column][vc_empty_space][vc_row_inner][vc_column_inner][vc_column_text css=\u00bb\u00bb]\n<p style=\"text-align: center;\">\u042d\u0442\u043e \u0441\u0435\u043b\u044c\u0441\u043a\u043e\u0445\u043e\u0437\u044f\u0439\u0441\u0442\u0432\u0435\u043d\u043d\u0430\u044f \u043a\u043e\u043c\u043f\u0430\u043d\u0438\u044f, \u043a\u043e\u0442\u043e\u0440\u0430\u044f \u0441\u0442\u0440\u0435\u043c\u0438\u0442\u0441\u044f \u043d\u0430\u0438\u043b\u0443\u0447\u0448\u0438\u043c \u043e\u0431\u0440\u0430\u0437\u043e\u043c \u0443\u0434\u043e\u0432\u043b\u0435\u0442\u0432\u043e\u0440\u0438\u0442\u044c \u043f\u043e\u0442\u0440\u0435\u0431\u043d\u043e\u0441\u0442\u0438 \u0441\u0432\u043e\u0438\u0445 \u043a\u043b\u0438\u0435\u043d\u0442\u043e\u0432 \u0431\u043b\u0430\u0433\u043e\u0434\u0430\u0440\u044f \u0441\u0432\u043e\u0435\u043c\u0443 \u043e\u043f\u044b\u0442\u043d\u043e\u043c\u0443 \u043f\u0435\u0440\u0441\u043e\u043d\u0430\u043b\u0443 \u0438 \u043e\u043f\u044b\u0442\u0443 \u0432 \u044d\u0442\u043e\u043c \u0441\u0435\u043a\u0442\u043e\u0440\u0435. \u0417\u0430 \u043a\u043e\u0440\u043e\u0442\u043a\u043e\u0435 \u0432\u0440\u0435\u043c\u044f \u043e\u043d \u0441\u0442\u0430\u043b \u043d\u0430\u0434\u0435\u0436\u043d\u044b\u043c \u0431\u0440\u0435\u043d\u0434\u043e\u043c \u0431\u043b\u0430\u0433\u043e\u0434\u0430\u0440\u044f \u0442\u043e\u043c\u0443 \u0437\u043d\u0430\u0447\u0435\u043d\u0438\u044e, \u043a\u043e\u0442\u043e\u0440\u043e\u0435 \u043e\u043d \u043f\u0440\u0438\u0434\u0430\u0435\u0442 \u043a\u0430\u0447\u0435\u0441\u0442\u0432\u0443, \u0438 \u043f\u043e\u0434\u0445\u043e\u0434\u0443, \u043e\u0440\u0438\u0435\u043d\u0442\u0438\u0440\u043e\u0432\u0430\u043d\u043d\u043e\u043c\u0443 \u043d\u0430 \u0443\u0434\u043e\u0432\u043b\u0435\u0442\u0432\u043e\u0440\u0435\u043d\u0438\u0435 \u043f\u043e\u0442\u0440\u0435\u0431\u043d\u043e\u0441\u0442\u0435\u0439 \u043a\u043b\u0438\u0435\u043d\u0442\u043e\u0432. \u041d\u0430\u0448\u0430 \u0433\u043b\u0430\u0432\u043d\u0430\u044f \u0446\u0435\u043b\u044c \u2014 \u043e\u0442\u0432\u0435\u0447\u0430\u0442\u044c \u0442\u0440\u0435\u0431\u043e\u0432\u0430\u043d\u0438\u044f\u043c \u043d\u0430\u0448\u0438\u0445 \u043a\u043b\u0438\u0435\u043d\u0442\u043e\u0432 \u0438 \u043e\u0431\u0435\u0441\u043f\u0435\u0447\u0438\u0432\u0430\u0442\u044c \u0443\u0441\u0442\u043e\u0439\u0447\u0438\u0432\u044b\u0439 \u0443\u0441\u043f\u0435\u0445 \u043d\u0430\u0448\u0435\u0433\u043e \u0431\u0438\u0437\u043d\u0435\u0441\u0430, \u043f\u0440\u0435\u0434\u043e\u0441\u0442\u0430\u0432\u043b\u044f\u044f \u043d\u0430\u0448\u0438\u043c \u043a\u043b\u0438\u0435\u043d\u0442\u0430\u043c \u043f\u0440\u043e\u0434\u0443\u043a\u0446\u0438\u044e \u0438 \u0443\u0441\u043b\u0443\u0433\u0438 \u0432\u044b\u0441\u043e\u0447\u0430\u0439\u0448\u0435\u0433\u043e \u043a\u0430\u0447\u0435\u0441\u0442\u0432\u0430.  <\/p>\n[\/vc_column_text][\/vc_column_inner][\/vc_row_inner][\/vc_column][\/vc_row]\n<\/div>","protected":false},"excerpt":{"rendered":"<p>[vc_row][vc_column][vc_row_inner][vc_column_inner][vc_custom_heading source=\u00bbpost_title\u00bb use_theme_fonts=\u00bbyes\u00bb css=\u00bb\u00bb][\/vc_column_inner][\/vc_row_inner][\/vc_column][\/vc_row][vc_row][vc_column][vc_row_inner][vc_column_inner width=\u00bb1\/2\u2033][vc_empty_space][vc_raw_html css=\u00bb\u00bb]JTVCRWxpdGVfdmlkZW9fcGxheWVyJTIwaWQlM0QlMjIyJTIyJTVE[\/vc_raw_html][vc_empty_space][\/vc_column_inner][vc_column_inner width=\u00bb1\/2\u2033][vc_empty_space][vc_raw_html css=\u00bb\u00bb]JTVCRWxpdGVfdmlkZW9fcGxheWVyJTIwaWQlM0QlMjIzJTIyJTVE[\/vc_raw_html][vc_empty_space][\/vc_column_inner][\/vc_row_inner][\/vc_column][\/vc_row][vc_row][vc_column][vc_empty_space height=\u00bb72px\u00bb][\/vc_column][\/vc_row][vc_row][vc_column width=\u00bb1\/4\u2033][vc_separator color=\u00bbcustom\u00bb css=\u00bb\u00bb accent_color=\u00bb#B9A16B\u00bb][vc_empty_space][\/vc_column][vc_column width=\u00bb1\/2\u2033][vc_single_image image=\u00bb3662\u2033 img_size=\u00bbmedium\u00bb alignment=\u00bbcenter\u00bb css=\u00bb\u00bb][\/vc_column][vc_column width=\u00bb1\/4\u2033][vc_empty_space][vc_separator color=\u00bbcustom\u00bb css=\u00bb\u00bb accent_color=\u00bb#B9A16B\u00bb][\/vc_column][\/vc_row][vc_row][vc_column][vc_empty_space][vc_row_inner][vc_column_inner][vc_column_text css=\u00bb\u00bb] \u042d\u0442\u043e \u0441\u0435\u043b\u044c\u0441\u043a\u043e\u0445\u043e\u0437\u044f\u0439\u0441\u0442\u0432\u0435\u043d\u043d\u0430\u044f \u043a\u043e\u043c\u043f\u0430\u043d\u0438\u044f, \u043a\u043e\u0442\u043e\u0440\u0430\u044f \u0441\u0442\u0440\u0435\u043c\u0438\u0442\u0441\u044f \u043d\u0430\u0438\u043b\u0443\u0447\u0448\u0438\u043c \u043e\u0431\u0440\u0430\u0437\u043e\u043c \u0443\u0434\u043e\u0432\u043b\u0435\u0442\u0432\u043e\u0440\u0438\u0442\u044c \u043f\u043e\u0442\u0440\u0435\u0431\u043d\u043e\u0441\u0442\u0438 \u0441\u0432\u043e\u0438\u0445 \u043a\u043b\u0438\u0435\u043d\u0442\u043e\u0432 \u0431\u043b\u0430\u0433\u043e\u0434\u0430\u0440\u044f \u0441\u0432\u043e\u0435\u043c\u0443 \u043e\u043f\u044b\u0442\u043d\u043e\u043c\u0443 \u043f\u0435\u0440\u0441\u043e\u043d\u0430\u043b\u0443 \u0438 \u043e\u043f\u044b\u0442\u0443 \u0432 \u044d\u0442\u043e\u043c \u0441\u0435\u043a\u0442\u043e\u0440\u0435. \u0417\u0430 \u043a\u043e\u0440\u043e\u0442\u043a\u043e\u0435 \u0432\u0440\u0435\u043c\u044f \u043e\u043d \u0441\u0442\u0430\u043b \u043d\u0430\u0434\u0435\u0436\u043d\u044b\u043c \u0431\u0440\u0435\u043d\u0434\u043e\u043c [&hellip;]<\/p>\n","protected":false},"author":1,"featured_media":0,"parent":4661,"menu_order":2,"comment_status":"closed","ping_status":"closed","template":"","meta":{"footnotes":""},"class_list":["post-4663","page","type-page","status-publish","hentry"],"yoast_head":"<!-- This site is optimized with the Yoast SEO plugin v27.5 - https:\/\/yoast.com\/product\/yoast-seo-wordpress\/ -->\n<title>\u0412\u0438\u0434\u0435\u043e - Koray Tar\u0131m \u00dcr\u00fcnleri<\/title>\n<meta name=\"robots\" content=\"index, follow, max-snippet:-1, max-image-preview:large, max-video-preview:-1\" \/>\n<link rel=\"canonical\" href=\"https:\/\/koraytarim.com\/medya\/videolar\/\" \/>\n<meta property=\"og:locale\" content=\"ru_RU\" \/>\n<meta property=\"og:type\" content=\"article\" \/>\n<meta property=\"og:title\" content=\"\u0412\u0438\u0434\u0435\u043e - Koray Tar\u0131m \u00dcr\u00fcnleri\" \/>\n<meta property=\"og:description\" content=\"[vc_row][vc_column][vc_row_inner][vc_column_inner][vc_custom_heading source=\u00bbpost_title\u00bb use_theme_fonts=\u00bbyes\u00bb css=\u00bb\u00bb][\/vc_column_inner][\/vc_row_inner][\/vc_column][\/vc_row][vc_row][vc_column][vc_row_inner][vc_column_inner width=\u00bb1\/2\u2033][vc_empty_space][vc_raw_html css=\u00bb\u00bb]JTVCRWxpdGVfdmlkZW9fcGxheWVyJTIwaWQlM0QlMjIyJTIyJTVE[\/vc_raw_html][vc_empty_space][\/vc_column_inner][vc_column_inner width=\u00bb1\/2\u2033][vc_empty_space][vc_raw_html css=\u00bb\u00bb]JTVCRWxpdGVfdmlkZW9fcGxheWVyJTIwaWQlM0QlMjIzJTIyJTVE[\/vc_raw_html][vc_empty_space][\/vc_column_inner][\/vc_row_inner][\/vc_column][\/vc_row][vc_row][vc_column][vc_empty_space height=\u00bb72px\u00bb][\/vc_column][\/vc_row][vc_row][vc_column width=\u00bb1\/4\u2033][vc_separator color=\u00bbcustom\u00bb css=\u00bb\u00bb accent_color=\u00bb#B9A16B\u00bb][vc_empty_space][\/vc_column][vc_column width=\u00bb1\/2\u2033][vc_single_image image=\u00bb3662\u2033 img_size=\u00bbmedium\u00bb alignment=\u00bbcenter\u00bb css=\u00bb\u00bb][\/vc_column][vc_column width=\u00bb1\/4\u2033][vc_empty_space][vc_separator color=\u00bbcustom\u00bb css=\u00bb\u00bb accent_color=\u00bb#B9A16B\u00bb][\/vc_column][\/vc_row][vc_row][vc_column][vc_empty_space][vc_row_inner][vc_column_inner][vc_column_text css=\u00bb\u00bb] \u042d\u0442\u043e \u0441\u0435\u043b\u044c\u0441\u043a\u043e\u0445\u043e\u0437\u044f\u0439\u0441\u0442\u0432\u0435\u043d\u043d\u0430\u044f \u043a\u043e\u043c\u043f\u0430\u043d\u0438\u044f, \u043a\u043e\u0442\u043e\u0440\u0430\u044f \u0441\u0442\u0440\u0435\u043c\u0438\u0442\u0441\u044f \u043d\u0430\u0438\u043b\u0443\u0447\u0448\u0438\u043c \u043e\u0431\u0440\u0430\u0437\u043e\u043c \u0443\u0434\u043e\u0432\u043b\u0435\u0442\u0432\u043e\u0440\u0438\u0442\u044c \u043f\u043e\u0442\u0440\u0435\u0431\u043d\u043e\u0441\u0442\u0438 \u0441\u0432\u043e\u0438\u0445 \u043a\u043b\u0438\u0435\u043d\u0442\u043e\u0432 \u0431\u043b\u0430\u0433\u043e\u0434\u0430\u0440\u044f \u0441\u0432\u043e\u0435\u043c\u0443 \u043e\u043f\u044b\u0442\u043d\u043e\u043c\u0443 \u043f\u0435\u0440\u0441\u043e\u043d\u0430\u043b\u0443 \u0438 \u043e\u043f\u044b\u0442\u0443 \u0432 \u044d\u0442\u043e\u043c \u0441\u0435\u043a\u0442\u043e\u0440\u0435. \u0417\u0430 \u043a\u043e\u0440\u043e\u0442\u043a\u043e\u0435 \u0432\u0440\u0435\u043c\u044f \u043e\u043d \u0441\u0442\u0430\u043b \u043d\u0430\u0434\u0435\u0436\u043d\u044b\u043c \u0431\u0440\u0435\u043d\u0434\u043e\u043c [&hellip;]\" \/>\n<meta property=\"og:url\" content=\"https:\/\/koraytarim.com\/medya\/videolar\/\" \/>\n<meta property=\"og:site_name\" content=\"Koray Tar\u0131m \u00dcr\u00fcnleri\" \/>\n<meta name=\"twitter:card\" content=\"summary_large_image\" \/>\n<meta name=\"twitter:label1\" content=\"\u041f\u0440\u0438\u043c\u0435\u0440\u043d\u043e\u0435 \u0432\u0440\u0435\u043c\u044f \u0434\u043b\u044f \u0447\u0442\u0435\u043d\u0438\u044f\" \/>\n\t<meta name=\"twitter:data1\" content=\"1 \u043c\u0438\u043d\u0443\u0442\u0430\" \/>\n<script type=\"application\/ld+json\" class=\"yoast-schema-graph\">{\"@context\":\"https:\\\/\\\/schema.org\",\"@graph\":[{\"@type\":\"WebPage\",\"@id\":\"https:\\\/\\\/koraytarim.com\\\/medya\\\/videolar\\\/\",\"url\":\"https:\\\/\\\/koraytarim.com\\\/medya\\\/videolar\\\/\",\"name\":\"\u0412\u0438\u0434\u0435\u043e - Koray Tar\u0131m \u00dcr\u00fcnleri\",\"isPartOf\":{\"@id\":\"https:\\\/\\\/koraytarim.com\\\/#website\"},\"datePublished\":\"2024-10-02T07:48:42+00:00\",\"breadcrumb\":{\"@id\":\"https:\\\/\\\/koraytarim.com\\\/medya\\\/videolar\\\/#breadcrumb\"},\"inLanguage\":\"ru-RU\",\"potentialAction\":[{\"@type\":\"ReadAction\",\"target\":[\"https:\\\/\\\/koraytarim.com\\\/medya\\\/videolar\\\/\"]}]},{\"@type\":\"BreadcrumbList\",\"@id\":\"https:\\\/\\\/koraytarim.com\\\/medya\\\/videolar\\\/#breadcrumb\",\"itemListElement\":[{\"@type\":\"ListItem\",\"position\":1,\"name\":\"Anasayfa\",\"item\":\"https:\\\/\\\/koraytarim.com\\\/\"},{\"@type\":\"ListItem\",\"position\":2,\"name\":\"\u0421\u041c\u0418\",\"item\":\"https:\\\/\\\/koraytarim.com\\\/medya\\\/\"},{\"@type\":\"ListItem\",\"position\":3,\"name\":\"\u0412\u0438\u0434\u0435\u043e\"}]},{\"@type\":\"WebSite\",\"@id\":\"https:\\\/\\\/koraytarim.com\\\/#website\",\"url\":\"https:\\\/\\\/koraytarim.com\\\/\",\"name\":\"Koray Tar\u0131m \u00dcr\u00fcnleri\",\"description\":\"\u00c7ift\u00e7imizin Elinde Bereket Topra\u011f\u0131m\u0131zda Gelecek\",\"potentialAction\":[{\"@type\":\"SearchAction\",\"target\":{\"@type\":\"EntryPoint\",\"urlTemplate\":\"https:\\\/\\\/koraytarim.com\\\/?s={search_term_string}\"},\"query-input\":{\"@type\":\"PropertyValueSpecification\",\"valueRequired\":true,\"valueName\":\"search_term_string\"}}],\"inLanguage\":\"ru-RU\"}]}<\/script>\n<!-- \/ Yoast SEO plugin. -->","yoast_head_json":{"title":"\u0412\u0438\u0434\u0435\u043e - Koray Tar\u0131m \u00dcr\u00fcnleri","robots":{"index":"index","follow":"follow","max-snippet":"max-snippet:-1","max-image-preview":"max-image-preview:large","max-video-preview":"max-video-preview:-1"},"canonical":"https:\/\/koraytarim.com\/medya\/videolar\/","og_locale":"ru_RU","og_type":"article","og_title":"\u0412\u0438\u0434\u0435\u043e - Koray Tar\u0131m \u00dcr\u00fcnleri","og_description":"[vc_row][vc_column][vc_row_inner][vc_column_inner][vc_custom_heading source=\u00bbpost_title\u00bb use_theme_fonts=\u00bbyes\u00bb css=\u00bb\u00bb][\/vc_column_inner][\/vc_row_inner][\/vc_column][\/vc_row][vc_row][vc_column][vc_row_inner][vc_column_inner width=\u00bb1\/2\u2033][vc_empty_space][vc_raw_html css=\u00bb\u00bb]JTVCRWxpdGVfdmlkZW9fcGxheWVyJTIwaWQlM0QlMjIyJTIyJTVE[\/vc_raw_html][vc_empty_space][\/vc_column_inner][vc_column_inner width=\u00bb1\/2\u2033][vc_empty_space][vc_raw_html css=\u00bb\u00bb]JTVCRWxpdGVfdmlkZW9fcGxheWVyJTIwaWQlM0QlMjIzJTIyJTVE[\/vc_raw_html][vc_empty_space][\/vc_column_inner][\/vc_row_inner][\/vc_column][\/vc_row][vc_row][vc_column][vc_empty_space height=\u00bb72px\u00bb][\/vc_column][\/vc_row][vc_row][vc_column width=\u00bb1\/4\u2033][vc_separator color=\u00bbcustom\u00bb css=\u00bb\u00bb accent_color=\u00bb#B9A16B\u00bb][vc_empty_space][\/vc_column][vc_column width=\u00bb1\/2\u2033][vc_single_image image=\u00bb3662\u2033 img_size=\u00bbmedium\u00bb alignment=\u00bbcenter\u00bb css=\u00bb\u00bb][\/vc_column][vc_column width=\u00bb1\/4\u2033][vc_empty_space][vc_separator color=\u00bbcustom\u00bb css=\u00bb\u00bb accent_color=\u00bb#B9A16B\u00bb][\/vc_column][\/vc_row][vc_row][vc_column][vc_empty_space][vc_row_inner][vc_column_inner][vc_column_text css=\u00bb\u00bb] \u042d\u0442\u043e \u0441\u0435\u043b\u044c\u0441\u043a\u043e\u0445\u043e\u0437\u044f\u0439\u0441\u0442\u0432\u0435\u043d\u043d\u0430\u044f \u043a\u043e\u043c\u043f\u0430\u043d\u0438\u044f, \u043a\u043e\u0442\u043e\u0440\u0430\u044f \u0441\u0442\u0440\u0435\u043c\u0438\u0442\u0441\u044f \u043d\u0430\u0438\u043b\u0443\u0447\u0448\u0438\u043c \u043e\u0431\u0440\u0430\u0437\u043e\u043c \u0443\u0434\u043e\u0432\u043b\u0435\u0442\u0432\u043e\u0440\u0438\u0442\u044c \u043f\u043e\u0442\u0440\u0435\u0431\u043d\u043e\u0441\u0442\u0438 \u0441\u0432\u043e\u0438\u0445 \u043a\u043b\u0438\u0435\u043d\u0442\u043e\u0432 \u0431\u043b\u0430\u0433\u043e\u0434\u0430\u0440\u044f \u0441\u0432\u043e\u0435\u043c\u0443 \u043e\u043f\u044b\u0442\u043d\u043e\u043c\u0443 \u043f\u0435\u0440\u0441\u043e\u043d\u0430\u043b\u0443 \u0438 \u043e\u043f\u044b\u0442\u0443 \u0432 \u044d\u0442\u043e\u043c \u0441\u0435\u043a\u0442\u043e\u0440\u0435. \u0417\u0430 \u043a\u043e\u0440\u043e\u0442\u043a\u043e\u0435 \u0432\u0440\u0435\u043c\u044f \u043e\u043d \u0441\u0442\u0430\u043b \u043d\u0430\u0434\u0435\u0436\u043d\u044b\u043c \u0431\u0440\u0435\u043d\u0434\u043e\u043c [&hellip;]","og_url":"https:\/\/koraytarim.com\/medya\/videolar\/","og_site_name":"Koray Tar\u0131m \u00dcr\u00fcnleri","twitter_card":"summary_large_image","twitter_misc":{"\u041f\u0440\u0438\u043c\u0435\u0440\u043d\u043e\u0435 \u0432\u0440\u0435\u043c\u044f \u0434\u043b\u044f \u0447\u0442\u0435\u043d\u0438\u044f":"1 \u043c\u0438\u043d\u0443\u0442\u0430"},"schema":{"@context":"https:\/\/schema.org","@graph":[{"@type":"WebPage","@id":"https:\/\/koraytarim.com\/medya\/videolar\/","url":"https:\/\/koraytarim.com\/medya\/videolar\/","name":"\u0412\u0438\u0434\u0435\u043e - Koray Tar\u0131m \u00dcr\u00fcnleri","isPartOf":{"@id":"https:\/\/koraytarim.com\/#website"},"datePublished":"2024-10-02T07:48:42+00:00","breadcrumb":{"@id":"https:\/\/koraytarim.com\/medya\/videolar\/#breadcrumb"},"inLanguage":"ru-RU","potentialAction":[{"@type":"ReadAction","target":["https:\/\/koraytarim.com\/medya\/videolar\/"]}]},{"@type":"BreadcrumbList","@id":"https:\/\/koraytarim.com\/medya\/videolar\/#breadcrumb","itemListElement":[{"@type":"ListItem","position":1,"name":"Anasayfa","item":"https:\/\/koraytarim.com\/"},{"@type":"ListItem","position":2,"name":"\u0421\u041c\u0418","item":"https:\/\/koraytarim.com\/medya\/"},{"@type":"ListItem","position":3,"name":"\u0412\u0438\u0434\u0435\u043e"}]},{"@type":"WebSite","@id":"https:\/\/koraytarim.com\/#website","url":"https:\/\/koraytarim.com\/","name":"Koray Tar\u0131m \u00dcr\u00fcnleri","description":"\u00c7ift\u00e7imizin Elinde Bereket Topra\u011f\u0131m\u0131zda Gelecek","potentialAction":[{"@type":"SearchAction","target":{"@type":"EntryPoint","urlTemplate":"https:\/\/koraytarim.com\/?s={search_term_string}"},"query-input":{"@type":"PropertyValueSpecification","valueRequired":true,"valueName":"search_term_string"}}],"inLanguage":"ru-RU"}]}},"_links":{"self":[{"href":"https:\/\/koraytarim.com\/ru\/wp-json\/wp\/v2\/pages\/4663","targetHints":{"allow":["GET"]}}],"collection":[{"href":"https:\/\/koraytarim.com\/ru\/wp-json\/wp\/v2\/pages"}],"about":[{"href":"https:\/\/koraytarim.com\/ru\/wp-json\/wp\/v2\/types\/page"}],"author":[{"embeddable":true,"href":"https:\/\/koraytarim.com\/ru\/wp-json\/wp\/v2\/users\/1"}],"replies":[{"embeddable":true,"href":"https:\/\/koraytarim.com\/ru\/wp-json\/wp\/v2\/comments?post=4663"}],"version-history":[{"count":0,"href":"https:\/\/koraytarim.com\/ru\/wp-json\/wp\/v2\/pages\/4663\/revisions"}],"up":[{"embeddable":true,"href":"https:\/\/koraytarim.com\/ru\/wp-json\/wp\/v2\/pages\/4661"}],"wp:attachment":[{"href":"https:\/\/koraytarim.com\/ru\/wp-json\/wp\/v2\/media?parent=4663"}],"curies":[{"name":"wp","href":"https:\/\/api.w.org\/{rel}","templated":true}]}}